{"id":579,"date":"2021-02-06T17:19:56","date_gmt":"2021-02-06T16:19:56","guid":{"rendered":"https:\/\/www.anaromanature.com\/index.php\/producto\/bruma-black-edition-50-ml-poinsettia\/"},"modified":"2025-01-10T16:58:12","modified_gmt":"2025-01-10T15:58:12","slug":"bruma-black-edition-50-ml-poinsettia","status":"publish","type":"product","link":"https:\/\/www.anaromanature.com\/index.php\/producto\/bruma-black-edition-50-ml-poinsettia\/","title":{"rendered":"Bruma POINSETTIA Black Edition 50ml"},"content":{"rendered":"<p>Bruma Poinsettia Black Edition 50ml<\/p>\n<p>Las brumas de ambiente de Boles d&#8217;olor est\u00e1n especialmente formuladas para usarse con los Brumizadores de ambiente de la marca.<\/p>\n<p>Se trata de aceites semi hidrosolubles que se mezclan con el agua y desprenden todo su aroma.<\/p>\n<p>Vierte la cantidad deseada en el dep\u00f3sito del aparato y ponlo a funcionar, en breve, sentir\u00e1s como las part\u00edculas olfativas llenar\u00e1n todo el espacio.<\/p>\n<p>Las brumas pueden usarse de forma individual o mezclarse hasta encontrar tu aroma deseado.<\/p>\n<p>Siempre es aconsejable tener m\u00e1s de un aroma en casa para que nuestro sentido del olfato no se acostumbre al olor que habitualmente usamos y pensemos que no huele como siempre.<\/p>\n<p>Esto producir\u00eda un efecto negativo y ser\u00eda un gasto innecesario de bruma, por lo tanto de dinero.<\/p>\n<p>Cantidad de Bruma por modelo de Brumizador:<\/p>\n<ul>\n<li>Brumizador Essencials 400 ml: hasta 6 ml (dependiendo de la intensidad de la bruma).<\/li>\n<li>Brumizador Essencials 600 ml: hasta 9 ml (dependiendo de la intensidad de la bruma).<\/li>\n<li>Brumizador EASY: hasta 3 ml (dependiendo de la intensidad de la bruma).<\/li>\n<li>Brumizador Padma: hasta 2 ml (dependiendo de la intensidad de la bruma).<\/li>\n<\/ul>\n<p>Estas cantidades son orientativas para el p\u00fablico en general, pero recuerda que depende del tama\u00f1o donde est\u00e9 colocado y el aroma, necesitar\u00e1s adaptar estas cantidades.<\/p>\n<p>Bruma Poinsettia Black Edition 50ml<\/p>\n<p>Perfuma tu hogar con\u00a0<a href=\"https:\/\/www.anaromanature.com\/\">Anaroma Nature<\/a><\/p>\n<p><a href=\"mailto:%20info@anaromanature.com\">Cons\u00faltanos\u00a0<\/a>lo que necesites saber o aclarar.<\/p>\n<p>S\u00edguenos en <a href=\"https:\/\/www.instagram.com\/anaromanature\/\">Instagram<\/a>.<\/p>\n","protected":false},"excerpt":{"rendered":"<p>Contenido: 50 ml.<\/p>\n<ul>\n<li>\n<h4>Fresco<\/h4>\n<\/li>\n<\/ul>\n<p>La fragancia de la Poinsettia deslumbra con sus notas. Elegancia y hogar c\u00e1lido en tus noches de invierno.<\/p>\n<p><strong>Notas de fragancia<\/strong><\/p>\n<ul>\n<li><strong>Salida:\u00a0<\/strong>Jazm\u00edn de Sambac y Tuberosa.<\/li>\n<li><strong>Coraz\u00f3n:\u00a0<\/strong>Notas frescas de Almendra, Caf\u00e9 y madera de Cedro.<\/li>\n<li><strong>Fondo:\u00a0<\/strong>Haba Tonka, Cacao, Vainilla y Chocolate.<\/li>\n<\/ul>\n<p>&nbsp;<\/p>\n<p>Lee abajo las recomendaciones de uso.<\/p>\n","protected":false},"featured_media":921,"comment_status":"open","ping_status":"closed","template":"","meta":{"_joinchat":[]},"product_brand":[],"product_cat":[26,105,106],"product_tag":[42,109,104,43],"class_list":{"0":"post-579","1":"product","2":"type-product","3":"status-publish","4":"has-post-thumbnail","6":"product_cat-boles-dolor-un-mundo-de-suenos-fragantes","7":"product_cat-brumas-de-ambiente","8":"product_cat-brumas-ambients-50ml","9":"product_tag-ambientador","10":"product_tag-black-edition","11":"product_tag-bruma","12":"product_tag-floral","13":"latest_post","15":"first","16":"instock","17":"taxable","18":"shipping-taxable","19":"purchasable","20":"product-type-simple"},"yoast_head":"<!-- This site is optimized with the Yoast SEO plugin v27.4 - https:\/\/yoast.com\/product\/yoast-seo-wordpress\/ -->\n<title>Bruma POINSETTIA Black Edition 50ml - Anaroma Nature - Tienda<\/title>\n<meta name=\"description\" content=\"Bruma Poinsettia Black Edition 50ml. Las brumas de ambiente de Boles d&#039;olor est\u00e1n especialmente formuladas para usarse con los Brumizadores de\" \/>\n<meta name=\"robots\" content=\"index, nofollow, max-snippet:-1, max-image-preview:large, max-video-preview:-1\" \/>\n<link rel=\"canonical\" href=\"https:\/\/www.anaromanature.com\/index.php\/producto\/bruma-black-edition-50-ml-poinsettia\/\" \/>\n<meta property=\"og:locale\" content=\"es_ES\" \/>\n<meta property=\"og:type\" content=\"article\" \/>\n<meta property=\"og:title\" content=\"Bruma POINSETTIA Black Edition 50ml - Anaroma Nature - Tienda\" \/>\n<meta property=\"og:description\" content=\"Bruma Poinsettia Black Edition 50ml. Las brumas de ambiente de Boles d&#039;olor est\u00e1n especialmente formuladas para usarse con los Brumizadores de\" \/>\n<meta property=\"og:url\" content=\"https:\/\/www.anaromanature.com\/index.php\/producto\/bruma-black-edition-50-ml-poinsettia\/\" \/>\n<meta property=\"og:site_name\" content=\"Anaroma Nature\" \/>\n<meta property=\"article:publisher\" content=\"http:\/\/facebook.com\/Anaroma-326324794814915\" \/>\n<meta property=\"article:modified_time\" content=\"2025-01-10T15:58:12+00:00\" \/>\n<meta property=\"og:image\" content=\"https:\/\/www.anaromanature.com\/wp-content\/uploads\/2021\/02\/Bruma-Black-Edition-POINSETTIA-0600477-scaled.jpg\" \/>\n\t<meta property=\"og:image:width\" content=\"600\" \/>\n\t<meta property=\"og:image:height\" content=\"600\" \/>\n\t<meta property=\"og:image:type\" content=\"image\/jpeg\" \/>\n<meta name=\"twitter:card\" content=\"summary_large_image\" \/>\n<meta name=\"twitter:label1\" content=\"Tiempo de lectura\" \/>\n\t<meta name=\"twitter:data1\" content=\"2 minutos\" \/>\n<script type=\"application\/ld+json\" class=\"yoast-schema-graph\">{\"@context\":\"https:\\\/\\\/schema.org\",\"@graph\":[{\"@type\":\"WebPage\",\"@id\":\"https:\\\/\\\/www.anaromanature.com\\\/index.php\\\/producto\\\/bruma-black-edition-50-ml-poinsettia\\\/\",\"url\":\"https:\\\/\\\/www.anaromanature.com\\\/index.php\\\/producto\\\/bruma-black-edition-50-ml-poinsettia\\\/\",\"name\":\"Bruma POINSETTIA Black Edition 50ml - Anaroma Nature - Tienda\",\"isPartOf\":{\"@id\":\"https:\\\/\\\/www.anaromanature.com\\\/#website\"},\"primaryImageOfPage\":{\"@id\":\"https:\\\/\\\/www.anaromanature.com\\\/index.php\\\/producto\\\/bruma-black-edition-50-ml-poinsettia\\\/#primaryimage\"},\"image\":{\"@id\":\"https:\\\/\\\/www.anaromanature.com\\\/index.php\\\/producto\\\/bruma-black-edition-50-ml-poinsettia\\\/#primaryimage\"},\"thumbnailUrl\":\"https:\\\/\\\/www.anaromanature.com\\\/wp-content\\\/uploads\\\/2021\\\/02\\\/Bruma-Black-Edition-POINSETTIA-0600477-scaled.jpg\",\"datePublished\":\"2021-02-06T16:19:56+00:00\",\"dateModified\":\"2025-01-10T15:58:12+00:00\",\"description\":\"Bruma Poinsettia Black Edition 50ml. Las brumas de ambiente de Boles d'olor est\u00e1n especialmente formuladas para usarse con los Brumizadores de\",\"breadcrumb\":{\"@id\":\"https:\\\/\\\/www.anaromanature.com\\\/index.php\\\/producto\\\/bruma-black-edition-50-ml-poinsettia\\\/#breadcrumb\"},\"inLanguage\":\"es\",\"potentialAction\":[{\"@type\":\"ReadAction\",\"target\":[\"https:\\\/\\\/www.anaromanature.com\\\/index.php\\\/producto\\\/bruma-black-edition-50-ml-poinsettia\\\/\"]}]},{\"@type\":\"ImageObject\",\"inLanguage\":\"es\",\"@id\":\"https:\\\/\\\/www.anaromanature.com\\\/index.php\\\/producto\\\/bruma-black-edition-50-ml-poinsettia\\\/#primaryimage\",\"url\":\"https:\\\/\\\/www.anaromanature.com\\\/wp-content\\\/uploads\\\/2021\\\/02\\\/Bruma-Black-Edition-POINSETTIA-0600477-scaled.jpg\",\"contentUrl\":\"https:\\\/\\\/www.anaromanature.com\\\/wp-content\\\/uploads\\\/2021\\\/02\\\/Bruma-Black-Edition-POINSETTIA-0600477-scaled.jpg\",\"width\":600,\"height\":600,\"caption\":\"Bruma Black Edition POINSETTIA 0600477\"},{\"@type\":\"BreadcrumbList\",\"@id\":\"https:\\\/\\\/www.anaromanature.com\\\/index.php\\\/producto\\\/bruma-black-edition-50-ml-poinsettia\\\/#breadcrumb\",\"itemListElement\":[{\"@type\":\"ListItem\",\"position\":1,\"name\":\"Portada\",\"item\":\"https:\\\/\\\/www.anaromanature.com\\\/\"},{\"@type\":\"ListItem\",\"position\":2,\"name\":\"Tienda\",\"item\":\"https:\\\/\\\/www.anaromanature.com\\\/index.php\\\/tienda-premium-online-anarome-nature\\\/\"},{\"@type\":\"ListItem\",\"position\":3,\"name\":\"Bruma POINSETTIA Black Edition 50ml\"}]},{\"@type\":\"WebSite\",\"@id\":\"https:\\\/\\\/www.anaromanature.com\\\/#website\",\"url\":\"https:\\\/\\\/www.anaromanature.com\\\/\",\"name\":\"Anaroma Nature\",\"description\":\"Aromas y color\",\"publisher\":{\"@id\":\"https:\\\/\\\/www.anaromanature.com\\\/#organization\"},\"potentialAction\":[{\"@type\":\"SearchAction\",\"target\":{\"@type\":\"EntryPoint\",\"urlTemplate\":\"https:\\\/\\\/www.anaromanature.com\\\/?s={search_term_string}\"},\"query-input\":{\"@type\":\"PropertyValueSpecification\",\"valueRequired\":true,\"valueName\":\"search_term_string\"}}],\"inLanguage\":\"es\"},{\"@type\":\"Organization\",\"@id\":\"https:\\\/\\\/www.anaromanature.com\\\/#organization\",\"name\":\"Anaroma Nature\",\"url\":\"https:\\\/\\\/www.anaromanature.com\\\/\",\"logo\":{\"@type\":\"ImageObject\",\"inLanguage\":\"es\",\"@id\":\"https:\\\/\\\/www.anaromanature.com\\\/#\\\/schema\\\/logo\\\/image\\\/\",\"url\":\"https:\\\/\\\/i2.wp.com\\\/www.anaromanature.com\\\/wp-content\\\/uploads\\\/2021\\\/02\\\/cropped-Logotipo-Anaroma-2.png?fit=290%2C288&ssl=1\",\"contentUrl\":\"https:\\\/\\\/i2.wp.com\\\/www.anaromanature.com\\\/wp-content\\\/uploads\\\/2021\\\/02\\\/cropped-Logotipo-Anaroma-2.png?fit=290%2C288&ssl=1\",\"width\":290,\"height\":288,\"caption\":\"Anaroma Nature\"},\"image\":{\"@id\":\"https:\\\/\\\/www.anaromanature.com\\\/#\\\/schema\\\/logo\\\/image\\\/\"},\"sameAs\":[\"http:\\\/\\\/facebook.com\\\/Anaroma-326324794814915\",\"http:\\\/\\\/instagram.com\\\/anaromanature\"]}]}<\/script>\n<!-- \/ Yoast SEO plugin. -->","yoast_head_json":{"title":"Bruma POINSETTIA Black Edition 50ml - Anaroma Nature - Tienda","description":"Bruma Poinsettia Black Edition 50ml. Las brumas de ambiente de Boles d'olor est\u00e1n especialmente formuladas para usarse con los Brumizadores de","robots":{"index":"index","follow":"nofollow","max-snippet":"max-snippet:-1","max-image-preview":"max-image-preview:large","max-video-preview":"max-video-preview:-1"},"canonical":"https:\/\/www.anaromanature.com\/index.php\/producto\/bruma-black-edition-50-ml-poinsettia\/","og_locale":"es_ES","og_type":"article","og_title":"Bruma POINSETTIA Black Edition 50ml - Anaroma Nature - Tienda","og_description":"Bruma Poinsettia Black Edition 50ml. Las brumas de ambiente de Boles d'olor est\u00e1n especialmente formuladas para usarse con los Brumizadores de","og_url":"https:\/\/www.anaromanature.com\/index.php\/producto\/bruma-black-edition-50-ml-poinsettia\/","og_site_name":"Anaroma Nature","article_publisher":"http:\/\/facebook.com\/Anaroma-326324794814915","article_modified_time":"2025-01-10T15:58:12+00:00","og_image":[{"width":600,"height":600,"url":"https:\/\/www.anaromanature.com\/wp-content\/uploads\/2021\/02\/Bruma-Black-Edition-POINSETTIA-0600477-scaled.jpg","type":"image\/jpeg"}],"twitter_card":"summary_large_image","twitter_misc":{"Tiempo de lectura":"2 minutos"},"schema":{"@context":"https:\/\/schema.org","@graph":[{"@type":"WebPage","@id":"https:\/\/www.anaromanature.com\/index.php\/producto\/bruma-black-edition-50-ml-poinsettia\/","url":"https:\/\/www.anaromanature.com\/index.php\/producto\/bruma-black-edition-50-ml-poinsettia\/","name":"Bruma POINSETTIA Black Edition 50ml - Anaroma Nature - Tienda","isPartOf":{"@id":"https:\/\/www.anaromanature.com\/#website"},"primaryImageOfPage":{"@id":"https:\/\/www.anaromanature.com\/index.php\/producto\/bruma-black-edition-50-ml-poinsettia\/#primaryimage"},"image":{"@id":"https:\/\/www.anaromanature.com\/index.php\/producto\/bruma-black-edition-50-ml-poinsettia\/#primaryimage"},"thumbnailUrl":"https:\/\/www.anaromanature.com\/wp-content\/uploads\/2021\/02\/Bruma-Black-Edition-POINSETTIA-0600477-scaled.jpg","datePublished":"2021-02-06T16:19:56+00:00","dateModified":"2025-01-10T15:58:12+00:00","description":"Bruma Poinsettia Black Edition 50ml. Las brumas de ambiente de Boles d'olor est\u00e1n especialmente formuladas para usarse con los Brumizadores de","breadcrumb":{"@id":"https:\/\/www.anaromanature.com\/index.php\/producto\/bruma-black-edition-50-ml-poinsettia\/#breadcrumb"},"inLanguage":"es","potentialAction":[{"@type":"ReadAction","target":["https:\/\/www.anaromanature.com\/index.php\/producto\/bruma-black-edition-50-ml-poinsettia\/"]}]},{"@type":"ImageObject","inLanguage":"es","@id":"https:\/\/www.anaromanature.com\/index.php\/producto\/bruma-black-edition-50-ml-poinsettia\/#primaryimage","url":"https:\/\/www.anaromanature.com\/wp-content\/uploads\/2021\/02\/Bruma-Black-Edition-POINSETTIA-0600477-scaled.jpg","contentUrl":"https:\/\/www.anaromanature.com\/wp-content\/uploads\/2021\/02\/Bruma-Black-Edition-POINSETTIA-0600477-scaled.jpg","width":600,"height":600,"caption":"Bruma Black Edition POINSETTIA 0600477"},{"@type":"BreadcrumbList","@id":"https:\/\/www.anaromanature.com\/index.php\/producto\/bruma-black-edition-50-ml-poinsettia\/#breadcrumb","itemListElement":[{"@type":"ListItem","position":1,"name":"Portada","item":"https:\/\/www.anaromanature.com\/"},{"@type":"ListItem","position":2,"name":"Tienda","item":"https:\/\/www.anaromanature.com\/index.php\/tienda-premium-online-anarome-nature\/"},{"@type":"ListItem","position":3,"name":"Bruma POINSETTIA Black Edition 50ml"}]},{"@type":"WebSite","@id":"https:\/\/www.anaromanature.com\/#website","url":"https:\/\/www.anaromanature.com\/","name":"Anaroma Nature","description":"Aromas y color","publisher":{"@id":"https:\/\/www.anaromanature.com\/#organization"},"potentialAction":[{"@type":"SearchAction","target":{"@type":"EntryPoint","urlTemplate":"https:\/\/www.anaromanature.com\/?s={search_term_string}"},"query-input":{"@type":"PropertyValueSpecification","valueRequired":true,"valueName":"search_term_string"}}],"inLanguage":"es"},{"@type":"Organization","@id":"https:\/\/www.anaromanature.com\/#organization","name":"Anaroma Nature","url":"https:\/\/www.anaromanature.com\/","logo":{"@type":"ImageObject","inLanguage":"es","@id":"https:\/\/www.anaromanature.com\/#\/schema\/logo\/image\/","url":"https:\/\/i2.wp.com\/www.anaromanature.com\/wp-content\/uploads\/2021\/02\/cropped-Logotipo-Anaroma-2.png?fit=290%2C288&ssl=1","contentUrl":"https:\/\/i2.wp.com\/www.anaromanature.com\/wp-content\/uploads\/2021\/02\/cropped-Logotipo-Anaroma-2.png?fit=290%2C288&ssl=1","width":290,"height":288,"caption":"Anaroma Nature"},"image":{"@id":"https:\/\/www.anaromanature.com\/#\/schema\/logo\/image\/"},"sameAs":["http:\/\/facebook.com\/Anaroma-326324794814915","http:\/\/instagram.com\/anaromanature"]}]}},"_links":{"self":[{"href":"https:\/\/www.anaromanature.com\/index.php\/wp-json\/wp\/v2\/product\/579","targetHints":{"allow":["GET"]}}],"collection":[{"href":"https:\/\/www.anaromanature.com\/index.php\/wp-json\/wp\/v2\/product"}],"about":[{"href":"https:\/\/www.anaromanature.com\/index.php\/wp-json\/wp\/v2\/types\/product"}],"replies":[{"embeddable":true,"href":"https:\/\/www.anaromanature.com\/index.php\/wp-json\/wp\/v2\/comments?post=579"}],"wp:featuredmedia":[{"embeddable":true,"href":"https:\/\/www.anaromanature.com\/index.php\/wp-json\/wp\/v2\/media\/921"}],"wp:attachment":[{"href":"https:\/\/www.anaromanature.com\/index.php\/wp-json\/wp\/v2\/media?parent=579"}],"wp:term":[{"taxonomy":"product_brand","embeddable":true,"href":"https:\/\/www.anaromanature.com\/index.php\/wp-json\/wp\/v2\/product_brand?post=579"},{"taxonomy":"product_cat","embeddable":true,"href":"https:\/\/www.anaromanature.com\/index.php\/wp-json\/wp\/v2\/product_cat?post=579"},{"taxonomy":"product_tag","embeddable":true,"href":"https:\/\/www.anaromanature.com\/index.php\/wp-json\/wp\/v2\/product_tag?post=579"}],"curies":[{"name":"wp","href":"https:\/\/api.w.org\/{rel}","templated":true}]}}