{"id":635,"date":"2021-02-06T18:04:16","date_gmt":"2021-02-06T17:04:16","guid":{"rendered":"https:\/\/www.anaromanature.com\/index.php\/producto\/ambientador-spray-black-edition-100-ml-urban-jungle\/"},"modified":"2024-06-21T18:29:48","modified_gmt":"2024-06-21T17:29:48","slug":"ambientador-spray-black-edition-100-ml-urban-jungle","status":"publish","type":"product","link":"https:\/\/www.anaromanature.com\/index.php\/producto\/ambientador-spray-black-edition-100-ml-urban-jungle\/","title":{"rendered":"Ambientador Spray Black Edition 100 ml URBAN JUNGLE"},"content":{"rendered":"<p>Ambientador Spray Black Edition 100 ml URBAN JUNGLE<\/p>\n<p><b>Fabricado sobre Alcohol Natural de Ca\u00f1a de Az\u00facar, lo que da la posibilidad de incrementar la concentraci\u00f3n de esencia.<\/b><\/p>\n<p><strong>Sin colorantes ni conservantes.<\/strong><\/p>\n<p>Pulverizador concentrado en spray con gran capacidad de ambientaci\u00f3n.<\/p>\n<p>Con un sencillo gesto, conseguir\u00e1s ambientar todo tu hogar.<\/p>\n<p><strong>Es r\u00e1pido, c\u00f3modo y eficaz.<\/strong><\/p>\n<p>El formato m\u00e1s habitual cuando queremos perfumar nuestro hogar o negocio.<\/p>\n<p>Tambi\u00e9n es muy recomendable usarlo en el coche, basta con unas pulverizaciones debajo de las alfombrillas y el efecto permanecer\u00e1 durante d\u00edas.<\/p>\n<p>Aunque tengamos otro sistema de forma continua ambientando en casa tambi\u00e9n es recomendable tener un spray para reforzar en ciertos momentos, por ejemplo, cuando cocinamos, fumamos, recibimos visitas o si se han ido.<\/p>\n<p><em>Es muy c\u00f3modo cuando nos vamos de viaje, ya que es la mejor manera de llevar siempre nuestro aroma preferido con nosotros y as\u00ed, sentirnos como en casa<\/em>.<\/p>\n<p>Siempre que el l\u00edquido del spray sea incoloro, puedes perfumar, cortinas, alfombras o tapicer\u00edas. No hacerlo en aquellos tejidos delicados o mascotas.<\/p>\n<p>Tambi\u00e9n puedes rociar plantas artificiales que tengas en casa, as\u00ed estas actuaran de ambientador sin tu darte cuenta.<\/p>\n<p>Se recomienda tener varios sprays en el hogar y usarlos de forma alterna, de esta manera no nos acostumbraremos siempre al mismo aroma y nos parecer\u00e1 que huele m\u00e1s y mejor <em>\u00a1haz la prueba!<\/em><\/p>\n<p>Ambientador Spray Black Edition 100 ml URBAN JUNGLE<\/p>\n<p>Perfuma tu hogar con\u00a0<a href=\"https:\/\/www.anaromanature.com\/\">Anaroma Nature<\/a><\/p>\n<p><a href=\"mailto:%20info@anaromanature.com\">Cons\u00faltanos\u00a0<\/a>lo que necesites saber o aclarar.<\/p>\n<p>S\u00edguenos en <a href=\"https:\/\/www.instagram.com\/anaromanature\/\">Instagram<\/a>.<\/p>\n","protected":false},"excerpt":{"rendered":"<p>&nbsp;<\/p>\n<p>Contenido: 100 ml.<\/p>\n<p>Duraci\u00f3n: hasta 500 pulverizaciones.<\/p>\n<p>R\u00e1pido, c\u00f3modo y eficaz pulverizador concentrado.<\/p>\n<ul>\n<li>\n<h4>Fresco<\/h4>\n<\/li>\n<\/ul>\n<p>Urban Jungle es un perfume que expresa nuestros m\u00e1s \u00edntimos deseos de explorar rincones naturales dentro del bullicio de la ciudad para sentirnos m\u00e1s j\u00f3venes y revitalizados.<\/p>\n<p><strong>Notas de fragancia<\/strong><\/p>\n<ul>\n<li><strong>Salida:\u00a0<\/strong>Ar\u00e1ndanos, Hojas de Tomate, Pomelo, Cardamomo y Pimienta.<\/li>\n<li><strong>Coraz\u00f3n:\u00a0<\/strong>Frutas de la Pasi\u00f3n, Mango, Flores de Primavera, Hojas de Limonero, Bergamota y brisa marina.<\/li>\n<li><strong>Fondo:\u00a0<\/strong>Jengibre, ra\u00edces de G\u00e1lbano, Cedro del Atlas, Almizcle y Frutos Rojos.<\/li>\n<\/ul>\n<p>&nbsp;<\/p>\n","protected":false},"featured_media":6621,"comment_status":"open","ping_status":"closed","template":"","meta":{"_joinchat":[]},"product_brand":[],"product_cat":[119,120],"product_tag":[42,109,53,41],"class_list":{"0":"post-635","1":"product","2":"type-product","3":"status-publish","4":"has-post-thumbnail","6":"product_cat-spray-ambientador","7":"product_cat-spray-black-edition-100-ml","8":"product_tag-ambientador","9":"product_tag-black-edition","10":"product_tag-fresco","11":"product_tag-spray","12":"latest_post","14":"first","15":"instock","16":"taxable","17":"shipping-taxable","18":"purchasable","19":"product-type-simple"},"yoast_head":"<!-- This site is optimized with the Yoast SEO plugin v27.4 - https:\/\/yoast.com\/product\/yoast-seo-wordpress\/ -->\n<title>Ambientador Spray Black Edition 100 ml URBAN JUNGLE - Anaroma Nature<\/title>\n<meta name=\"description\" content=\"Ambientador Spray Black Edition 100 ml URBAN JUNGLE. Fabricado sobre Alcohol Natural de Ca\u00f1a de Az\u00facar, lo que da la posibilidad de incrementar la\" \/>\n<meta name=\"robots\" content=\"index, follow, max-snippet:-1, max-image-preview:large, max-video-preview:-1\" \/>\n<link rel=\"canonical\" href=\"https:\/\/www.anaromanature.com\/index.php\/producto\/ambientador-spray-black-edition-100-ml-urban-jungle\/\" \/>\n<meta property=\"og:locale\" content=\"es_ES\" \/>\n<meta property=\"og:type\" content=\"article\" \/>\n<meta property=\"og:title\" content=\"Ambientador Spray Black Edition 100 ml URBAN JUNGLE - Anaroma Nature\" \/>\n<meta property=\"og:description\" content=\"Ambientador Spray Black Edition 100 ml URBAN JUNGLE. Fabricado sobre Alcohol Natural de Ca\u00f1a de Az\u00facar, lo que da la posibilidad de incrementar la\" \/>\n<meta property=\"og:url\" content=\"https:\/\/www.anaromanature.com\/index.php\/producto\/ambientador-spray-black-edition-100-ml-urban-jungle\/\" \/>\n<meta property=\"og:site_name\" content=\"Anaroma Nature\" \/>\n<meta property=\"article:publisher\" content=\"http:\/\/facebook.com\/Anaroma-326324794814915\" \/>\n<meta property=\"article:modified_time\" content=\"2024-06-21T17:29:48+00:00\" \/>\n<meta property=\"og:image\" content=\"https:\/\/www.anaromanature.com\/wp-content\/uploads\/2024\/06\/Spray-Black-Edition-Urban-Jungle-0800985-scaled.jpg\" \/>\n\t<meta property=\"og:image:width\" content=\"2560\" \/>\n\t<meta property=\"og:image:height\" content=\"2560\" \/>\n\t<meta property=\"og:image:type\" content=\"image\/jpeg\" \/>\n<meta name=\"twitter:card\" content=\"summary_large_image\" \/>\n<meta name=\"twitter:label1\" content=\"Tiempo de lectura\" \/>\n\t<meta name=\"twitter:data1\" content=\"2 minutos\" \/>\n<script type=\"application\/ld+json\" class=\"yoast-schema-graph\">{\"@context\":\"https:\\\/\\\/schema.org\",\"@graph\":[{\"@type\":\"WebPage\",\"@id\":\"https:\\\/\\\/www.anaromanature.com\\\/index.php\\\/producto\\\/ambientador-spray-black-edition-100-ml-urban-jungle\\\/\",\"url\":\"https:\\\/\\\/www.anaromanature.com\\\/index.php\\\/producto\\\/ambientador-spray-black-edition-100-ml-urban-jungle\\\/\",\"name\":\"Ambientador Spray Black Edition 100 ml URBAN JUNGLE - Anaroma Nature\",\"isPartOf\":{\"@id\":\"https:\\\/\\\/www.anaromanature.com\\\/#website\"},\"primaryImageOfPage\":{\"@id\":\"https:\\\/\\\/www.anaromanature.com\\\/index.php\\\/producto\\\/ambientador-spray-black-edition-100-ml-urban-jungle\\\/#primaryimage\"},\"image\":{\"@id\":\"https:\\\/\\\/www.anaromanature.com\\\/index.php\\\/producto\\\/ambientador-spray-black-edition-100-ml-urban-jungle\\\/#primaryimage\"},\"thumbnailUrl\":\"https:\\\/\\\/www.anaromanature.com\\\/wp-content\\\/uploads\\\/2024\\\/06\\\/Spray-Black-Edition-Urban-Jungle-0800985-scaled.jpg\",\"datePublished\":\"2021-02-06T17:04:16+00:00\",\"dateModified\":\"2024-06-21T17:29:48+00:00\",\"description\":\"Ambientador Spray Black Edition 100 ml URBAN JUNGLE. Fabricado sobre Alcohol Natural de Ca\u00f1a de Az\u00facar, lo que da la posibilidad de incrementar la\",\"breadcrumb\":{\"@id\":\"https:\\\/\\\/www.anaromanature.com\\\/index.php\\\/producto\\\/ambientador-spray-black-edition-100-ml-urban-jungle\\\/#breadcrumb\"},\"inLanguage\":\"es\",\"potentialAction\":[{\"@type\":\"ReadAction\",\"target\":[\"https:\\\/\\\/www.anaromanature.com\\\/index.php\\\/producto\\\/ambientador-spray-black-edition-100-ml-urban-jungle\\\/\"]}]},{\"@type\":\"ImageObject\",\"inLanguage\":\"es\",\"@id\":\"https:\\\/\\\/www.anaromanature.com\\\/index.php\\\/producto\\\/ambientador-spray-black-edition-100-ml-urban-jungle\\\/#primaryimage\",\"url\":\"https:\\\/\\\/www.anaromanature.com\\\/wp-content\\\/uploads\\\/2024\\\/06\\\/Spray-Black-Edition-Urban-Jungle-0800985-scaled.jpg\",\"contentUrl\":\"https:\\\/\\\/www.anaromanature.com\\\/wp-content\\\/uploads\\\/2024\\\/06\\\/Spray-Black-Edition-Urban-Jungle-0800985-scaled.jpg\",\"width\":2560,\"height\":2560,\"caption\":\"Spray Black Edition Urban Jungle (0800985)\"},{\"@type\":\"BreadcrumbList\",\"@id\":\"https:\\\/\\\/www.anaromanature.com\\\/index.php\\\/producto\\\/ambientador-spray-black-edition-100-ml-urban-jungle\\\/#breadcrumb\",\"itemListElement\":[{\"@type\":\"ListItem\",\"position\":1,\"name\":\"Portada\",\"item\":\"https:\\\/\\\/www.anaromanature.com\\\/\"},{\"@type\":\"ListItem\",\"position\":2,\"name\":\"Tienda\",\"item\":\"https:\\\/\\\/www.anaromanature.com\\\/index.php\\\/tienda-premium-online-anarome-nature\\\/\"},{\"@type\":\"ListItem\",\"position\":3,\"name\":\"Ambientador Spray Black Edition 100 ml URBAN JUNGLE\"}]},{\"@type\":\"WebSite\",\"@id\":\"https:\\\/\\\/www.anaromanature.com\\\/#website\",\"url\":\"https:\\\/\\\/www.anaromanature.com\\\/\",\"name\":\"Anaroma Nature\",\"description\":\"Aromas y color\",\"publisher\":{\"@id\":\"https:\\\/\\\/www.anaromanature.com\\\/#organization\"},\"potentialAction\":[{\"@type\":\"SearchAction\",\"target\":{\"@type\":\"EntryPoint\",\"urlTemplate\":\"https:\\\/\\\/www.anaromanature.com\\\/?s={search_term_string}\"},\"query-input\":{\"@type\":\"PropertyValueSpecification\",\"valueRequired\":true,\"valueName\":\"search_term_string\"}}],\"inLanguage\":\"es\"},{\"@type\":\"Organization\",\"@id\":\"https:\\\/\\\/www.anaromanature.com\\\/#organization\",\"name\":\"Anaroma Nature\",\"url\":\"https:\\\/\\\/www.anaromanature.com\\\/\",\"logo\":{\"@type\":\"ImageObject\",\"inLanguage\":\"es\",\"@id\":\"https:\\\/\\\/www.anaromanature.com\\\/#\\\/schema\\\/logo\\\/image\\\/\",\"url\":\"https:\\\/\\\/i2.wp.com\\\/www.anaromanature.com\\\/wp-content\\\/uploads\\\/2021\\\/02\\\/cropped-Logotipo-Anaroma-2.png?fit=290%2C288&ssl=1\",\"contentUrl\":\"https:\\\/\\\/i2.wp.com\\\/www.anaromanature.com\\\/wp-content\\\/uploads\\\/2021\\\/02\\\/cropped-Logotipo-Anaroma-2.png?fit=290%2C288&ssl=1\",\"width\":290,\"height\":288,\"caption\":\"Anaroma Nature\"},\"image\":{\"@id\":\"https:\\\/\\\/www.anaromanature.com\\\/#\\\/schema\\\/logo\\\/image\\\/\"},\"sameAs\":[\"http:\\\/\\\/facebook.com\\\/Anaroma-326324794814915\",\"http:\\\/\\\/instagram.com\\\/anaromanature\"]}]}<\/script>\n<!-- \/ Yoast SEO plugin. -->","yoast_head_json":{"title":"Ambientador Spray Black Edition 100 ml URBAN JUNGLE - Anaroma Nature","description":"Ambientador Spray Black Edition 100 ml URBAN JUNGLE. Fabricado sobre Alcohol Natural de Ca\u00f1a de Az\u00facar, lo que da la posibilidad de incrementar la","robots":{"index":"index","follow":"follow","max-snippet":"max-snippet:-1","max-image-preview":"max-image-preview:large","max-video-preview":"max-video-preview:-1"},"canonical":"https:\/\/www.anaromanature.com\/index.php\/producto\/ambientador-spray-black-edition-100-ml-urban-jungle\/","og_locale":"es_ES","og_type":"article","og_title":"Ambientador Spray Black Edition 100 ml URBAN JUNGLE - Anaroma Nature","og_description":"Ambientador Spray Black Edition 100 ml URBAN JUNGLE. Fabricado sobre Alcohol Natural de Ca\u00f1a de Az\u00facar, lo que da la posibilidad de incrementar la","og_url":"https:\/\/www.anaromanature.com\/index.php\/producto\/ambientador-spray-black-edition-100-ml-urban-jungle\/","og_site_name":"Anaroma Nature","article_publisher":"http:\/\/facebook.com\/Anaroma-326324794814915","article_modified_time":"2024-06-21T17:29:48+00:00","og_image":[{"width":2560,"height":2560,"url":"https:\/\/www.anaromanature.com\/wp-content\/uploads\/2024\/06\/Spray-Black-Edition-Urban-Jungle-0800985-scaled.jpg","type":"image\/jpeg"}],"twitter_card":"summary_large_image","twitter_misc":{"Tiempo de lectura":"2 minutos"},"schema":{"@context":"https:\/\/schema.org","@graph":[{"@type":"WebPage","@id":"https:\/\/www.anaromanature.com\/index.php\/producto\/ambientador-spray-black-edition-100-ml-urban-jungle\/","url":"https:\/\/www.anaromanature.com\/index.php\/producto\/ambientador-spray-black-edition-100-ml-urban-jungle\/","name":"Ambientador Spray Black Edition 100 ml URBAN JUNGLE - Anaroma Nature","isPartOf":{"@id":"https:\/\/www.anaromanature.com\/#website"},"primaryImageOfPage":{"@id":"https:\/\/www.anaromanature.com\/index.php\/producto\/ambientador-spray-black-edition-100-ml-urban-jungle\/#primaryimage"},"image":{"@id":"https:\/\/www.anaromanature.com\/index.php\/producto\/ambientador-spray-black-edition-100-ml-urban-jungle\/#primaryimage"},"thumbnailUrl":"https:\/\/www.anaromanature.com\/wp-content\/uploads\/2024\/06\/Spray-Black-Edition-Urban-Jungle-0800985-scaled.jpg","datePublished":"2021-02-06T17:04:16+00:00","dateModified":"2024-06-21T17:29:48+00:00","description":"Ambientador Spray Black Edition 100 ml URBAN JUNGLE. Fabricado sobre Alcohol Natural de Ca\u00f1a de Az\u00facar, lo que da la posibilidad de incrementar la","breadcrumb":{"@id":"https:\/\/www.anaromanature.com\/index.php\/producto\/ambientador-spray-black-edition-100-ml-urban-jungle\/#breadcrumb"},"inLanguage":"es","potentialAction":[{"@type":"ReadAction","target":["https:\/\/www.anaromanature.com\/index.php\/producto\/ambientador-spray-black-edition-100-ml-urban-jungle\/"]}]},{"@type":"ImageObject","inLanguage":"es","@id":"https:\/\/www.anaromanature.com\/index.php\/producto\/ambientador-spray-black-edition-100-ml-urban-jungle\/#primaryimage","url":"https:\/\/www.anaromanature.com\/wp-content\/uploads\/2024\/06\/Spray-Black-Edition-Urban-Jungle-0800985-scaled.jpg","contentUrl":"https:\/\/www.anaromanature.com\/wp-content\/uploads\/2024\/06\/Spray-Black-Edition-Urban-Jungle-0800985-scaled.jpg","width":2560,"height":2560,"caption":"Spray Black Edition Urban Jungle (0800985)"},{"@type":"BreadcrumbList","@id":"https:\/\/www.anaromanature.com\/index.php\/producto\/ambientador-spray-black-edition-100-ml-urban-jungle\/#breadcrumb","itemListElement":[{"@type":"ListItem","position":1,"name":"Portada","item":"https:\/\/www.anaromanature.com\/"},{"@type":"ListItem","position":2,"name":"Tienda","item":"https:\/\/www.anaromanature.com\/index.php\/tienda-premium-online-anarome-nature\/"},{"@type":"ListItem","position":3,"name":"Ambientador Spray Black Edition 100 ml URBAN JUNGLE"}]},{"@type":"WebSite","@id":"https:\/\/www.anaromanature.com\/#website","url":"https:\/\/www.anaromanature.com\/","name":"Anaroma Nature","description":"Aromas y color","publisher":{"@id":"https:\/\/www.anaromanature.com\/#organization"},"potentialAction":[{"@type":"SearchAction","target":{"@type":"EntryPoint","urlTemplate":"https:\/\/www.anaromanature.com\/?s={search_term_string}"},"query-input":{"@type":"PropertyValueSpecification","valueRequired":true,"valueName":"search_term_string"}}],"inLanguage":"es"},{"@type":"Organization","@id":"https:\/\/www.anaromanature.com\/#organization","name":"Anaroma Nature","url":"https:\/\/www.anaromanature.com\/","logo":{"@type":"ImageObject","inLanguage":"es","@id":"https:\/\/www.anaromanature.com\/#\/schema\/logo\/image\/","url":"https:\/\/i2.wp.com\/www.anaromanature.com\/wp-content\/uploads\/2021\/02\/cropped-Logotipo-Anaroma-2.png?fit=290%2C288&ssl=1","contentUrl":"https:\/\/i2.wp.com\/www.anaromanature.com\/wp-content\/uploads\/2021\/02\/cropped-Logotipo-Anaroma-2.png?fit=290%2C288&ssl=1","width":290,"height":288,"caption":"Anaroma Nature"},"image":{"@id":"https:\/\/www.anaromanature.com\/#\/schema\/logo\/image\/"},"sameAs":["http:\/\/facebook.com\/Anaroma-326324794814915","http:\/\/instagram.com\/anaromanature"]}]}},"_links":{"self":[{"href":"https:\/\/www.anaromanature.com\/index.php\/wp-json\/wp\/v2\/product\/635","targetHints":{"allow":["GET"]}}],"collection":[{"href":"https:\/\/www.anaromanature.com\/index.php\/wp-json\/wp\/v2\/product"}],"about":[{"href":"https:\/\/www.anaromanature.com\/index.php\/wp-json\/wp\/v2\/types\/product"}],"replies":[{"embeddable":true,"href":"https:\/\/www.anaromanature.com\/index.php\/wp-json\/wp\/v2\/comments?post=635"}],"wp:featuredmedia":[{"embeddable":true,"href":"https:\/\/www.anaromanature.com\/index.php\/wp-json\/wp\/v2\/media\/6621"}],"wp:attachment":[{"href":"https:\/\/www.anaromanature.com\/index.php\/wp-json\/wp\/v2\/media?parent=635"}],"wp:term":[{"taxonomy":"product_brand","embeddable":true,"href":"https:\/\/www.anaromanature.com\/index.php\/wp-json\/wp\/v2\/product_brand?post=635"},{"taxonomy":"product_cat","embeddable":true,"href":"https:\/\/www.anaromanature.com\/index.php\/wp-json\/wp\/v2\/product_cat?post=635"},{"taxonomy":"product_tag","embeddable":true,"href":"https:\/\/www.anaromanature.com\/index.php\/wp-json\/wp\/v2\/product_tag?post=635"}],"curies":[{"name":"wp","href":"https:\/\/api.w.org\/{rel}","templated":true}]}}