{"id":6380,"date":"2024-02-17T20:08:28","date_gmt":"2024-02-17T19:08:28","guid":{"rendered":"https:\/\/www.anaromanature.com\/?post_type=product&#038;p=6380"},"modified":"2024-02-17T20:12:26","modified_gmt":"2024-02-17T19:12:26","slug":"ambientador-mikado-coco-tfc-40ml","status":"publish","type":"product","link":"https:\/\/www.anaromanature.com\/index.php\/producto\/ambientador-mikado-coco-tfc-40ml\/","title":{"rendered":"Ambientador Mikado Coco TFC 40ml"},"content":{"rendered":"<p>Ambientador Mikado Coco TFC 40ml<\/p>\n<p>El Coco, un aroma con mucha personalidad que activa tus papilas gustativas. Un aroma tropical, de vacaciones y aventura, que se asocia con un estilo de vida en\u00e9rgico y lleno de optimismo. Tu casa se convierte en un ambiente sugerente y evocador con notas de fondo avainilladas. Con la presentaci\u00f3n del\u00a0<strong>Ambientador Mikado Coco<\/strong> puedes trasladar estas sensaciones al sal\u00f3n, comedor o a cualquier espacio amplio que t\u00fa decidas.<\/p>\n<p>Ambientador de mikado con aroma a Coco con extractos naturales.\u00a00% Alcohol. Duraci\u00f3n m\u00e1s de 60 d\u00edas.<\/p>\n<p><span style=\"color: var(--black-color); font-family: var(--primary-font);\">Cuida tu piel con <\/span><a style=\"font-family: var(--primary-font);\" href=\"https:\/\/www.anaromanature.com\/\">Anaroma Nature<\/a><\/p>\n<div class=\"woocommerce-product-details__short-description\">\n<p><a style=\"font-family: var(--primary-font);\" href=\"mailto:%20info@anaromanature.com\">Cons\u00faltanos\u00a0<\/a><span style=\"color: var(--black-color); font-family: var(--primary-font);\">lo que necesites saber o aclarar.<\/span><\/p>\n<p><span style=\"color: var(--black-color); font-family: var(--primary-font);\">Visita nuestro\u00a0<\/span><a style=\"font-family: var(--primary-font);\" href=\"https:\/\/www.instagram.com\/anaromanature\/\">Instagram<\/a><span style=\"color: var(--black-color); font-family: var(--primary-font);\">.<\/span><\/p>\n<\/div>\n","protected":false},"excerpt":{"rendered":"<div class=\"woocommerce-product-details__short-description\">\n<p><b>ME ENAMORAS CADA D\u00cdA UN POCO M\u00c1S<\/b><\/p>\n<p>El Coco, un aroma con mucha personalidad que activa tus papilas gustativas. Un aroma tropical, de vacaciones y aventura, que se asocia con un estilo de vida en\u00e9rgico y lleno de optimismo. Tu casa se convierte en un ambiente sugerente y evocador con notas de fondo avainilladas. Con la presentaci\u00f3n del\u00a0<strong>Ambientador Mikado Coco<\/strong> puedes trasladar estas sensaciones al sal\u00f3n, comedor o a cualquier espacio amplio que t\u00fa decidas.<\/p>\n<p>Ambientador de mikado con aroma a Coco con extractos naturales.\u00a00% Alcohol. Duraci\u00f3n m\u00e1s de 60 d\u00edas.<\/p>\n<p><strong style=\"color: var(--black-color); font-family: var(--primary-font);\">Aroma:<\/strong><span style=\"color: var(--black-color); font-family: var(--primary-font);\"> Sand\u00eda.<\/span><\/p>\n<\/div>\n<p dir=\"auto\" data-pm-slice=\"1 1 []\"><strong>Contenido:<\/strong> 40ml<\/p>\n","protected":false},"featured_media":6383,"comment_status":"open","ping_status":"closed","template":"","meta":{"_joinchat":[]},"product_brand":[],"product_cat":[642,599],"product_tag":[307,59,103],"class_list":{"0":"post-6380","1":"product","2":"type-product","3":"status-publish","4":"has-post-thumbnail","6":"product_cat-ambientador-mikado","7":"product_cat-the-fruit-company","8":"product_tag-coco","9":"product_tag-frutal","10":"product_tag-mikado","11":"latest_post","13":"first","14":"instock","15":"taxable","16":"shipping-taxable","17":"purchasable","18":"product-type-simple"},"yoast_head":"<!-- This site is optimized with the Yoast SEO plugin v27.1.1 - https:\/\/yoast.com\/product\/yoast-seo-wordpress\/ -->\n<title>Ambientador Mikado Coco TFC 40ml - Anaroma Nature<\/title>\n<meta name=\"description\" content=\"Ambientador Mikado Coco TFC 40ml El Coco, un aroma con mucha personalidad que activa tus papilas gustativas. Un aroma tropical, de vacaciones y aventura,\" \/>\n<meta name=\"robots\" content=\"index, follow, max-snippet:-1, max-image-preview:large, max-video-preview:-1\" \/>\n<link rel=\"canonical\" href=\"https:\/\/www.anaromanature.com\/index.php\/producto\/ambientador-mikado-coco-tfc-40ml\/\" \/>\n<meta property=\"og:locale\" content=\"es_ES\" \/>\n<meta property=\"og:type\" content=\"article\" \/>\n<meta property=\"og:title\" content=\"Ambientador Mikado Coco TFC 40ml - Anaroma Nature\" \/>\n<meta property=\"og:description\" content=\"Ambientador Mikado Coco TFC 40ml El Coco, un aroma con mucha personalidad que activa tus papilas gustativas. Un aroma tropical, de vacaciones y aventura,\" \/>\n<meta property=\"og:url\" content=\"https:\/\/www.anaromanature.com\/index.php\/producto\/ambientador-mikado-coco-tfc-40ml\/\" \/>\n<meta property=\"og:site_name\" content=\"Anaroma Nature\" \/>\n<meta property=\"article:publisher\" content=\"http:\/\/facebook.com\/Anaroma-326324794814915\" \/>\n<meta property=\"article:modified_time\" content=\"2024-02-17T19:12:26+00:00\" \/>\n<meta property=\"og:image\" content=\"https:\/\/www.anaromanature.com\/wp-content\/uploads\/2024\/02\/Ambientador-Mikado-Coco-TFC-40ml.png\" \/>\n\t<meta property=\"og:image:width\" content=\"800\" \/>\n\t<meta property=\"og:image:height\" content=\"800\" \/>\n\t<meta property=\"og:image:type\" content=\"image\/png\" \/>\n<meta name=\"twitter:card\" content=\"summary_large_image\" \/>\n<meta name=\"twitter:label1\" content=\"Tiempo de lectura\" \/>\n\t<meta name=\"twitter:data1\" content=\"1 minuto\" \/>\n<script type=\"application\/ld+json\" class=\"yoast-schema-graph\">{\"@context\":\"https:\/\/schema.org\",\"@graph\":[{\"@type\":\"WebPage\",\"@id\":\"https:\/\/www.anaromanature.com\/index.php\/producto\/ambientador-mikado-coco-tfc-40ml\/\",\"url\":\"https:\/\/www.anaromanature.com\/index.php\/producto\/ambientador-mikado-coco-tfc-40ml\/\",\"name\":\"Ambientador Mikado Coco TFC 40ml - Anaroma Nature\",\"isPartOf\":{\"@id\":\"https:\/\/www.anaromanature.com\/#website\"},\"primaryImageOfPage\":{\"@id\":\"https:\/\/www.anaromanature.com\/index.php\/producto\/ambientador-mikado-coco-tfc-40ml\/#primaryimage\"},\"image\":{\"@id\":\"https:\/\/www.anaromanature.com\/index.php\/producto\/ambientador-mikado-coco-tfc-40ml\/#primaryimage\"},\"thumbnailUrl\":\"https:\/\/www.anaromanature.com\/wp-content\/uploads\/2024\/02\/Ambientador-Mikado-Coco-TFC-40ml.png\",\"datePublished\":\"2024-02-17T19:08:28+00:00\",\"dateModified\":\"2024-02-17T19:12:26+00:00\",\"description\":\"Ambientador Mikado Coco TFC 40ml El Coco, un aroma con mucha personalidad que activa tus papilas gustativas. Un aroma tropical, de vacaciones y aventura,\",\"breadcrumb\":{\"@id\":\"https:\/\/www.anaromanature.com\/index.php\/producto\/ambientador-mikado-coco-tfc-40ml\/#breadcrumb\"},\"inLanguage\":\"es\",\"potentialAction\":[{\"@type\":\"ReadAction\",\"target\":[\"https:\/\/www.anaromanature.com\/index.php\/producto\/ambientador-mikado-coco-tfc-40ml\/\"]}]},{\"@type\":\"ImageObject\",\"inLanguage\":\"es\",\"@id\":\"https:\/\/www.anaromanature.com\/index.php\/producto\/ambientador-mikado-coco-tfc-40ml\/#primaryimage\",\"url\":\"https:\/\/www.anaromanature.com\/wp-content\/uploads\/2024\/02\/Ambientador-Mikado-Coco-TFC-40ml.png\",\"contentUrl\":\"https:\/\/www.anaromanature.com\/wp-content\/uploads\/2024\/02\/Ambientador-Mikado-Coco-TFC-40ml.png\",\"width\":800,\"height\":800,\"caption\":\"Ambientador Mikado Coco TFC 40ml\"},{\"@type\":\"BreadcrumbList\",\"@id\":\"https:\/\/www.anaromanature.com\/index.php\/producto\/ambientador-mikado-coco-tfc-40ml\/#breadcrumb\",\"itemListElement\":[{\"@type\":\"ListItem\",\"position\":1,\"name\":\"Portada\",\"item\":\"https:\/\/www.anaromanature.com\/\"},{\"@type\":\"ListItem\",\"position\":2,\"name\":\"Tienda\",\"item\":\"https:\/\/www.anaromanature.com\/index.php\/tienda-premium-online-anarome-nature\/\"},{\"@type\":\"ListItem\",\"position\":3,\"name\":\"Ambientador Mikado Coco TFC 40ml\"}]},{\"@type\":\"WebSite\",\"@id\":\"https:\/\/www.anaromanature.com\/#website\",\"url\":\"https:\/\/www.anaromanature.com\/\",\"name\":\"Anaroma Nature\",\"description\":\"Aromas y color\",\"publisher\":{\"@id\":\"https:\/\/www.anaromanature.com\/#organization\"},\"potentialAction\":[{\"@type\":\"SearchAction\",\"target\":{\"@type\":\"EntryPoint\",\"urlTemplate\":\"https:\/\/www.anaromanature.com\/?s={search_term_string}\"},\"query-input\":{\"@type\":\"PropertyValueSpecification\",\"valueRequired\":true,\"valueName\":\"search_term_string\"}}],\"inLanguage\":\"es\"},{\"@type\":\"Organization\",\"@id\":\"https:\/\/www.anaromanature.com\/#organization\",\"name\":\"Anaroma Nature\",\"url\":\"https:\/\/www.anaromanature.com\/\",\"logo\":{\"@type\":\"ImageObject\",\"inLanguage\":\"es\",\"@id\":\"https:\/\/www.anaromanature.com\/#\/schema\/logo\/image\/\",\"url\":\"https:\/\/i2.wp.com\/www.anaromanature.com\/wp-content\/uploads\/2021\/02\/cropped-Logotipo-Anaroma-2.png?fit=290%2C288&ssl=1\",\"contentUrl\":\"https:\/\/i2.wp.com\/www.anaromanature.com\/wp-content\/uploads\/2021\/02\/cropped-Logotipo-Anaroma-2.png?fit=290%2C288&ssl=1\",\"width\":290,\"height\":288,\"caption\":\"Anaroma Nature\"},\"image\":{\"@id\":\"https:\/\/www.anaromanature.com\/#\/schema\/logo\/image\/\"},\"sameAs\":[\"http:\/\/facebook.com\/Anaroma-326324794814915\",\"http:\/\/instagram.com\/anaromanature\"]}]}<\/script>\n<!-- \/ Yoast SEO plugin. -->","yoast_head_json":{"title":"Ambientador Mikado Coco TFC 40ml - Anaroma Nature","description":"Ambientador Mikado Coco TFC 40ml El Coco, un aroma con mucha personalidad que activa tus papilas gustativas. Un aroma tropical, de vacaciones y aventura,","robots":{"index":"index","follow":"follow","max-snippet":"max-snippet:-1","max-image-preview":"max-image-preview:large","max-video-preview":"max-video-preview:-1"},"canonical":"https:\/\/www.anaromanature.com\/index.php\/producto\/ambientador-mikado-coco-tfc-40ml\/","og_locale":"es_ES","og_type":"article","og_title":"Ambientador Mikado Coco TFC 40ml - Anaroma Nature","og_description":"Ambientador Mikado Coco TFC 40ml El Coco, un aroma con mucha personalidad que activa tus papilas gustativas. Un aroma tropical, de vacaciones y aventura,","og_url":"https:\/\/www.anaromanature.com\/index.php\/producto\/ambientador-mikado-coco-tfc-40ml\/","og_site_name":"Anaroma Nature","article_publisher":"http:\/\/facebook.com\/Anaroma-326324794814915","article_modified_time":"2024-02-17T19:12:26+00:00","og_image":[{"width":800,"height":800,"url":"https:\/\/www.anaromanature.com\/wp-content\/uploads\/2024\/02\/Ambientador-Mikado-Coco-TFC-40ml.png","type":"image\/png"}],"twitter_card":"summary_large_image","twitter_misc":{"Tiempo de lectura":"1 minuto"},"schema":{"@context":"https:\/\/schema.org","@graph":[{"@type":"WebPage","@id":"https:\/\/www.anaromanature.com\/index.php\/producto\/ambientador-mikado-coco-tfc-40ml\/","url":"https:\/\/www.anaromanature.com\/index.php\/producto\/ambientador-mikado-coco-tfc-40ml\/","name":"Ambientador Mikado Coco TFC 40ml - Anaroma Nature","isPartOf":{"@id":"https:\/\/www.anaromanature.com\/#website"},"primaryImageOfPage":{"@id":"https:\/\/www.anaromanature.com\/index.php\/producto\/ambientador-mikado-coco-tfc-40ml\/#primaryimage"},"image":{"@id":"https:\/\/www.anaromanature.com\/index.php\/producto\/ambientador-mikado-coco-tfc-40ml\/#primaryimage"},"thumbnailUrl":"https:\/\/www.anaromanature.com\/wp-content\/uploads\/2024\/02\/Ambientador-Mikado-Coco-TFC-40ml.png","datePublished":"2024-02-17T19:08:28+00:00","dateModified":"2024-02-17T19:12:26+00:00","description":"Ambientador Mikado Coco TFC 40ml El Coco, un aroma con mucha personalidad que activa tus papilas gustativas. Un aroma tropical, de vacaciones y aventura,","breadcrumb":{"@id":"https:\/\/www.anaromanature.com\/index.php\/producto\/ambientador-mikado-coco-tfc-40ml\/#breadcrumb"},"inLanguage":"es","potentialAction":[{"@type":"ReadAction","target":["https:\/\/www.anaromanature.com\/index.php\/producto\/ambientador-mikado-coco-tfc-40ml\/"]}]},{"@type":"ImageObject","inLanguage":"es","@id":"https:\/\/www.anaromanature.com\/index.php\/producto\/ambientador-mikado-coco-tfc-40ml\/#primaryimage","url":"https:\/\/www.anaromanature.com\/wp-content\/uploads\/2024\/02\/Ambientador-Mikado-Coco-TFC-40ml.png","contentUrl":"https:\/\/www.anaromanature.com\/wp-content\/uploads\/2024\/02\/Ambientador-Mikado-Coco-TFC-40ml.png","width":800,"height":800,"caption":"Ambientador Mikado Coco TFC 40ml"},{"@type":"BreadcrumbList","@id":"https:\/\/www.anaromanature.com\/index.php\/producto\/ambientador-mikado-coco-tfc-40ml\/#breadcrumb","itemListElement":[{"@type":"ListItem","position":1,"name":"Portada","item":"https:\/\/www.anaromanature.com\/"},{"@type":"ListItem","position":2,"name":"Tienda","item":"https:\/\/www.anaromanature.com\/index.php\/tienda-premium-online-anarome-nature\/"},{"@type":"ListItem","position":3,"name":"Ambientador Mikado Coco TFC 40ml"}]},{"@type":"WebSite","@id":"https:\/\/www.anaromanature.com\/#website","url":"https:\/\/www.anaromanature.com\/","name":"Anaroma Nature","description":"Aromas y color","publisher":{"@id":"https:\/\/www.anaromanature.com\/#organization"},"potentialAction":[{"@type":"SearchAction","target":{"@type":"EntryPoint","urlTemplate":"https:\/\/www.anaromanature.com\/?s={search_term_string}"},"query-input":{"@type":"PropertyValueSpecification","valueRequired":true,"valueName":"search_term_string"}}],"inLanguage":"es"},{"@type":"Organization","@id":"https:\/\/www.anaromanature.com\/#organization","name":"Anaroma Nature","url":"https:\/\/www.anaromanature.com\/","logo":{"@type":"ImageObject","inLanguage":"es","@id":"https:\/\/www.anaromanature.com\/#\/schema\/logo\/image\/","url":"https:\/\/i2.wp.com\/www.anaromanature.com\/wp-content\/uploads\/2021\/02\/cropped-Logotipo-Anaroma-2.png?fit=290%2C288&ssl=1","contentUrl":"https:\/\/i2.wp.com\/www.anaromanature.com\/wp-content\/uploads\/2021\/02\/cropped-Logotipo-Anaroma-2.png?fit=290%2C288&ssl=1","width":290,"height":288,"caption":"Anaroma Nature"},"image":{"@id":"https:\/\/www.anaromanature.com\/#\/schema\/logo\/image\/"},"sameAs":["http:\/\/facebook.com\/Anaroma-326324794814915","http:\/\/instagram.com\/anaromanature"]}]}},"_links":{"self":[{"href":"https:\/\/www.anaromanature.com\/index.php\/wp-json\/wp\/v2\/product\/6380","targetHints":{"allow":["GET"]}}],"collection":[{"href":"https:\/\/www.anaromanature.com\/index.php\/wp-json\/wp\/v2\/product"}],"about":[{"href":"https:\/\/www.anaromanature.com\/index.php\/wp-json\/wp\/v2\/types\/product"}],"replies":[{"embeddable":true,"href":"https:\/\/www.anaromanature.com\/index.php\/wp-json\/wp\/v2\/comments?post=6380"}],"wp:featuredmedia":[{"embeddable":true,"href":"https:\/\/www.anaromanature.com\/index.php\/wp-json\/wp\/v2\/media\/6383"}],"wp:attachment":[{"href":"https:\/\/www.anaromanature.com\/index.php\/wp-json\/wp\/v2\/media?parent=6380"}],"wp:term":[{"taxonomy":"product_brand","embeddable":true,"href":"https:\/\/www.anaromanature.com\/index.php\/wp-json\/wp\/v2\/product_brand?post=6380"},{"taxonomy":"product_cat","embeddable":true,"href":"https:\/\/www.anaromanature.com\/index.php\/wp-json\/wp\/v2\/product_cat?post=6380"},{"taxonomy":"product_tag","embeddable":true,"href":"https:\/\/www.anaromanature.com\/index.php\/wp-json\/wp\/v2\/product_tag?post=6380"}],"curies":[{"name":"wp","href":"https:\/\/api.w.org\/{rel}","templated":true}]}}