{"id":6395,"date":"2024-02-17T20:38:12","date_gmt":"2024-02-17T19:38:12","guid":{"rendered":"https:\/\/www.anaromanature.com\/?post_type=product&#038;p=6395"},"modified":"2024-11-19T10:48:26","modified_gmt":"2024-11-19T09:48:26","slug":"locion-corporal-melocoton-vitamin-200ml","status":"publish","type":"product","link":"https:\/\/www.anaromanature.com\/index.php\/producto\/locion-corporal-melocoton-vitamin-200ml\/","title":{"rendered":"Loci\u00f3n Corporal Melocot\u00f3n Vitamin+ 200ml"},"content":{"rendered":"<p>Loci\u00f3n Corporal Melocot\u00f3n Vitamin+ 200ml<\/p>\n<div class=\"woocommerce-product-details__short-description\">\n<p>\u00a1Lleva tu rutina de cuidado de la piel a un nuevo nivel con la\u00a0<strong>Loci\u00f3n Corporal Melocot\u00f3n Vitamin+ The Fruit Company<\/strong>! Su rica y ligera f\u00f3rmula\u00a0<strong>REAFIRMANTE<\/strong>\u00a0ayuda a mantener la elasticidad, igualar el tono de la piel y llenarla de luminosidad.\u00a0<strong>Enriquecida con vitamina C y un 98 % de ingredientes de origen natural,<\/strong>\u00a0esta loci\u00f3n nutritiva reafirmante dejar\u00e1 tu piel con una sensaci\u00f3n suave, tersa y firme como nunca antes. Disfruta de su dulce aroma a melocot\u00f3n\u00a0<em>peach bellini<\/em> mientras hidratas y cuidas de tu piel al m\u00e1ximo.<\/p>\n<p><strong style=\"color: var(--black-color);font-family: var(--primary-font)\">BENEFICIOS PARA LA PIEL<\/strong><\/p>\n<ul>\n<li>Loci\u00f3n Nutritiva Corporal.<\/li>\n<li><strong>REAFIRMATE. Enriquecida con Vitamina C.<\/strong>\u00a0La Vitamina C contribuye notablemente a la firmeza del tejido cut\u00e1neo dando como resultado pieles luminosas, el\u00e1sticas y uniformes. Textura cremosa y piel aterciopelada.<\/li>\n<li>98% ingredientes de origen natural.<\/li>\n<\/ul>\n<p>Cuida tu piel con <a style=\"font-family: var(--primary-font)\" href=\"https:\/\/www.anaromanature.com\/\">Anaroma Nature<\/a><\/p>\n<\/div>\n<div class=\"woocommerce-product-details__short-description\">\n<p><a href=\"mailto:%20info@anaromanature.com\">Cons\u00faltanos\u00a0<\/a>lo que necesites saber o aclarar.<\/p>\n<p>Visita nuestro\u00a0<a href=\"https:\/\/www.instagram.com\/anaromanature\/\">Instagram<\/a>.<\/p>\n<\/div>\n<p>&nbsp;<\/p>\n","protected":false},"excerpt":{"rendered":"<div class=\"woocommerce-product-details__short-description\">\n<p>\u00a1Lleva tu rutina de cuidado de la piel a un nuevo nivel con la\u00a0<strong>Loci\u00f3n Corporal Melocot\u00f3n Vitamin+ The Fruit Company<\/strong>! Su rica y ligera f\u00f3rmula\u00a0<strong>REAFIRMANTE<\/strong>\u00a0ayuda a mantener la elasticidad, igualar el tono de la piel y llenarla de luminosidad.\u00a0<strong>Enriquecida con vitamina C y un 98 % de ingredientes de origen natural,<\/strong>\u00a0esta loci\u00f3n nutritiva reafirmante dejar\u00e1 tu piel con una sensaci\u00f3n suave, tersa y firme como nunca antes. Disfruta de su dulce aroma a melocot\u00f3n\u00a0<em>peach bellini<\/em> mientras hidratas y cuidas de tu piel al m\u00e1ximo.<\/p>\n<p><span style=\"color: #ff9900\"><strong style=\"font-family: var(--primary-font)\">Descripci\u00f3n Olfativa<\/strong><\/span><\/p>\n<p><em><strong>Melocot\u00f3n peach bellini:<\/strong><\/em> La fragancia \u00fanica de peach bellini es sensual y sofisticada. Predominan las notas afrutadas y c\u00e1lida del melocot\u00f3n mezclada con un toque de prosseco y un fondo cremoso y dulce a vainilla.<\/p>\n<p><strong style=\"color: var(--black-color);font-family: var(--primary-font)\">Contenido:<\/strong><span style=\"color: var(--black-color);font-family: var(--primary-font)\"> 200ml<\/span><\/p>\n<\/div>\n","protected":false},"featured_media":6397,"comment_status":"open","ping_status":"closed","template":"","meta":{"_joinchat":[]},"product_brand":[],"product_cat":[605,599,644],"product_tag":[606,646],"class_list":{"0":"post-6395","1":"product","2":"type-product","3":"status-publish","4":"has-post-thumbnail","6":"product_cat-crema-corporal-tfc","7":"product_cat-the-fruit-company","8":"product_cat-vitamin","9":"product_tag-crema-corporal","10":"product_tag-melocoton","11":"latest_post","13":"first","14":"outofstock","15":"taxable","16":"shipping-taxable","17":"purchasable","18":"product-type-simple"},"yoast_head":"<!-- This site is optimized with the Yoast SEO plugin v27.4 - https:\/\/yoast.com\/product\/yoast-seo-wordpress\/ -->\n<title>Loci\u00f3n Corporal Melocot\u00f3n Vitamin+ 200ml - Anaroma Nature<\/title>\n<meta name=\"description\" content=\"Loci\u00f3n Corporal Melocot\u00f3n Vitamin+ 200ml \u00a1Lleva tu rutina de cuidado de la piel a un nuevo nivel con la\u00a0Loci\u00f3n Corporal Melocot\u00f3n Vitamin+ The Fruit\" \/>\n<meta name=\"robots\" content=\"index, follow, max-snippet:-1, max-image-preview:large, max-video-preview:-1\" \/>\n<link rel=\"canonical\" href=\"https:\/\/www.anaromanature.com\/index.php\/producto\/locion-corporal-melocoton-vitamin-200ml\/\" \/>\n<meta property=\"og:locale\" content=\"es_ES\" \/>\n<meta property=\"og:type\" content=\"article\" \/>\n<meta property=\"og:title\" content=\"Loci\u00f3n Corporal Melocot\u00f3n Vitamin+ 200ml - Anaroma Nature\" \/>\n<meta property=\"og:description\" content=\"Loci\u00f3n Corporal Melocot\u00f3n Vitamin+ 200ml \u00a1Lleva tu rutina de cuidado de la piel a un nuevo nivel con la\u00a0Loci\u00f3n Corporal Melocot\u00f3n Vitamin+ The Fruit\" \/>\n<meta property=\"og:url\" content=\"https:\/\/www.anaromanature.com\/index.php\/producto\/locion-corporal-melocoton-vitamin-200ml\/\" \/>\n<meta property=\"og:site_name\" content=\"Anaroma Nature\" \/>\n<meta property=\"article:publisher\" content=\"http:\/\/facebook.com\/Anaroma-326324794814915\" \/>\n<meta property=\"article:modified_time\" content=\"2024-11-19T09:48:26+00:00\" \/>\n<meta property=\"og:image\" content=\"https:\/\/www.anaromanature.com\/wp-content\/uploads\/2024\/02\/Locion-Corporal-Melocoton-Vitamin-200ml.jpg\" \/>\n\t<meta property=\"og:image:width\" content=\"1200\" \/>\n\t<meta property=\"og:image:height\" content=\"1200\" \/>\n\t<meta property=\"og:image:type\" content=\"image\/jpeg\" \/>\n<meta name=\"twitter:card\" content=\"summary_large_image\" \/>\n<meta name=\"twitter:label1\" content=\"Tiempo de lectura\" \/>\n\t<meta name=\"twitter:data1\" content=\"1 minuto\" \/>\n<script type=\"application\/ld+json\" class=\"yoast-schema-graph\">{\"@context\":\"https:\\\/\\\/schema.org\",\"@graph\":[{\"@type\":\"WebPage\",\"@id\":\"https:\\\/\\\/www.anaromanature.com\\\/index.php\\\/producto\\\/locion-corporal-melocoton-vitamin-200ml\\\/\",\"url\":\"https:\\\/\\\/www.anaromanature.com\\\/index.php\\\/producto\\\/locion-corporal-melocoton-vitamin-200ml\\\/\",\"name\":\"Loci\u00f3n Corporal Melocot\u00f3n Vitamin+ 200ml - Anaroma Nature\",\"isPartOf\":{\"@id\":\"https:\\\/\\\/www.anaromanature.com\\\/#website\"},\"primaryImageOfPage\":{\"@id\":\"https:\\\/\\\/www.anaromanature.com\\\/index.php\\\/producto\\\/locion-corporal-melocoton-vitamin-200ml\\\/#primaryimage\"},\"image\":{\"@id\":\"https:\\\/\\\/www.anaromanature.com\\\/index.php\\\/producto\\\/locion-corporal-melocoton-vitamin-200ml\\\/#primaryimage\"},\"thumbnailUrl\":\"https:\\\/\\\/www.anaromanature.com\\\/wp-content\\\/uploads\\\/2024\\\/02\\\/Locion-Corporal-Melocoton-Vitamin-200ml.jpg\",\"datePublished\":\"2024-02-17T19:38:12+00:00\",\"dateModified\":\"2024-11-19T09:48:26+00:00\",\"description\":\"Loci\u00f3n Corporal Melocot\u00f3n Vitamin+ 200ml \u00a1Lleva tu rutina de cuidado de la piel a un nuevo nivel con la\u00a0Loci\u00f3n Corporal Melocot\u00f3n Vitamin+ The Fruit\",\"breadcrumb\":{\"@id\":\"https:\\\/\\\/www.anaromanature.com\\\/index.php\\\/producto\\\/locion-corporal-melocoton-vitamin-200ml\\\/#breadcrumb\"},\"inLanguage\":\"es\",\"potentialAction\":[{\"@type\":\"ReadAction\",\"target\":[\"https:\\\/\\\/www.anaromanature.com\\\/index.php\\\/producto\\\/locion-corporal-melocoton-vitamin-200ml\\\/\"]}]},{\"@type\":\"ImageObject\",\"inLanguage\":\"es\",\"@id\":\"https:\\\/\\\/www.anaromanature.com\\\/index.php\\\/producto\\\/locion-corporal-melocoton-vitamin-200ml\\\/#primaryimage\",\"url\":\"https:\\\/\\\/www.anaromanature.com\\\/wp-content\\\/uploads\\\/2024\\\/02\\\/Locion-Corporal-Melocoton-Vitamin-200ml.jpg\",\"contentUrl\":\"https:\\\/\\\/www.anaromanature.com\\\/wp-content\\\/uploads\\\/2024\\\/02\\\/Locion-Corporal-Melocoton-Vitamin-200ml.jpg\",\"width\":1200,\"height\":1200,\"caption\":\"Loci\u00f3n Corporal Melocot\u00f3n Vitamin+ 200ml\"},{\"@type\":\"BreadcrumbList\",\"@id\":\"https:\\\/\\\/www.anaromanature.com\\\/index.php\\\/producto\\\/locion-corporal-melocoton-vitamin-200ml\\\/#breadcrumb\",\"itemListElement\":[{\"@type\":\"ListItem\",\"position\":1,\"name\":\"Portada\",\"item\":\"https:\\\/\\\/www.anaromanature.com\\\/\"},{\"@type\":\"ListItem\",\"position\":2,\"name\":\"Tienda\",\"item\":\"https:\\\/\\\/www.anaromanature.com\\\/index.php\\\/tienda-premium-online-anarome-nature\\\/\"},{\"@type\":\"ListItem\",\"position\":3,\"name\":\"Loci\u00f3n Corporal Melocot\u00f3n Vitamin+ 200ml\"}]},{\"@type\":\"WebSite\",\"@id\":\"https:\\\/\\\/www.anaromanature.com\\\/#website\",\"url\":\"https:\\\/\\\/www.anaromanature.com\\\/\",\"name\":\"Anaroma Nature\",\"description\":\"Aromas y color\",\"publisher\":{\"@id\":\"https:\\\/\\\/www.anaromanature.com\\\/#organization\"},\"potentialAction\":[{\"@type\":\"SearchAction\",\"target\":{\"@type\":\"EntryPoint\",\"urlTemplate\":\"https:\\\/\\\/www.anaromanature.com\\\/?s={search_term_string}\"},\"query-input\":{\"@type\":\"PropertyValueSpecification\",\"valueRequired\":true,\"valueName\":\"search_term_string\"}}],\"inLanguage\":\"es\"},{\"@type\":\"Organization\",\"@id\":\"https:\\\/\\\/www.anaromanature.com\\\/#organization\",\"name\":\"Anaroma Nature\",\"url\":\"https:\\\/\\\/www.anaromanature.com\\\/\",\"logo\":{\"@type\":\"ImageObject\",\"inLanguage\":\"es\",\"@id\":\"https:\\\/\\\/www.anaromanature.com\\\/#\\\/schema\\\/logo\\\/image\\\/\",\"url\":\"https:\\\/\\\/i2.wp.com\\\/www.anaromanature.com\\\/wp-content\\\/uploads\\\/2021\\\/02\\\/cropped-Logotipo-Anaroma-2.png?fit=290%2C288&ssl=1\",\"contentUrl\":\"https:\\\/\\\/i2.wp.com\\\/www.anaromanature.com\\\/wp-content\\\/uploads\\\/2021\\\/02\\\/cropped-Logotipo-Anaroma-2.png?fit=290%2C288&ssl=1\",\"width\":290,\"height\":288,\"caption\":\"Anaroma Nature\"},\"image\":{\"@id\":\"https:\\\/\\\/www.anaromanature.com\\\/#\\\/schema\\\/logo\\\/image\\\/\"},\"sameAs\":[\"http:\\\/\\\/facebook.com\\\/Anaroma-326324794814915\",\"http:\\\/\\\/instagram.com\\\/anaromanature\"]}]}<\/script>\n<!-- \/ Yoast SEO plugin. -->","yoast_head_json":{"title":"Loci\u00f3n Corporal Melocot\u00f3n Vitamin+ 200ml - Anaroma Nature","description":"Loci\u00f3n Corporal Melocot\u00f3n Vitamin+ 200ml \u00a1Lleva tu rutina de cuidado de la piel a un nuevo nivel con la\u00a0Loci\u00f3n Corporal Melocot\u00f3n Vitamin+ The Fruit","robots":{"index":"index","follow":"follow","max-snippet":"max-snippet:-1","max-image-preview":"max-image-preview:large","max-video-preview":"max-video-preview:-1"},"canonical":"https:\/\/www.anaromanature.com\/index.php\/producto\/locion-corporal-melocoton-vitamin-200ml\/","og_locale":"es_ES","og_type":"article","og_title":"Loci\u00f3n Corporal Melocot\u00f3n Vitamin+ 200ml - Anaroma Nature","og_description":"Loci\u00f3n Corporal Melocot\u00f3n Vitamin+ 200ml \u00a1Lleva tu rutina de cuidado de la piel a un nuevo nivel con la\u00a0Loci\u00f3n Corporal Melocot\u00f3n Vitamin+ The Fruit","og_url":"https:\/\/www.anaromanature.com\/index.php\/producto\/locion-corporal-melocoton-vitamin-200ml\/","og_site_name":"Anaroma Nature","article_publisher":"http:\/\/facebook.com\/Anaroma-326324794814915","article_modified_time":"2024-11-19T09:48:26+00:00","og_image":[{"width":1200,"height":1200,"url":"https:\/\/www.anaromanature.com\/wp-content\/uploads\/2024\/02\/Locion-Corporal-Melocoton-Vitamin-200ml.jpg","type":"image\/jpeg"}],"twitter_card":"summary_large_image","twitter_misc":{"Tiempo de lectura":"1 minuto"},"schema":{"@context":"https:\/\/schema.org","@graph":[{"@type":"WebPage","@id":"https:\/\/www.anaromanature.com\/index.php\/producto\/locion-corporal-melocoton-vitamin-200ml\/","url":"https:\/\/www.anaromanature.com\/index.php\/producto\/locion-corporal-melocoton-vitamin-200ml\/","name":"Loci\u00f3n Corporal Melocot\u00f3n Vitamin+ 200ml - Anaroma Nature","isPartOf":{"@id":"https:\/\/www.anaromanature.com\/#website"},"primaryImageOfPage":{"@id":"https:\/\/www.anaromanature.com\/index.php\/producto\/locion-corporal-melocoton-vitamin-200ml\/#primaryimage"},"image":{"@id":"https:\/\/www.anaromanature.com\/index.php\/producto\/locion-corporal-melocoton-vitamin-200ml\/#primaryimage"},"thumbnailUrl":"https:\/\/www.anaromanature.com\/wp-content\/uploads\/2024\/02\/Locion-Corporal-Melocoton-Vitamin-200ml.jpg","datePublished":"2024-02-17T19:38:12+00:00","dateModified":"2024-11-19T09:48:26+00:00","description":"Loci\u00f3n Corporal Melocot\u00f3n Vitamin+ 200ml \u00a1Lleva tu rutina de cuidado de la piel a un nuevo nivel con la\u00a0Loci\u00f3n Corporal Melocot\u00f3n Vitamin+ The Fruit","breadcrumb":{"@id":"https:\/\/www.anaromanature.com\/index.php\/producto\/locion-corporal-melocoton-vitamin-200ml\/#breadcrumb"},"inLanguage":"es","potentialAction":[{"@type":"ReadAction","target":["https:\/\/www.anaromanature.com\/index.php\/producto\/locion-corporal-melocoton-vitamin-200ml\/"]}]},{"@type":"ImageObject","inLanguage":"es","@id":"https:\/\/www.anaromanature.com\/index.php\/producto\/locion-corporal-melocoton-vitamin-200ml\/#primaryimage","url":"https:\/\/www.anaromanature.com\/wp-content\/uploads\/2024\/02\/Locion-Corporal-Melocoton-Vitamin-200ml.jpg","contentUrl":"https:\/\/www.anaromanature.com\/wp-content\/uploads\/2024\/02\/Locion-Corporal-Melocoton-Vitamin-200ml.jpg","width":1200,"height":1200,"caption":"Loci\u00f3n Corporal Melocot\u00f3n Vitamin+ 200ml"},{"@type":"BreadcrumbList","@id":"https:\/\/www.anaromanature.com\/index.php\/producto\/locion-corporal-melocoton-vitamin-200ml\/#breadcrumb","itemListElement":[{"@type":"ListItem","position":1,"name":"Portada","item":"https:\/\/www.anaromanature.com\/"},{"@type":"ListItem","position":2,"name":"Tienda","item":"https:\/\/www.anaromanature.com\/index.php\/tienda-premium-online-anarome-nature\/"},{"@type":"ListItem","position":3,"name":"Loci\u00f3n Corporal Melocot\u00f3n Vitamin+ 200ml"}]},{"@type":"WebSite","@id":"https:\/\/www.anaromanature.com\/#website","url":"https:\/\/www.anaromanature.com\/","name":"Anaroma Nature","description":"Aromas y color","publisher":{"@id":"https:\/\/www.anaromanature.com\/#organization"},"potentialAction":[{"@type":"SearchAction","target":{"@type":"EntryPoint","urlTemplate":"https:\/\/www.anaromanature.com\/?s={search_term_string}"},"query-input":{"@type":"PropertyValueSpecification","valueRequired":true,"valueName":"search_term_string"}}],"inLanguage":"es"},{"@type":"Organization","@id":"https:\/\/www.anaromanature.com\/#organization","name":"Anaroma Nature","url":"https:\/\/www.anaromanature.com\/","logo":{"@type":"ImageObject","inLanguage":"es","@id":"https:\/\/www.anaromanature.com\/#\/schema\/logo\/image\/","url":"https:\/\/i2.wp.com\/www.anaromanature.com\/wp-content\/uploads\/2021\/02\/cropped-Logotipo-Anaroma-2.png?fit=290%2C288&ssl=1","contentUrl":"https:\/\/i2.wp.com\/www.anaromanature.com\/wp-content\/uploads\/2021\/02\/cropped-Logotipo-Anaroma-2.png?fit=290%2C288&ssl=1","width":290,"height":288,"caption":"Anaroma Nature"},"image":{"@id":"https:\/\/www.anaromanature.com\/#\/schema\/logo\/image\/"},"sameAs":["http:\/\/facebook.com\/Anaroma-326324794814915","http:\/\/instagram.com\/anaromanature"]}]}},"_links":{"self":[{"href":"https:\/\/www.anaromanature.com\/index.php\/wp-json\/wp\/v2\/product\/6395","targetHints":{"allow":["GET"]}}],"collection":[{"href":"https:\/\/www.anaromanature.com\/index.php\/wp-json\/wp\/v2\/product"}],"about":[{"href":"https:\/\/www.anaromanature.com\/index.php\/wp-json\/wp\/v2\/types\/product"}],"replies":[{"embeddable":true,"href":"https:\/\/www.anaromanature.com\/index.php\/wp-json\/wp\/v2\/comments?post=6395"}],"wp:featuredmedia":[{"embeddable":true,"href":"https:\/\/www.anaromanature.com\/index.php\/wp-json\/wp\/v2\/media\/6397"}],"wp:attachment":[{"href":"https:\/\/www.anaromanature.com\/index.php\/wp-json\/wp\/v2\/media?parent=6395"}],"wp:term":[{"taxonomy":"product_brand","embeddable":true,"href":"https:\/\/www.anaromanature.com\/index.php\/wp-json\/wp\/v2\/product_brand?post=6395"},{"taxonomy":"product_cat","embeddable":true,"href":"https:\/\/www.anaromanature.com\/index.php\/wp-json\/wp\/v2\/product_cat?post=6395"},{"taxonomy":"product_tag","embeddable":true,"href":"https:\/\/www.anaromanature.com\/index.php\/wp-json\/wp\/v2\/product_tag?post=6395"}],"curies":[{"name":"wp","href":"https:\/\/api.w.org\/{rel}","templated":true}]}}