{"id":6410,"date":"2024-02-19T20:21:15","date_gmt":"2024-02-19T19:21:15","guid":{"rendered":"https:\/\/www.anaromanature.com\/?post_type=product&#038;p=6410"},"modified":"2025-01-10T17:15:46","modified_gmt":"2025-01-10T16:15:46","slug":"mikado-black-edition-125-ml-pink-magnolia","status":"publish","type":"product","link":"https:\/\/www.anaromanature.com\/index.php\/producto\/mikado-black-edition-125-ml-pink-magnolia\/","title":{"rendered":"MIKADO Black Edition 125 ml. Pink Magnolia"},"content":{"rendered":"<p>MIKADO Black Edition 125 ml. Pink Magnolia<\/p>\n<p><strong style=\"color: var(--black-color); font-family: var(--primary-font);\">Caracter\u00edsticas de la l\u00ednea Black Edition:<\/strong><\/p>\n<ul>\n<li>Black Edition est\u00e1 formulada sobre alcohol natural (Ca\u00f1a de Az\u00facar).<\/li>\n<li>Sin conservantes ni colorantes.<\/li>\n<li>Varitas de fibra de algod\u00f3n que aseguran una m\u00e1xima absorci\u00f3n.<\/li>\n<\/ul>\n<p>Formato tradicional de \u00abpalitos\u00bb para ambientar tu hogar.<\/p>\n<p>Cuenta con un dise\u00f1o pr\u00e1ctico y moderno, detalle esencial para quien no quiere que desentone dentro de la decoraci\u00f3n de su hogar.<\/p>\n<p>Es la mejor herramienta si te gusta personalizar el aroma de cada estancia de tu casa.<\/p>\n<p>Ya que no necesita ninguna fuente de alimentaci\u00f3n, es ideal para dejarlo colocado en esa residencia que s\u00f3lo usas los fines de semana y durante la semana se mantiene cerrada. \u00a1Qu\u00e9 mejor que cuando abramos la puerta nos reciba un olor a hogar!.<\/p>\n<p><strong>Instrucciones de uso:<\/strong><\/p>\n<p>1.- Abre el paquete y saca el envase.<\/p>\n<p>2.- Destapa la botella e introduce las varitas que lo acompa\u00f1an.<\/p>\n<p>3.- Coloca tu Mikado, en el lugar deseado.<\/p>\n<p>4.- Voltea las varitas cada 6 \u00f3 7 d\u00edas.<\/p>\n<p>5.- Si quieres regular la intensidad de fragancia, tan s\u00f3lo debes ir probando la cantidad de palitos que has de introducir en el l\u00edquido.<\/p>\n<p><strong>Precauciones de uso:<\/strong><\/p>\n<ul>\n<li>No coloques tu Mikado encima ni debajo de una fuente de calor (acelerar\u00e1 la evaporaci\u00f3n).<\/li>\n<li>Para evitar una evaporaci\u00f3n de producto excesiva al introducir los palitos, humedece ligeramente estos y s\u00e9calos; despu\u00e9s introducelos en el l\u00edquido.<\/li>\n<li>No rellenar con agua ni ning\u00fan otro producto cuando baje el nivel, ya que perder\u00e1 si eficacia.<\/li>\n<li>Una vez agotado el l\u00edquido, puedes rellenarlo con el \u00abrecambio de mikado\u00bb, este lleva incluido los palitos. \u00a1P\u00eddelos en tu tienda!.<\/li>\n<\/ul>\n<p>MIKADO Black Edition 125 ml. Pink Magnolia<\/p>\n<p><span style=\"color: var(--black-color); font-family: var(--primary-font);\">Perfuma tu hogar con\u00a0<\/span><a style=\"font-family: var(--primary-font);\" href=\"https:\/\/www.anaromanature.com\/\">Anaroma Nature<\/a><\/p>\n<p><a href=\"mailto:%20info@anaromanature.com\">Cons\u00faltanos\u00a0<\/a>lo que necesites saber o aclarar.<\/p>\n<p>S\u00edguenos en <a href=\"https:\/\/www.instagram.com\/anaromanature\/\">Instagram<\/a>.<\/p>\n","protected":false},"excerpt":{"rendered":"<p>Contenido: 125 ml.<\/p>\n<p>Duraci\u00f3n: hasta 3 meses.<\/p>\n<p><strong>Floral<\/strong><\/p>\n<p>De entre todas sus variedades, la Pink Magnolia es la reina. De extravagante belleza, florece en primavera en las soleadas laderas del Nepal, con un aroma exquisito, fresco , majestuoso y radiante. Huele a pura flor.<\/p>\n<p><strong>Notas de fragancia<\/strong><\/p>\n<ul>\n<li><strong>Salida:\u00a0<\/strong>Pomelo y un toque de Pera de Agua y hojas de Limonero.<\/li>\n<li><strong>Coraz\u00f3n:\u00a0<\/strong>Magnolia, hojas de Violeta , Ciruela roja y Mel\u00f3n.<\/li>\n<li><strong>Fondo:\u00a0<\/strong>Madera de S\u00e1ndalo blanco, Pachuli, Ambar, flores de Frangipani.<\/li>\n<\/ul>\n","protected":false},"featured_media":6411,"comment_status":"open","ping_status":"closed","template":"","meta":{"_joinchat":[]},"product_brand":[],"product_cat":[26,27,29],"product_tag":[42,109,43,103],"class_list":{"0":"post-6410","1":"product","2":"type-product","3":"status-publish","4":"has-post-thumbnail","6":"product_cat-boles-dolor-un-mundo-de-suenos-fragantes","7":"product_cat-mikado","8":"product_cat-mikado-linea-black-edition","9":"product_tag-ambientador","10":"product_tag-black-edition","11":"product_tag-floral","12":"product_tag-mikado","13":"latest_post","15":"first","16":"instock","17":"taxable","18":"shipping-taxable","19":"purchasable","20":"product-type-simple"},"yoast_head":"<!-- This site is optimized with the Yoast SEO plugin v27.4 - https:\/\/yoast.com\/product\/yoast-seo-wordpress\/ -->\n<title>MIKADO Black Edition 125 ml. Pink Magnolia - Anaroma Nature - Tienda<\/title>\n<meta name=\"description\" content=\"MIKADO Black Edition 125 ml. Pink Magnolia Caracter\u00edsticas de la l\u00ednea Black Edition: Black Edition est\u00e1 formulada sobre alcohol natural (Ca\u00f1a de Az\u00facar).\" \/>\n<meta name=\"robots\" content=\"index, follow, max-snippet:-1, max-image-preview:large, max-video-preview:-1\" \/>\n<link rel=\"canonical\" href=\"https:\/\/www.anaromanature.com\/index.php\/producto\/mikado-black-edition-125-ml-pink-magnolia\/\" \/>\n<meta property=\"og:locale\" content=\"es_ES\" \/>\n<meta property=\"og:type\" content=\"article\" \/>\n<meta property=\"og:title\" content=\"MIKADO Black Edition 125 ml. Pink Magnolia - Anaroma Nature - Tienda\" \/>\n<meta property=\"og:description\" content=\"MIKADO Black Edition 125 ml. Pink Magnolia Caracter\u00edsticas de la l\u00ednea Black Edition: Black Edition est\u00e1 formulada sobre alcohol natural (Ca\u00f1a de Az\u00facar).\" \/>\n<meta property=\"og:url\" content=\"https:\/\/www.anaromanature.com\/index.php\/producto\/mikado-black-edition-125-ml-pink-magnolia\/\" \/>\n<meta property=\"og:site_name\" content=\"Anaroma Nature\" \/>\n<meta property=\"article:publisher\" content=\"http:\/\/facebook.com\/Anaroma-326324794814915\" \/>\n<meta property=\"article:modified_time\" content=\"2025-01-10T16:15:46+00:00\" \/>\n<meta property=\"og:image\" content=\"https:\/\/www.anaromanature.com\/wp-content\/uploads\/2024\/02\/MIKADO-Black-Edition-125-ml.-Pink-Magnolia-0800073.jpg\" \/>\n\t<meta property=\"og:image:width\" content=\"800\" \/>\n\t<meta property=\"og:image:height\" content=\"800\" \/>\n\t<meta property=\"og:image:type\" content=\"image\/jpeg\" \/>\n<meta name=\"twitter:card\" content=\"summary_large_image\" \/>\n<meta name=\"twitter:label1\" content=\"Tiempo de lectura\" \/>\n\t<meta name=\"twitter:data1\" content=\"2 minutos\" \/>\n<script type=\"application\/ld+json\" class=\"yoast-schema-graph\">{\"@context\":\"https:\\\/\\\/schema.org\",\"@graph\":[{\"@type\":\"WebPage\",\"@id\":\"https:\\\/\\\/www.anaromanature.com\\\/index.php\\\/producto\\\/mikado-black-edition-125-ml-pink-magnolia\\\/\",\"url\":\"https:\\\/\\\/www.anaromanature.com\\\/index.php\\\/producto\\\/mikado-black-edition-125-ml-pink-magnolia\\\/\",\"name\":\"MIKADO Black Edition 125 ml. Pink Magnolia - Anaroma Nature - Tienda\",\"isPartOf\":{\"@id\":\"https:\\\/\\\/www.anaromanature.com\\\/#website\"},\"primaryImageOfPage\":{\"@id\":\"https:\\\/\\\/www.anaromanature.com\\\/index.php\\\/producto\\\/mikado-black-edition-125-ml-pink-magnolia\\\/#primaryimage\"},\"image\":{\"@id\":\"https:\\\/\\\/www.anaromanature.com\\\/index.php\\\/producto\\\/mikado-black-edition-125-ml-pink-magnolia\\\/#primaryimage\"},\"thumbnailUrl\":\"https:\\\/\\\/www.anaromanature.com\\\/wp-content\\\/uploads\\\/2024\\\/02\\\/MIKADO-Black-Edition-125-ml.-Pink-Magnolia-0800073.jpg\",\"datePublished\":\"2024-02-19T19:21:15+00:00\",\"dateModified\":\"2025-01-10T16:15:46+00:00\",\"description\":\"MIKADO Black Edition 125 ml. Pink Magnolia Caracter\u00edsticas de la l\u00ednea Black Edition: Black Edition est\u00e1 formulada sobre alcohol natural (Ca\u00f1a de Az\u00facar).\",\"breadcrumb\":{\"@id\":\"https:\\\/\\\/www.anaromanature.com\\\/index.php\\\/producto\\\/mikado-black-edition-125-ml-pink-magnolia\\\/#breadcrumb\"},\"inLanguage\":\"es\",\"potentialAction\":[{\"@type\":\"ReadAction\",\"target\":[\"https:\\\/\\\/www.anaromanature.com\\\/index.php\\\/producto\\\/mikado-black-edition-125-ml-pink-magnolia\\\/\"]}]},{\"@type\":\"ImageObject\",\"inLanguage\":\"es\",\"@id\":\"https:\\\/\\\/www.anaromanature.com\\\/index.php\\\/producto\\\/mikado-black-edition-125-ml-pink-magnolia\\\/#primaryimage\",\"url\":\"https:\\\/\\\/www.anaromanature.com\\\/wp-content\\\/uploads\\\/2024\\\/02\\\/MIKADO-Black-Edition-125-ml.-Pink-Magnolia-0800073.jpg\",\"contentUrl\":\"https:\\\/\\\/www.anaromanature.com\\\/wp-content\\\/uploads\\\/2024\\\/02\\\/MIKADO-Black-Edition-125-ml.-Pink-Magnolia-0800073.jpg\",\"width\":800,\"height\":800,\"caption\":\"MIKADO Black Edition 125 ml. Pink Magnolia (0800073)\"},{\"@type\":\"BreadcrumbList\",\"@id\":\"https:\\\/\\\/www.anaromanature.com\\\/index.php\\\/producto\\\/mikado-black-edition-125-ml-pink-magnolia\\\/#breadcrumb\",\"itemListElement\":[{\"@type\":\"ListItem\",\"position\":1,\"name\":\"Portada\",\"item\":\"https:\\\/\\\/www.anaromanature.com\\\/\"},{\"@type\":\"ListItem\",\"position\":2,\"name\":\"Tienda\",\"item\":\"https:\\\/\\\/www.anaromanature.com\\\/index.php\\\/tienda-premium-online-anarome-nature\\\/\"},{\"@type\":\"ListItem\",\"position\":3,\"name\":\"MIKADO Black Edition 125 ml. Pink Magnolia\"}]},{\"@type\":\"WebSite\",\"@id\":\"https:\\\/\\\/www.anaromanature.com\\\/#website\",\"url\":\"https:\\\/\\\/www.anaromanature.com\\\/\",\"name\":\"Anaroma Nature\",\"description\":\"Aromas y color\",\"publisher\":{\"@id\":\"https:\\\/\\\/www.anaromanature.com\\\/#organization\"},\"potentialAction\":[{\"@type\":\"SearchAction\",\"target\":{\"@type\":\"EntryPoint\",\"urlTemplate\":\"https:\\\/\\\/www.anaromanature.com\\\/?s={search_term_string}\"},\"query-input\":{\"@type\":\"PropertyValueSpecification\",\"valueRequired\":true,\"valueName\":\"search_term_string\"}}],\"inLanguage\":\"es\"},{\"@type\":\"Organization\",\"@id\":\"https:\\\/\\\/www.anaromanature.com\\\/#organization\",\"name\":\"Anaroma Nature\",\"url\":\"https:\\\/\\\/www.anaromanature.com\\\/\",\"logo\":{\"@type\":\"ImageObject\",\"inLanguage\":\"es\",\"@id\":\"https:\\\/\\\/www.anaromanature.com\\\/#\\\/schema\\\/logo\\\/image\\\/\",\"url\":\"https:\\\/\\\/i2.wp.com\\\/www.anaromanature.com\\\/wp-content\\\/uploads\\\/2021\\\/02\\\/cropped-Logotipo-Anaroma-2.png?fit=290%2C288&ssl=1\",\"contentUrl\":\"https:\\\/\\\/i2.wp.com\\\/www.anaromanature.com\\\/wp-content\\\/uploads\\\/2021\\\/02\\\/cropped-Logotipo-Anaroma-2.png?fit=290%2C288&ssl=1\",\"width\":290,\"height\":288,\"caption\":\"Anaroma Nature\"},\"image\":{\"@id\":\"https:\\\/\\\/www.anaromanature.com\\\/#\\\/schema\\\/logo\\\/image\\\/\"},\"sameAs\":[\"http:\\\/\\\/facebook.com\\\/Anaroma-326324794814915\",\"http:\\\/\\\/instagram.com\\\/anaromanature\"]}]}<\/script>\n<!-- \/ Yoast SEO plugin. -->","yoast_head_json":{"title":"MIKADO Black Edition 125 ml. Pink Magnolia - Anaroma Nature - Tienda","description":"MIKADO Black Edition 125 ml. Pink Magnolia Caracter\u00edsticas de la l\u00ednea Black Edition: Black Edition est\u00e1 formulada sobre alcohol natural (Ca\u00f1a de Az\u00facar).","robots":{"index":"index","follow":"follow","max-snippet":"max-snippet:-1","max-image-preview":"max-image-preview:large","max-video-preview":"max-video-preview:-1"},"canonical":"https:\/\/www.anaromanature.com\/index.php\/producto\/mikado-black-edition-125-ml-pink-magnolia\/","og_locale":"es_ES","og_type":"article","og_title":"MIKADO Black Edition 125 ml. Pink Magnolia - Anaroma Nature - Tienda","og_description":"MIKADO Black Edition 125 ml. Pink Magnolia Caracter\u00edsticas de la l\u00ednea Black Edition: Black Edition est\u00e1 formulada sobre alcohol natural (Ca\u00f1a de Az\u00facar).","og_url":"https:\/\/www.anaromanature.com\/index.php\/producto\/mikado-black-edition-125-ml-pink-magnolia\/","og_site_name":"Anaroma Nature","article_publisher":"http:\/\/facebook.com\/Anaroma-326324794814915","article_modified_time":"2025-01-10T16:15:46+00:00","og_image":[{"width":800,"height":800,"url":"https:\/\/www.anaromanature.com\/wp-content\/uploads\/2024\/02\/MIKADO-Black-Edition-125-ml.-Pink-Magnolia-0800073.jpg","type":"image\/jpeg"}],"twitter_card":"summary_large_image","twitter_misc":{"Tiempo de lectura":"2 minutos"},"schema":{"@context":"https:\/\/schema.org","@graph":[{"@type":"WebPage","@id":"https:\/\/www.anaromanature.com\/index.php\/producto\/mikado-black-edition-125-ml-pink-magnolia\/","url":"https:\/\/www.anaromanature.com\/index.php\/producto\/mikado-black-edition-125-ml-pink-magnolia\/","name":"MIKADO Black Edition 125 ml. Pink Magnolia - Anaroma Nature - Tienda","isPartOf":{"@id":"https:\/\/www.anaromanature.com\/#website"},"primaryImageOfPage":{"@id":"https:\/\/www.anaromanature.com\/index.php\/producto\/mikado-black-edition-125-ml-pink-magnolia\/#primaryimage"},"image":{"@id":"https:\/\/www.anaromanature.com\/index.php\/producto\/mikado-black-edition-125-ml-pink-magnolia\/#primaryimage"},"thumbnailUrl":"https:\/\/www.anaromanature.com\/wp-content\/uploads\/2024\/02\/MIKADO-Black-Edition-125-ml.-Pink-Magnolia-0800073.jpg","datePublished":"2024-02-19T19:21:15+00:00","dateModified":"2025-01-10T16:15:46+00:00","description":"MIKADO Black Edition 125 ml. Pink Magnolia Caracter\u00edsticas de la l\u00ednea Black Edition: Black Edition est\u00e1 formulada sobre alcohol natural (Ca\u00f1a de Az\u00facar).","breadcrumb":{"@id":"https:\/\/www.anaromanature.com\/index.php\/producto\/mikado-black-edition-125-ml-pink-magnolia\/#breadcrumb"},"inLanguage":"es","potentialAction":[{"@type":"ReadAction","target":["https:\/\/www.anaromanature.com\/index.php\/producto\/mikado-black-edition-125-ml-pink-magnolia\/"]}]},{"@type":"ImageObject","inLanguage":"es","@id":"https:\/\/www.anaromanature.com\/index.php\/producto\/mikado-black-edition-125-ml-pink-magnolia\/#primaryimage","url":"https:\/\/www.anaromanature.com\/wp-content\/uploads\/2024\/02\/MIKADO-Black-Edition-125-ml.-Pink-Magnolia-0800073.jpg","contentUrl":"https:\/\/www.anaromanature.com\/wp-content\/uploads\/2024\/02\/MIKADO-Black-Edition-125-ml.-Pink-Magnolia-0800073.jpg","width":800,"height":800,"caption":"MIKADO Black Edition 125 ml. Pink Magnolia (0800073)"},{"@type":"BreadcrumbList","@id":"https:\/\/www.anaromanature.com\/index.php\/producto\/mikado-black-edition-125-ml-pink-magnolia\/#breadcrumb","itemListElement":[{"@type":"ListItem","position":1,"name":"Portada","item":"https:\/\/www.anaromanature.com\/"},{"@type":"ListItem","position":2,"name":"Tienda","item":"https:\/\/www.anaromanature.com\/index.php\/tienda-premium-online-anarome-nature\/"},{"@type":"ListItem","position":3,"name":"MIKADO Black Edition 125 ml. Pink Magnolia"}]},{"@type":"WebSite","@id":"https:\/\/www.anaromanature.com\/#website","url":"https:\/\/www.anaromanature.com\/","name":"Anaroma Nature","description":"Aromas y color","publisher":{"@id":"https:\/\/www.anaromanature.com\/#organization"},"potentialAction":[{"@type":"SearchAction","target":{"@type":"EntryPoint","urlTemplate":"https:\/\/www.anaromanature.com\/?s={search_term_string}"},"query-input":{"@type":"PropertyValueSpecification","valueRequired":true,"valueName":"search_term_string"}}],"inLanguage":"es"},{"@type":"Organization","@id":"https:\/\/www.anaromanature.com\/#organization","name":"Anaroma Nature","url":"https:\/\/www.anaromanature.com\/","logo":{"@type":"ImageObject","inLanguage":"es","@id":"https:\/\/www.anaromanature.com\/#\/schema\/logo\/image\/","url":"https:\/\/i2.wp.com\/www.anaromanature.com\/wp-content\/uploads\/2021\/02\/cropped-Logotipo-Anaroma-2.png?fit=290%2C288&ssl=1","contentUrl":"https:\/\/i2.wp.com\/www.anaromanature.com\/wp-content\/uploads\/2021\/02\/cropped-Logotipo-Anaroma-2.png?fit=290%2C288&ssl=1","width":290,"height":288,"caption":"Anaroma Nature"},"image":{"@id":"https:\/\/www.anaromanature.com\/#\/schema\/logo\/image\/"},"sameAs":["http:\/\/facebook.com\/Anaroma-326324794814915","http:\/\/instagram.com\/anaromanature"]}]}},"_links":{"self":[{"href":"https:\/\/www.anaromanature.com\/index.php\/wp-json\/wp\/v2\/product\/6410","targetHints":{"allow":["GET"]}}],"collection":[{"href":"https:\/\/www.anaromanature.com\/index.php\/wp-json\/wp\/v2\/product"}],"about":[{"href":"https:\/\/www.anaromanature.com\/index.php\/wp-json\/wp\/v2\/types\/product"}],"replies":[{"embeddable":true,"href":"https:\/\/www.anaromanature.com\/index.php\/wp-json\/wp\/v2\/comments?post=6410"}],"wp:featuredmedia":[{"embeddable":true,"href":"https:\/\/www.anaromanature.com\/index.php\/wp-json\/wp\/v2\/media\/6411"}],"wp:attachment":[{"href":"https:\/\/www.anaromanature.com\/index.php\/wp-json\/wp\/v2\/media?parent=6410"}],"wp:term":[{"taxonomy":"product_brand","embeddable":true,"href":"https:\/\/www.anaromanature.com\/index.php\/wp-json\/wp\/v2\/product_brand?post=6410"},{"taxonomy":"product_cat","embeddable":true,"href":"https:\/\/www.anaromanature.com\/index.php\/wp-json\/wp\/v2\/product_cat?post=6410"},{"taxonomy":"product_tag","embeddable":true,"href":"https:\/\/www.anaromanature.com\/index.php\/wp-json\/wp\/v2\/product_tag?post=6410"}],"curies":[{"name":"wp","href":"https:\/\/api.w.org\/{rel}","templated":true}]}}