{"id":6420,"date":"2024-03-04T19:47:23","date_gmt":"2024-03-04T18:47:23","guid":{"rendered":"https:\/\/www.anaromanature.com\/?post_type=product&#038;p=6420"},"modified":"2024-03-04T19:47:25","modified_gmt":"2024-03-04T18:47:25","slug":"monedero-espiga-granate-la-matilda","status":"publish","type":"product","link":"https:\/\/www.anaromanature.com\/index.php\/producto\/monedero-espiga-granate-la-matilda\/","title":{"rendered":"Monedero Espiga Granate &#8211; La Matilda"},"content":{"rendered":"<p>Monedero Espiga Granate &#8211; La Matilda<\/p>\n<p>Descubre el Monedero Espiga Granate de La Matilda: funcional y duradero. Su dise\u00f1o en espiga granate a\u00f1ade distinci\u00f3n. Su tama\u00f1o compacto lo hacen perfecto para cualquier ocasi\u00f3n. Eleva tu estilo con este accesorio excepcional.<\/p>\n<p>Monedero Espiga Granate &#8211; La Matilda<\/p>\n<p>Perfuma tu hogar con\u00a0<a href=\"https:\/\/www.anaromanature.com\/\">Anaroma Nature<\/a><\/p>\n<p><a href=\"mailto:%20info@anaromanature.com\">Cons\u00faltanos\u00a0<\/a>lo que necesites saber o aclarar.<\/p>\n<p>S\u00edguenos en\u00a0<a href=\"https:\/\/www.instagram.com\/anaromanature\/\">Instagram<\/a>.<\/p>\n","protected":false},"excerpt":{"rendered":"<p>Descubre el Monedero Espiga Granate de La Matilda: funcional y duradero. Su dise\u00f1o en espiga granate a\u00f1ade distinci\u00f3n. Su tama\u00f1o compacto lo hacen perfecto para cualquier ocasi\u00f3n. Eleva tu estilo con este accesorio excepcional.<\/p>\n<ul>\n<li><strong>Cremallera:<\/strong> SI<\/li>\n<li><strong>Forro interior:<\/strong> SI<\/li>\n<li><strong>Medidas:<\/strong> 13&#215;9 cm<\/li>\n<li><strong>Composici\u00f3n:<\/strong> 80% algod\u00f3n y 20% poli\u00e9ster<\/li>\n<\/ul>\n","protected":false},"featured_media":6425,"comment_status":"open","ping_status":"closed","template":"","meta":{"_joinchat":[]},"product_brand":[],"product_cat":[649],"product_tag":[650],"class_list":{"0":"post-6420","1":"product","2":"type-product","3":"status-publish","4":"has-post-thumbnail","6":"product_cat-la-matilda","7":"product_tag-monedero","8":"latest_post","10":"first","11":"instock","12":"taxable","13":"shipping-taxable","14":"purchasable","15":"product-type-simple"},"yoast_head":"<!-- This site is optimized with the Yoast SEO plugin v27.4 - https:\/\/yoast.com\/product\/yoast-seo-wordpress\/ -->\n<title>Monedero Espiga Granate - La Matilda - Anaroma Nature<\/title>\n<meta name=\"description\" content=\"Monedero Espiga Granate - La Matilda Descubre el Monedero Espiga Granate de La Matilda: funcional y duradero. Su dise\u00f1o en espiga granate a\u00f1ade\" \/>\n<meta name=\"robots\" content=\"index, follow, max-snippet:-1, max-image-preview:large, max-video-preview:-1\" \/>\n<link rel=\"canonical\" href=\"https:\/\/www.anaromanature.com\/index.php\/producto\/monedero-espiga-granate-la-matilda\/\" \/>\n<meta property=\"og:locale\" content=\"es_ES\" \/>\n<meta property=\"og:type\" content=\"article\" \/>\n<meta property=\"og:title\" content=\"Monedero Espiga Granate - La Matilda - Anaroma Nature\" \/>\n<meta property=\"og:description\" content=\"Monedero Espiga Granate - La Matilda Descubre el Monedero Espiga Granate de La Matilda: funcional y duradero. Su dise\u00f1o en espiga granate a\u00f1ade\" \/>\n<meta property=\"og:url\" content=\"https:\/\/www.anaromanature.com\/index.php\/producto\/monedero-espiga-granate-la-matilda\/\" \/>\n<meta property=\"og:site_name\" content=\"Anaroma Nature\" \/>\n<meta property=\"article:publisher\" content=\"http:\/\/facebook.com\/Anaroma-326324794814915\" \/>\n<meta property=\"article:modified_time\" content=\"2024-03-04T18:47:25+00:00\" \/>\n<meta property=\"og:image\" content=\"https:\/\/www.anaromanature.com\/wp-content\/uploads\/2024\/03\/Monedero-Espiga-Granate-La-Matilda.jpg\" \/>\n\t<meta property=\"og:image:width\" content=\"1080\" \/>\n\t<meta property=\"og:image:height\" content=\"1080\" \/>\n\t<meta property=\"og:image:type\" content=\"image\/jpeg\" \/>\n<meta name=\"twitter:card\" content=\"summary_large_image\" \/>\n<script type=\"application\/ld+json\" class=\"yoast-schema-graph\">{\"@context\":\"https:\\\/\\\/schema.org\",\"@graph\":[{\"@type\":\"WebPage\",\"@id\":\"https:\\\/\\\/www.anaromanature.com\\\/index.php\\\/producto\\\/monedero-espiga-granate-la-matilda\\\/\",\"url\":\"https:\\\/\\\/www.anaromanature.com\\\/index.php\\\/producto\\\/monedero-espiga-granate-la-matilda\\\/\",\"name\":\"Monedero Espiga Granate - La Matilda - Anaroma Nature\",\"isPartOf\":{\"@id\":\"https:\\\/\\\/www.anaromanature.com\\\/#website\"},\"primaryImageOfPage\":{\"@id\":\"https:\\\/\\\/www.anaromanature.com\\\/index.php\\\/producto\\\/monedero-espiga-granate-la-matilda\\\/#primaryimage\"},\"image\":{\"@id\":\"https:\\\/\\\/www.anaromanature.com\\\/index.php\\\/producto\\\/monedero-espiga-granate-la-matilda\\\/#primaryimage\"},\"thumbnailUrl\":\"https:\\\/\\\/www.anaromanature.com\\\/wp-content\\\/uploads\\\/2024\\\/03\\\/Monedero-Espiga-Granate-La-Matilda.jpg\",\"datePublished\":\"2024-03-04T18:47:23+00:00\",\"dateModified\":\"2024-03-04T18:47:25+00:00\",\"description\":\"Monedero Espiga Granate - La Matilda Descubre el Monedero Espiga Granate de La Matilda: funcional y duradero. Su dise\u00f1o en espiga granate a\u00f1ade\",\"breadcrumb\":{\"@id\":\"https:\\\/\\\/www.anaromanature.com\\\/index.php\\\/producto\\\/monedero-espiga-granate-la-matilda\\\/#breadcrumb\"},\"inLanguage\":\"es\",\"potentialAction\":[{\"@type\":\"ReadAction\",\"target\":[\"https:\\\/\\\/www.anaromanature.com\\\/index.php\\\/producto\\\/monedero-espiga-granate-la-matilda\\\/\"]}]},{\"@type\":\"ImageObject\",\"inLanguage\":\"es\",\"@id\":\"https:\\\/\\\/www.anaromanature.com\\\/index.php\\\/producto\\\/monedero-espiga-granate-la-matilda\\\/#primaryimage\",\"url\":\"https:\\\/\\\/www.anaromanature.com\\\/wp-content\\\/uploads\\\/2024\\\/03\\\/Monedero-Espiga-Granate-La-Matilda.jpg\",\"contentUrl\":\"https:\\\/\\\/www.anaromanature.com\\\/wp-content\\\/uploads\\\/2024\\\/03\\\/Monedero-Espiga-Granate-La-Matilda.jpg\",\"width\":1080,\"height\":1080,\"caption\":\"Monedero Espiga Granate La Matilda\"},{\"@type\":\"BreadcrumbList\",\"@id\":\"https:\\\/\\\/www.anaromanature.com\\\/index.php\\\/producto\\\/monedero-espiga-granate-la-matilda\\\/#breadcrumb\",\"itemListElement\":[{\"@type\":\"ListItem\",\"position\":1,\"name\":\"Portada\",\"item\":\"https:\\\/\\\/www.anaromanature.com\\\/\"},{\"@type\":\"ListItem\",\"position\":2,\"name\":\"Tienda\",\"item\":\"https:\\\/\\\/www.anaromanature.com\\\/index.php\\\/tienda-premium-online-anarome-nature\\\/\"},{\"@type\":\"ListItem\",\"position\":3,\"name\":\"Monedero Espiga Granate &#8211; La Matilda\"}]},{\"@type\":\"WebSite\",\"@id\":\"https:\\\/\\\/www.anaromanature.com\\\/#website\",\"url\":\"https:\\\/\\\/www.anaromanature.com\\\/\",\"name\":\"Anaroma Nature\",\"description\":\"Aromas y color\",\"publisher\":{\"@id\":\"https:\\\/\\\/www.anaromanature.com\\\/#organization\"},\"potentialAction\":[{\"@type\":\"SearchAction\",\"target\":{\"@type\":\"EntryPoint\",\"urlTemplate\":\"https:\\\/\\\/www.anaromanature.com\\\/?s={search_term_string}\"},\"query-input\":{\"@type\":\"PropertyValueSpecification\",\"valueRequired\":true,\"valueName\":\"search_term_string\"}}],\"inLanguage\":\"es\"},{\"@type\":\"Organization\",\"@id\":\"https:\\\/\\\/www.anaromanature.com\\\/#organization\",\"name\":\"Anaroma Nature\",\"url\":\"https:\\\/\\\/www.anaromanature.com\\\/\",\"logo\":{\"@type\":\"ImageObject\",\"inLanguage\":\"es\",\"@id\":\"https:\\\/\\\/www.anaromanature.com\\\/#\\\/schema\\\/logo\\\/image\\\/\",\"url\":\"https:\\\/\\\/i2.wp.com\\\/www.anaromanature.com\\\/wp-content\\\/uploads\\\/2021\\\/02\\\/cropped-Logotipo-Anaroma-2.png?fit=290%2C288&ssl=1\",\"contentUrl\":\"https:\\\/\\\/i2.wp.com\\\/www.anaromanature.com\\\/wp-content\\\/uploads\\\/2021\\\/02\\\/cropped-Logotipo-Anaroma-2.png?fit=290%2C288&ssl=1\",\"width\":290,\"height\":288,\"caption\":\"Anaroma Nature\"},\"image\":{\"@id\":\"https:\\\/\\\/www.anaromanature.com\\\/#\\\/schema\\\/logo\\\/image\\\/\"},\"sameAs\":[\"http:\\\/\\\/facebook.com\\\/Anaroma-326324794814915\",\"http:\\\/\\\/instagram.com\\\/anaromanature\"]}]}<\/script>\n<!-- \/ Yoast SEO plugin. -->","yoast_head_json":{"title":"Monedero Espiga Granate - La Matilda - Anaroma Nature","description":"Monedero Espiga Granate - La Matilda Descubre el Monedero Espiga Granate de La Matilda: funcional y duradero. Su dise\u00f1o en espiga granate a\u00f1ade","robots":{"index":"index","follow":"follow","max-snippet":"max-snippet:-1","max-image-preview":"max-image-preview:large","max-video-preview":"max-video-preview:-1"},"canonical":"https:\/\/www.anaromanature.com\/index.php\/producto\/monedero-espiga-granate-la-matilda\/","og_locale":"es_ES","og_type":"article","og_title":"Monedero Espiga Granate - La Matilda - Anaroma Nature","og_description":"Monedero Espiga Granate - La Matilda Descubre el Monedero Espiga Granate de La Matilda: funcional y duradero. Su dise\u00f1o en espiga granate a\u00f1ade","og_url":"https:\/\/www.anaromanature.com\/index.php\/producto\/monedero-espiga-granate-la-matilda\/","og_site_name":"Anaroma Nature","article_publisher":"http:\/\/facebook.com\/Anaroma-326324794814915","article_modified_time":"2024-03-04T18:47:25+00:00","og_image":[{"width":1080,"height":1080,"url":"https:\/\/www.anaromanature.com\/wp-content\/uploads\/2024\/03\/Monedero-Espiga-Granate-La-Matilda.jpg","type":"image\/jpeg"}],"twitter_card":"summary_large_image","schema":{"@context":"https:\/\/schema.org","@graph":[{"@type":"WebPage","@id":"https:\/\/www.anaromanature.com\/index.php\/producto\/monedero-espiga-granate-la-matilda\/","url":"https:\/\/www.anaromanature.com\/index.php\/producto\/monedero-espiga-granate-la-matilda\/","name":"Monedero Espiga Granate - La Matilda - Anaroma Nature","isPartOf":{"@id":"https:\/\/www.anaromanature.com\/#website"},"primaryImageOfPage":{"@id":"https:\/\/www.anaromanature.com\/index.php\/producto\/monedero-espiga-granate-la-matilda\/#primaryimage"},"image":{"@id":"https:\/\/www.anaromanature.com\/index.php\/producto\/monedero-espiga-granate-la-matilda\/#primaryimage"},"thumbnailUrl":"https:\/\/www.anaromanature.com\/wp-content\/uploads\/2024\/03\/Monedero-Espiga-Granate-La-Matilda.jpg","datePublished":"2024-03-04T18:47:23+00:00","dateModified":"2024-03-04T18:47:25+00:00","description":"Monedero Espiga Granate - La Matilda Descubre el Monedero Espiga Granate de La Matilda: funcional y duradero. Su dise\u00f1o en espiga granate a\u00f1ade","breadcrumb":{"@id":"https:\/\/www.anaromanature.com\/index.php\/producto\/monedero-espiga-granate-la-matilda\/#breadcrumb"},"inLanguage":"es","potentialAction":[{"@type":"ReadAction","target":["https:\/\/www.anaromanature.com\/index.php\/producto\/monedero-espiga-granate-la-matilda\/"]}]},{"@type":"ImageObject","inLanguage":"es","@id":"https:\/\/www.anaromanature.com\/index.php\/producto\/monedero-espiga-granate-la-matilda\/#primaryimage","url":"https:\/\/www.anaromanature.com\/wp-content\/uploads\/2024\/03\/Monedero-Espiga-Granate-La-Matilda.jpg","contentUrl":"https:\/\/www.anaromanature.com\/wp-content\/uploads\/2024\/03\/Monedero-Espiga-Granate-La-Matilda.jpg","width":1080,"height":1080,"caption":"Monedero Espiga Granate La Matilda"},{"@type":"BreadcrumbList","@id":"https:\/\/www.anaromanature.com\/index.php\/producto\/monedero-espiga-granate-la-matilda\/#breadcrumb","itemListElement":[{"@type":"ListItem","position":1,"name":"Portada","item":"https:\/\/www.anaromanature.com\/"},{"@type":"ListItem","position":2,"name":"Tienda","item":"https:\/\/www.anaromanature.com\/index.php\/tienda-premium-online-anarome-nature\/"},{"@type":"ListItem","position":3,"name":"Monedero Espiga Granate &#8211; La Matilda"}]},{"@type":"WebSite","@id":"https:\/\/www.anaromanature.com\/#website","url":"https:\/\/www.anaromanature.com\/","name":"Anaroma Nature","description":"Aromas y color","publisher":{"@id":"https:\/\/www.anaromanature.com\/#organization"},"potentialAction":[{"@type":"SearchAction","target":{"@type":"EntryPoint","urlTemplate":"https:\/\/www.anaromanature.com\/?s={search_term_string}"},"query-input":{"@type":"PropertyValueSpecification","valueRequired":true,"valueName":"search_term_string"}}],"inLanguage":"es"},{"@type":"Organization","@id":"https:\/\/www.anaromanature.com\/#organization","name":"Anaroma Nature","url":"https:\/\/www.anaromanature.com\/","logo":{"@type":"ImageObject","inLanguage":"es","@id":"https:\/\/www.anaromanature.com\/#\/schema\/logo\/image\/","url":"https:\/\/i2.wp.com\/www.anaromanature.com\/wp-content\/uploads\/2021\/02\/cropped-Logotipo-Anaroma-2.png?fit=290%2C288&ssl=1","contentUrl":"https:\/\/i2.wp.com\/www.anaromanature.com\/wp-content\/uploads\/2021\/02\/cropped-Logotipo-Anaroma-2.png?fit=290%2C288&ssl=1","width":290,"height":288,"caption":"Anaroma Nature"},"image":{"@id":"https:\/\/www.anaromanature.com\/#\/schema\/logo\/image\/"},"sameAs":["http:\/\/facebook.com\/Anaroma-326324794814915","http:\/\/instagram.com\/anaromanature"]}]}},"_links":{"self":[{"href":"https:\/\/www.anaromanature.com\/index.php\/wp-json\/wp\/v2\/product\/6420","targetHints":{"allow":["GET"]}}],"collection":[{"href":"https:\/\/www.anaromanature.com\/index.php\/wp-json\/wp\/v2\/product"}],"about":[{"href":"https:\/\/www.anaromanature.com\/index.php\/wp-json\/wp\/v2\/types\/product"}],"replies":[{"embeddable":true,"href":"https:\/\/www.anaromanature.com\/index.php\/wp-json\/wp\/v2\/comments?post=6420"}],"wp:featuredmedia":[{"embeddable":true,"href":"https:\/\/www.anaromanature.com\/index.php\/wp-json\/wp\/v2\/media\/6425"}],"wp:attachment":[{"href":"https:\/\/www.anaromanature.com\/index.php\/wp-json\/wp\/v2\/media?parent=6420"}],"wp:term":[{"taxonomy":"product_brand","embeddable":true,"href":"https:\/\/www.anaromanature.com\/index.php\/wp-json\/wp\/v2\/product_brand?post=6420"},{"taxonomy":"product_cat","embeddable":true,"href":"https:\/\/www.anaromanature.com\/index.php\/wp-json\/wp\/v2\/product_cat?post=6420"},{"taxonomy":"product_tag","embeddable":true,"href":"https:\/\/www.anaromanature.com\/index.php\/wp-json\/wp\/v2\/product_tag?post=6420"}],"curies":[{"name":"wp","href":"https:\/\/api.w.org\/{rel}","templated":true}]}}