{"id":6533,"date":"2024-04-23T20:25:01","date_gmt":"2024-04-23T19:25:01","guid":{"rendered":"https:\/\/www.anaromanature.com\/?post_type=product&#038;p=6533"},"modified":"2025-03-25T18:55:42","modified_gmt":"2025-03-25T17:55:42","slug":"fresh-linen-perfume-lavado-500ml-boles-dolor","status":"publish","type":"product","link":"https:\/\/www.anaromanature.com\/index.php\/producto\/fresh-linen-perfume-lavado-500ml-boles-dolor\/","title":{"rendered":"FRESH LINEN Perfume Lavado 500ml &#8211; Boles d&#8217;olor"},"content":{"rendered":"<p>FRESH LINEN Perfume Lavado 500ml &#8211; Boles d&#8217;olor<\/p>\n<p>Descubre una innovadora manera de perfumar tus prendas con los potenciadores de aroma Wash-Up de Boles d\u2019olor.<\/p>\n<p>Sum\u00e9rgete en una experiencia \u00fanica en cada lavado gracias a sus fragancias deliciosas e intensas.<\/p>\n<p>Para lograr los mejores resultados, te recomendamos combinar los perfumadores Wash-Up con las Bolas de Lavado Wash-Up.<\/p>\n<p><strong>Instrucciones de uso en la lavadora:<\/strong><\/p>\n<ol>\n<li>Agrega 15 gotas en el compartimento del suavizante de la lavadora.<\/li>\n<li>\u00a0A\u00f1ade un tap\u00f3n de agua.<\/li>\n<li>Introduce la ropa y el detergente como de costumbre.<\/li>\n<\/ol>\n<p><strong>Instrucciones de uso en la secadora:<\/strong><\/p>\n<ul>\n<li>Si ya usaste las Bolas de Lavado Wash-Up en el lavado, simplemente col\u00f3calas directamente en la secadora.<\/li>\n<li>Si no las has usado previamente:\n<ol>\n<li>Introduce la ropa en la secadora.<\/li>\n<li>Agrega 3 o 4 gotas del Perfumador de Lavado en cada Bola de Lavado y col\u00f3calas junto con la ropa.<\/li>\n<li>Inicia el ciclo de secado y deja que las bolas hagan su trabajo.<\/li>\n<li>Despu\u00e9s de usarlas, guarda las Bolas de Lavado en un lugar aireado hasta su pr\u00f3ximo uso.<\/li>\n<\/ol>\n<\/li>\n<\/ul>\n<p><strong>Caracter\u00edsticas del producto:<\/strong><\/p>\n<ul>\n<li>La dosis m\u00e1xima recomendada es de un tap\u00f3n (aproximadamente 5 ml) por cada 5 kg de ropa.<\/li>\n<li>Utilizar programas en fr\u00edo (no m\u00e1s de 40\u00baC).<\/li>\n<li>El aroma puede perdurar hasta 12 semanas.<\/li>\n<li>Seguro para usar en prendas personales o de mascotas, y puede aplicarse en ropa blanca.<\/li>\n<li>Se recomienda precauci\u00f3n en personas al\u00e9rgicas o asm\u00e1ticas.<\/li>\n<li>Durabilidad: hasta 2-3 a\u00f1os sin abrir.<\/li>\n<\/ul>\n<div class=\"woocommerce-tabs wc-tabs-wrapper\">\n<div id=\"tab-description\" class=\"woocommerce-Tabs-panel woocommerce-Tabs-panel--description panel entry-content wc-tab\" role=\"tabpanel\" aria-labelledby=\"tab-title-description\">\n<p>Perfuma tu hogar con\u00a0<a href=\"https:\/\/www.anaromanature.com\/\">Anaroma Nature<\/a><\/p>\n<p><a href=\"mailto:%20info@anaromanature.com\">Cons\u00faltanos\u00a0<\/a>lo que necesites saber o aclarar.<\/p>\n<p>S\u00edguenos en\u00a0<a href=\"https:\/\/www.instagram.com\/anaromanature\/\">Instagram<\/a>.<\/p>\n<\/div>\n<\/div>\n","protected":false},"excerpt":{"rendered":"<p>Descubre una manera innovadora de aromatizar tu colada con los potenciadores de aroma de Wash-Up de Boles d\u2019olor. Sus fragancias deliciosas e intensas transformar\u00e1n el lavado de tu ropa en una experiencia completamente nueva. Util\u00edzalos como alternativa al suavizante tradicional.<\/p>\n<p>Cada botella contiene <strong>500 ml<\/strong>, con una duraci\u00f3n <strong>aproximada de 133 lavados<\/strong> (utilizando 15 gotas por lavado).<\/p>\n<p><strong>Aroma Fresh Linen:<\/strong> Disfruta de la suave caricia de prendas reci\u00e9n lavadas, acompa\u00f1ada de una fragancia que evoca la esencia de la naturaleza, frescura y pulcritud.<\/p>\n","protected":false},"featured_media":6534,"comment_status":"open","ping_status":"closed","template":"","meta":{"_joinchat":[]},"product_brand":[],"product_cat":[655],"product_tag":[656,658,657],"class_list":{"0":"post-6533","1":"product","2":"type-product","3":"status-publish","4":"has-post-thumbnail","6":"product_cat-lavado-wash-up","7":"product_tag-lavado","8":"product_tag-perfumador","9":"product_tag-secado","10":"latest_post","12":"first","13":"outofstock","14":"taxable","15":"shipping-taxable","16":"purchasable","17":"product-type-simple"},"yoast_head":"<!-- This site is optimized with the Yoast SEO plugin v27.4 - https:\/\/yoast.com\/product\/yoast-seo-wordpress\/ -->\n<title>FRESH LINEN Perfume Lavado 500ml - Boles d&#039;olor - Anaroma Nature<\/title>\n<meta name=\"description\" content=\"FRESH LINEN Perfume Lavado 500ml - Boles d&#039;olor Descubre una innovadora manera de perfumar tus prendas con los potenciadores de aroma Wash-Up de Boles d\u2019olor\" \/>\n<meta name=\"robots\" content=\"index, follow, max-snippet:-1, max-image-preview:large, max-video-preview:-1\" \/>\n<link rel=\"canonical\" href=\"https:\/\/www.anaromanature.com\/index.php\/producto\/fresh-linen-perfume-lavado-500ml-boles-dolor\/\" \/>\n<meta property=\"og:locale\" content=\"es_ES\" \/>\n<meta property=\"og:type\" content=\"article\" \/>\n<meta property=\"og:title\" content=\"FRESH LINEN Perfume Lavado 500ml - Boles d&#039;olor - Anaroma Nature\" \/>\n<meta property=\"og:description\" content=\"FRESH LINEN Perfume Lavado 500ml - Boles d&#039;olor Descubre una innovadora manera de perfumar tus prendas con los potenciadores de aroma Wash-Up de Boles d\u2019olor\" \/>\n<meta property=\"og:url\" content=\"https:\/\/www.anaromanature.com\/index.php\/producto\/fresh-linen-perfume-lavado-500ml-boles-dolor\/\" \/>\n<meta property=\"og:site_name\" content=\"Anaroma Nature\" \/>\n<meta property=\"article:publisher\" content=\"http:\/\/facebook.com\/Anaroma-326324794814915\" \/>\n<meta property=\"article:modified_time\" content=\"2025-03-25T17:55:42+00:00\" \/>\n<meta property=\"og:image\" content=\"https:\/\/www.anaromanature.com\/wp-content\/uploads\/2024\/04\/Perfume-de-Lavado-500-ml.-Fresh-Linen-0902301-scaled.jpg\" \/>\n\t<meta property=\"og:image:width\" content=\"2560\" \/>\n\t<meta property=\"og:image:height\" content=\"2560\" \/>\n\t<meta property=\"og:image:type\" content=\"image\/jpeg\" \/>\n<meta name=\"twitter:card\" content=\"summary_large_image\" \/>\n<meta name=\"twitter:label1\" content=\"Tiempo de lectura\" \/>\n\t<meta name=\"twitter:data1\" content=\"1 minuto\" \/>\n<script type=\"application\/ld+json\" class=\"yoast-schema-graph\">{\"@context\":\"https:\\\/\\\/schema.org\",\"@graph\":[{\"@type\":\"WebPage\",\"@id\":\"https:\\\/\\\/www.anaromanature.com\\\/index.php\\\/producto\\\/fresh-linen-perfume-lavado-500ml-boles-dolor\\\/\",\"url\":\"https:\\\/\\\/www.anaromanature.com\\\/index.php\\\/producto\\\/fresh-linen-perfume-lavado-500ml-boles-dolor\\\/\",\"name\":\"FRESH LINEN Perfume Lavado 500ml - Boles d'olor - Anaroma Nature\",\"isPartOf\":{\"@id\":\"https:\\\/\\\/www.anaromanature.com\\\/#website\"},\"primaryImageOfPage\":{\"@id\":\"https:\\\/\\\/www.anaromanature.com\\\/index.php\\\/producto\\\/fresh-linen-perfume-lavado-500ml-boles-dolor\\\/#primaryimage\"},\"image\":{\"@id\":\"https:\\\/\\\/www.anaromanature.com\\\/index.php\\\/producto\\\/fresh-linen-perfume-lavado-500ml-boles-dolor\\\/#primaryimage\"},\"thumbnailUrl\":\"https:\\\/\\\/www.anaromanature.com\\\/wp-content\\\/uploads\\\/2024\\\/04\\\/Perfume-de-Lavado-500-ml.-Fresh-Linen-0902301-scaled.jpg\",\"datePublished\":\"2024-04-23T19:25:01+00:00\",\"dateModified\":\"2025-03-25T17:55:42+00:00\",\"description\":\"FRESH LINEN Perfume Lavado 500ml - Boles d'olor Descubre una innovadora manera de perfumar tus prendas con los potenciadores de aroma Wash-Up de Boles d\u2019olor\",\"breadcrumb\":{\"@id\":\"https:\\\/\\\/www.anaromanature.com\\\/index.php\\\/producto\\\/fresh-linen-perfume-lavado-500ml-boles-dolor\\\/#breadcrumb\"},\"inLanguage\":\"es\",\"potentialAction\":[{\"@type\":\"ReadAction\",\"target\":[\"https:\\\/\\\/www.anaromanature.com\\\/index.php\\\/producto\\\/fresh-linen-perfume-lavado-500ml-boles-dolor\\\/\"]}]},{\"@type\":\"ImageObject\",\"inLanguage\":\"es\",\"@id\":\"https:\\\/\\\/www.anaromanature.com\\\/index.php\\\/producto\\\/fresh-linen-perfume-lavado-500ml-boles-dolor\\\/#primaryimage\",\"url\":\"https:\\\/\\\/www.anaromanature.com\\\/wp-content\\\/uploads\\\/2024\\\/04\\\/Perfume-de-Lavado-500-ml.-Fresh-Linen-0902301-scaled.jpg\",\"contentUrl\":\"https:\\\/\\\/www.anaromanature.com\\\/wp-content\\\/uploads\\\/2024\\\/04\\\/Perfume-de-Lavado-500-ml.-Fresh-Linen-0902301-scaled.jpg\",\"width\":2560,\"height\":2560,\"caption\":\"Perfume de Lavado 500 ml. Fresh Linen (0902301)\"},{\"@type\":\"BreadcrumbList\",\"@id\":\"https:\\\/\\\/www.anaromanature.com\\\/index.php\\\/producto\\\/fresh-linen-perfume-lavado-500ml-boles-dolor\\\/#breadcrumb\",\"itemListElement\":[{\"@type\":\"ListItem\",\"position\":1,\"name\":\"Portada\",\"item\":\"https:\\\/\\\/www.anaromanature.com\\\/\"},{\"@type\":\"ListItem\",\"position\":2,\"name\":\"Tienda\",\"item\":\"https:\\\/\\\/www.anaromanature.com\\\/index.php\\\/tienda-premium-online-anarome-nature\\\/\"},{\"@type\":\"ListItem\",\"position\":3,\"name\":\"FRESH LINEN Perfume Lavado 500ml &#8211; Boles d&#8217;olor\"}]},{\"@type\":\"WebSite\",\"@id\":\"https:\\\/\\\/www.anaromanature.com\\\/#website\",\"url\":\"https:\\\/\\\/www.anaromanature.com\\\/\",\"name\":\"Anaroma Nature\",\"description\":\"Aromas y color\",\"publisher\":{\"@id\":\"https:\\\/\\\/www.anaromanature.com\\\/#organization\"},\"potentialAction\":[{\"@type\":\"SearchAction\",\"target\":{\"@type\":\"EntryPoint\",\"urlTemplate\":\"https:\\\/\\\/www.anaromanature.com\\\/?s={search_term_string}\"},\"query-input\":{\"@type\":\"PropertyValueSpecification\",\"valueRequired\":true,\"valueName\":\"search_term_string\"}}],\"inLanguage\":\"es\"},{\"@type\":\"Organization\",\"@id\":\"https:\\\/\\\/www.anaromanature.com\\\/#organization\",\"name\":\"Anaroma Nature\",\"url\":\"https:\\\/\\\/www.anaromanature.com\\\/\",\"logo\":{\"@type\":\"ImageObject\",\"inLanguage\":\"es\",\"@id\":\"https:\\\/\\\/www.anaromanature.com\\\/#\\\/schema\\\/logo\\\/image\\\/\",\"url\":\"https:\\\/\\\/i2.wp.com\\\/www.anaromanature.com\\\/wp-content\\\/uploads\\\/2021\\\/02\\\/cropped-Logotipo-Anaroma-2.png?fit=290%2C288&ssl=1\",\"contentUrl\":\"https:\\\/\\\/i2.wp.com\\\/www.anaromanature.com\\\/wp-content\\\/uploads\\\/2021\\\/02\\\/cropped-Logotipo-Anaroma-2.png?fit=290%2C288&ssl=1\",\"width\":290,\"height\":288,\"caption\":\"Anaroma Nature\"},\"image\":{\"@id\":\"https:\\\/\\\/www.anaromanature.com\\\/#\\\/schema\\\/logo\\\/image\\\/\"},\"sameAs\":[\"http:\\\/\\\/facebook.com\\\/Anaroma-326324794814915\",\"http:\\\/\\\/instagram.com\\\/anaromanature\"]}]}<\/script>\n<!-- \/ Yoast SEO plugin. -->","yoast_head_json":{"title":"FRESH LINEN Perfume Lavado 500ml - Boles d'olor - Anaroma Nature","description":"FRESH LINEN Perfume Lavado 500ml - Boles d'olor Descubre una innovadora manera de perfumar tus prendas con los potenciadores de aroma Wash-Up de Boles d\u2019olor","robots":{"index":"index","follow":"follow","max-snippet":"max-snippet:-1","max-image-preview":"max-image-preview:large","max-video-preview":"max-video-preview:-1"},"canonical":"https:\/\/www.anaromanature.com\/index.php\/producto\/fresh-linen-perfume-lavado-500ml-boles-dolor\/","og_locale":"es_ES","og_type":"article","og_title":"FRESH LINEN Perfume Lavado 500ml - Boles d'olor - Anaroma Nature","og_description":"FRESH LINEN Perfume Lavado 500ml - Boles d'olor Descubre una innovadora manera de perfumar tus prendas con los potenciadores de aroma Wash-Up de Boles d\u2019olor","og_url":"https:\/\/www.anaromanature.com\/index.php\/producto\/fresh-linen-perfume-lavado-500ml-boles-dolor\/","og_site_name":"Anaroma Nature","article_publisher":"http:\/\/facebook.com\/Anaroma-326324794814915","article_modified_time":"2025-03-25T17:55:42+00:00","og_image":[{"width":2560,"height":2560,"url":"https:\/\/www.anaromanature.com\/wp-content\/uploads\/2024\/04\/Perfume-de-Lavado-500-ml.-Fresh-Linen-0902301-scaled.jpg","type":"image\/jpeg"}],"twitter_card":"summary_large_image","twitter_misc":{"Tiempo de lectura":"1 minuto"},"schema":{"@context":"https:\/\/schema.org","@graph":[{"@type":"WebPage","@id":"https:\/\/www.anaromanature.com\/index.php\/producto\/fresh-linen-perfume-lavado-500ml-boles-dolor\/","url":"https:\/\/www.anaromanature.com\/index.php\/producto\/fresh-linen-perfume-lavado-500ml-boles-dolor\/","name":"FRESH LINEN Perfume Lavado 500ml - Boles d'olor - Anaroma Nature","isPartOf":{"@id":"https:\/\/www.anaromanature.com\/#website"},"primaryImageOfPage":{"@id":"https:\/\/www.anaromanature.com\/index.php\/producto\/fresh-linen-perfume-lavado-500ml-boles-dolor\/#primaryimage"},"image":{"@id":"https:\/\/www.anaromanature.com\/index.php\/producto\/fresh-linen-perfume-lavado-500ml-boles-dolor\/#primaryimage"},"thumbnailUrl":"https:\/\/www.anaromanature.com\/wp-content\/uploads\/2024\/04\/Perfume-de-Lavado-500-ml.-Fresh-Linen-0902301-scaled.jpg","datePublished":"2024-04-23T19:25:01+00:00","dateModified":"2025-03-25T17:55:42+00:00","description":"FRESH LINEN Perfume Lavado 500ml - Boles d'olor Descubre una innovadora manera de perfumar tus prendas con los potenciadores de aroma Wash-Up de Boles d\u2019olor","breadcrumb":{"@id":"https:\/\/www.anaromanature.com\/index.php\/producto\/fresh-linen-perfume-lavado-500ml-boles-dolor\/#breadcrumb"},"inLanguage":"es","potentialAction":[{"@type":"ReadAction","target":["https:\/\/www.anaromanature.com\/index.php\/producto\/fresh-linen-perfume-lavado-500ml-boles-dolor\/"]}]},{"@type":"ImageObject","inLanguage":"es","@id":"https:\/\/www.anaromanature.com\/index.php\/producto\/fresh-linen-perfume-lavado-500ml-boles-dolor\/#primaryimage","url":"https:\/\/www.anaromanature.com\/wp-content\/uploads\/2024\/04\/Perfume-de-Lavado-500-ml.-Fresh-Linen-0902301-scaled.jpg","contentUrl":"https:\/\/www.anaromanature.com\/wp-content\/uploads\/2024\/04\/Perfume-de-Lavado-500-ml.-Fresh-Linen-0902301-scaled.jpg","width":2560,"height":2560,"caption":"Perfume de Lavado 500 ml. Fresh Linen (0902301)"},{"@type":"BreadcrumbList","@id":"https:\/\/www.anaromanature.com\/index.php\/producto\/fresh-linen-perfume-lavado-500ml-boles-dolor\/#breadcrumb","itemListElement":[{"@type":"ListItem","position":1,"name":"Portada","item":"https:\/\/www.anaromanature.com\/"},{"@type":"ListItem","position":2,"name":"Tienda","item":"https:\/\/www.anaromanature.com\/index.php\/tienda-premium-online-anarome-nature\/"},{"@type":"ListItem","position":3,"name":"FRESH LINEN Perfume Lavado 500ml &#8211; Boles d&#8217;olor"}]},{"@type":"WebSite","@id":"https:\/\/www.anaromanature.com\/#website","url":"https:\/\/www.anaromanature.com\/","name":"Anaroma Nature","description":"Aromas y color","publisher":{"@id":"https:\/\/www.anaromanature.com\/#organization"},"potentialAction":[{"@type":"SearchAction","target":{"@type":"EntryPoint","urlTemplate":"https:\/\/www.anaromanature.com\/?s={search_term_string}"},"query-input":{"@type":"PropertyValueSpecification","valueRequired":true,"valueName":"search_term_string"}}],"inLanguage":"es"},{"@type":"Organization","@id":"https:\/\/www.anaromanature.com\/#organization","name":"Anaroma Nature","url":"https:\/\/www.anaromanature.com\/","logo":{"@type":"ImageObject","inLanguage":"es","@id":"https:\/\/www.anaromanature.com\/#\/schema\/logo\/image\/","url":"https:\/\/i2.wp.com\/www.anaromanature.com\/wp-content\/uploads\/2021\/02\/cropped-Logotipo-Anaroma-2.png?fit=290%2C288&ssl=1","contentUrl":"https:\/\/i2.wp.com\/www.anaromanature.com\/wp-content\/uploads\/2021\/02\/cropped-Logotipo-Anaroma-2.png?fit=290%2C288&ssl=1","width":290,"height":288,"caption":"Anaroma Nature"},"image":{"@id":"https:\/\/www.anaromanature.com\/#\/schema\/logo\/image\/"},"sameAs":["http:\/\/facebook.com\/Anaroma-326324794814915","http:\/\/instagram.com\/anaromanature"]}]}},"_links":{"self":[{"href":"https:\/\/www.anaromanature.com\/index.php\/wp-json\/wp\/v2\/product\/6533","targetHints":{"allow":["GET"]}}],"collection":[{"href":"https:\/\/www.anaromanature.com\/index.php\/wp-json\/wp\/v2\/product"}],"about":[{"href":"https:\/\/www.anaromanature.com\/index.php\/wp-json\/wp\/v2\/types\/product"}],"replies":[{"embeddable":true,"href":"https:\/\/www.anaromanature.com\/index.php\/wp-json\/wp\/v2\/comments?post=6533"}],"wp:featuredmedia":[{"embeddable":true,"href":"https:\/\/www.anaromanature.com\/index.php\/wp-json\/wp\/v2\/media\/6534"}],"wp:attachment":[{"href":"https:\/\/www.anaromanature.com\/index.php\/wp-json\/wp\/v2\/media?parent=6533"}],"wp:term":[{"taxonomy":"product_brand","embeddable":true,"href":"https:\/\/www.anaromanature.com\/index.php\/wp-json\/wp\/v2\/product_brand?post=6533"},{"taxonomy":"product_cat","embeddable":true,"href":"https:\/\/www.anaromanature.com\/index.php\/wp-json\/wp\/v2\/product_cat?post=6533"},{"taxonomy":"product_tag","embeddable":true,"href":"https:\/\/www.anaromanature.com\/index.php\/wp-json\/wp\/v2\/product_tag?post=6533"}],"curies":[{"name":"wp","href":"https:\/\/api.w.org\/{rel}","templated":true}]}}