{"id":6638,"date":"2024-06-24T15:01:09","date_gmt":"2024-06-24T14:01:09","guid":{"rendered":"https:\/\/www.anaromanature.com\/?post_type=product&#038;p=6638"},"modified":"2025-01-10T16:51:21","modified_gmt":"2025-01-10T15:51:21","slug":"essencials-aceite-esencial-10-ml-naranja-dulce-citrus-sinensis","status":"publish","type":"product","link":"https:\/\/www.anaromanature.com\/index.php\/producto\/essencials-aceite-esencial-10-ml-naranja-dulce-citrus-sinensis\/","title":{"rendered":"Essencials Aceite Esencial 10 ml. NARANJA DULCE (Citrus Sinensis)"},"content":{"rendered":"<p>Essencials Aceite Esencial 10 ml. NARANJA DULCE (Citrus Sinensis)<\/p>\n<p><span style=\"color: var(--black-color); font-family: var(--primary-font);\">Toda la fuerza y pureza de la naturaleza envasado en un frasco de 10 ml.<\/span><\/p>\n<p>Boles d&#8217;olor nos proporciona una l\u00ednea de aceites esenciales puros 100% para que puedas llevar a cabo en tu casa sesiones de Aromaterapia.<\/p>\n<p>Se presentan en botellas de cristal color \u00c1mbar para que la luz no le haga perder eficacia.<\/p>\n<p>Los aceites esenciales se extraen del interior de las planta y se envasan para que te las puedas llevar a casa. Disfrutar de ellas en su estado m\u00e1s puro es todo un lujo que nosotros traemos para t\u00ed.<\/p>\n<p><b><i>APLICACI\u00d3N<\/i><\/b><em><strong>\u00a0Y USO<\/strong><\/em><\/p>\n<p>Los aceites esenciales son sustancias complejas en la que la calidad es el factor m\u00e1s importante.<\/p>\n<p>La Aromaterapia es la capacidad de aprovechar las propiedades terap\u00e9uticas de las plantas, a trav\u00e9s de los Aceites Esenciales, con el fin de crear un atm\u00f3sfera de bienestar f\u00edsico, mental y espiritual, que alimente nuestro sistema inmune y mejore la calidad de vida.<\/p>\n<p>El mejor formato de aplicaci\u00f3n que podemos usar son los Brumizadores de ultrasonido (humidificadores), con ionizaci\u00f3n en fr\u00edo.<\/p>\n<p>En el apartado de Brumizadores podr\u00e1s encontrar varios modelos.<\/p>\n<p>Los ciclos de uso de los aceites esenciales en Aromaterapia, se lleva a cabo en ciclos de 30 minutos y de forma intermitente.<\/p>\n<p>Visita nuestro Blog, para saber m\u00e1s.<\/p>\n<p>Essencials Aceite Esencial 10 ml. NARANJA DULCE (Citrus Sinensis)<\/p>\n<p><span style=\"color: var(--black-color); font-family: var(--primary-font);\">Perfuma tu hogar con\u00a0<\/span><a style=\"font-family: var(--primary-font);\" href=\"https:\/\/www.anaromanature.com\/\">Anaroma Nature<\/a><\/p>\n<p><a href=\"mailto:%20info@anaromanature.com\">Cons\u00faltanos\u00a0<\/a>lo que necesites saber o aclarar.<\/p>\n<p>Visita nuestro\u00a0<a href=\"https:\/\/www.instagram.com\/anaromanature\/\">Instagram<\/a>.<\/p>\n","protected":false},"excerpt":{"rendered":"<p>&nbsp;<\/p>\n<p>Capacidad: 10 ml.<\/p>\n<p><strong>Citrus Sinensis<\/strong><\/p>\n<p>C\u00e1scara del Fruto \u2022 Brasil<\/p>\n<p>Aporta balance. Calma las emociones y alivia la ansiedad.<\/p>\n<p>El Aceite Esencial de Naranja Dulce es un remedio natural para calmar las emociones y el estr\u00e9s. La investigaci\u00f3n muestra que el Aceite Esencial de Naranja Dulce (Citrus sinensis) eleva los estados de \u00e1nimo de las personas que sufren de depresi\u00f3n o ansiedad.<\/p>\n<p><strong>Contiene:<\/strong><\/p>\n<ul>\n<li><strong>Cont:\u00a0<\/strong>Citrus Sinensis, oil. (232-433-8)<\/li>\n<li><strong style=\"color: var(--black-color); font-family: var(--primary-font);\">UFI:\u00a0<\/strong><span style=\"color: var(--black-color); font-family: var(--primary-font);\">FR10-102W-N00P-2EHG<\/span><\/li>\n<\/ul>\n","protected":false},"featured_media":6639,"comment_status":"open","ping_status":"closed","template":"","meta":{"_joinchat":[]},"product_brand":[],"product_cat":[141,217,26,105,213],"product_tag":[143,42,142],"class_list":{"0":"post-6638","1":"product","2":"type-product","3":"status-publish","4":"has-post-thumbnail","6":"product_cat-aceite-esencial-10-ml","7":"product_cat-aceites-esenciales","8":"product_cat-boles-dolor-un-mundo-de-suenos-fragantes","9":"product_cat-brumas-de-ambiente","10":"product_cat-crea-tu-propio-jabon","11":"product_tag-aceite-esencial","12":"product_tag-ambientador","13":"product_tag-essencials","14":"latest_post","16":"first","17":"instock","18":"taxable","19":"shipping-taxable","20":"purchasable","21":"product-type-simple"},"yoast_head":"<!-- This site is optimized with the Yoast SEO plugin v27.4 - https:\/\/yoast.com\/product\/yoast-seo-wordpress\/ -->\n<title>Essencials Aceite Esencial 10 ml. NARANJA DULCE (Citrus Sinensis) - Anaroma Nature<\/title>\n<meta name=\"description\" content=\"Essencials Aceite Esencial 10 ml. NARANJA DULCE (Citrus Sinensis). Toda la fuerza y pureza de la naturaleza envasado en un frasco de 10 ml. Boles d&#039;olor nos\" \/>\n<meta name=\"robots\" content=\"index, follow, max-snippet:-1, max-image-preview:large, max-video-preview:-1\" \/>\n<link rel=\"canonical\" href=\"https:\/\/www.anaromanature.com\/index.php\/producto\/essencials-aceite-esencial-10-ml-naranja-dulce-citrus-sinensis\/\" \/>\n<meta property=\"og:locale\" content=\"es_ES\" \/>\n<meta property=\"og:type\" content=\"article\" \/>\n<meta property=\"og:title\" content=\"Essencials Aceite Esencial 10 ml. NARANJA DULCE (Citrus Sinensis) - Anaroma Nature\" \/>\n<meta property=\"og:description\" content=\"Essencials Aceite Esencial 10 ml. NARANJA DULCE (Citrus Sinensis). Toda la fuerza y pureza de la naturaleza envasado en un frasco de 10 ml. Boles d&#039;olor nos\" \/>\n<meta property=\"og:url\" content=\"https:\/\/www.anaromanature.com\/index.php\/producto\/essencials-aceite-esencial-10-ml-naranja-dulce-citrus-sinensis\/\" \/>\n<meta property=\"og:site_name\" content=\"Anaroma Nature\" \/>\n<meta property=\"article:publisher\" content=\"http:\/\/facebook.com\/Anaroma-326324794814915\" \/>\n<meta property=\"article:modified_time\" content=\"2025-01-10T15:51:21+00:00\" \/>\n<meta property=\"og:image\" content=\"https:\/\/www.anaromanature.com\/wp-content\/uploads\/2024\/06\/Essencials-Aceite-Esencial-10-ml.-Naranja-Citrus-Sinensis-0600525-scaled.jpg\" \/>\n\t<meta property=\"og:image:width\" content=\"2560\" \/>\n\t<meta property=\"og:image:height\" content=\"2560\" \/>\n\t<meta property=\"og:image:type\" content=\"image\/jpeg\" \/>\n<meta name=\"twitter:card\" content=\"summary_large_image\" \/>\n<meta name=\"twitter:label1\" content=\"Tiempo de lectura\" \/>\n\t<meta name=\"twitter:data1\" content=\"2 minutos\" \/>\n<script type=\"application\/ld+json\" class=\"yoast-schema-graph\">{\"@context\":\"https:\\\/\\\/schema.org\",\"@graph\":[{\"@type\":\"WebPage\",\"@id\":\"https:\\\/\\\/www.anaromanature.com\\\/index.php\\\/producto\\\/essencials-aceite-esencial-10-ml-naranja-dulce-citrus-sinensis\\\/\",\"url\":\"https:\\\/\\\/www.anaromanature.com\\\/index.php\\\/producto\\\/essencials-aceite-esencial-10-ml-naranja-dulce-citrus-sinensis\\\/\",\"name\":\"Essencials Aceite Esencial 10 ml. NARANJA DULCE (Citrus Sinensis) - Anaroma Nature\",\"isPartOf\":{\"@id\":\"https:\\\/\\\/www.anaromanature.com\\\/#website\"},\"primaryImageOfPage\":{\"@id\":\"https:\\\/\\\/www.anaromanature.com\\\/index.php\\\/producto\\\/essencials-aceite-esencial-10-ml-naranja-dulce-citrus-sinensis\\\/#primaryimage\"},\"image\":{\"@id\":\"https:\\\/\\\/www.anaromanature.com\\\/index.php\\\/producto\\\/essencials-aceite-esencial-10-ml-naranja-dulce-citrus-sinensis\\\/#primaryimage\"},\"thumbnailUrl\":\"https:\\\/\\\/www.anaromanature.com\\\/wp-content\\\/uploads\\\/2024\\\/06\\\/Essencials-Aceite-Esencial-10-ml.-Naranja-Citrus-Sinensis-0600525-scaled.jpg\",\"datePublished\":\"2024-06-24T14:01:09+00:00\",\"dateModified\":\"2025-01-10T15:51:21+00:00\",\"description\":\"Essencials Aceite Esencial 10 ml. NARANJA DULCE (Citrus Sinensis). Toda la fuerza y pureza de la naturaleza envasado en un frasco de 10 ml. Boles d'olor nos\",\"breadcrumb\":{\"@id\":\"https:\\\/\\\/www.anaromanature.com\\\/index.php\\\/producto\\\/essencials-aceite-esencial-10-ml-naranja-dulce-citrus-sinensis\\\/#breadcrumb\"},\"inLanguage\":\"es\",\"potentialAction\":[{\"@type\":\"ReadAction\",\"target\":[\"https:\\\/\\\/www.anaromanature.com\\\/index.php\\\/producto\\\/essencials-aceite-esencial-10-ml-naranja-dulce-citrus-sinensis\\\/\"]}]},{\"@type\":\"ImageObject\",\"inLanguage\":\"es\",\"@id\":\"https:\\\/\\\/www.anaromanature.com\\\/index.php\\\/producto\\\/essencials-aceite-esencial-10-ml-naranja-dulce-citrus-sinensis\\\/#primaryimage\",\"url\":\"https:\\\/\\\/www.anaromanature.com\\\/wp-content\\\/uploads\\\/2024\\\/06\\\/Essencials-Aceite-Esencial-10-ml.-Naranja-Citrus-Sinensis-0600525-scaled.jpg\",\"contentUrl\":\"https:\\\/\\\/www.anaromanature.com\\\/wp-content\\\/uploads\\\/2024\\\/06\\\/Essencials-Aceite-Esencial-10-ml.-Naranja-Citrus-Sinensis-0600525-scaled.jpg\",\"width\":2560,\"height\":2560,\"caption\":\"Essencials Aceite Esencial 10 ml. Naranja (Citrus Sinensis) (0600525)\"},{\"@type\":\"BreadcrumbList\",\"@id\":\"https:\\\/\\\/www.anaromanature.com\\\/index.php\\\/producto\\\/essencials-aceite-esencial-10-ml-naranja-dulce-citrus-sinensis\\\/#breadcrumb\",\"itemListElement\":[{\"@type\":\"ListItem\",\"position\":1,\"name\":\"Portada\",\"item\":\"https:\\\/\\\/www.anaromanature.com\\\/\"},{\"@type\":\"ListItem\",\"position\":2,\"name\":\"Tienda\",\"item\":\"https:\\\/\\\/www.anaromanature.com\\\/index.php\\\/tienda-premium-online-anarome-nature\\\/\"},{\"@type\":\"ListItem\",\"position\":3,\"name\":\"Essencials Aceite Esencial 10 ml. NARANJA DULCE (Citrus Sinensis)\"}]},{\"@type\":\"WebSite\",\"@id\":\"https:\\\/\\\/www.anaromanature.com\\\/#website\",\"url\":\"https:\\\/\\\/www.anaromanature.com\\\/\",\"name\":\"Anaroma Nature\",\"description\":\"Aromas y color\",\"publisher\":{\"@id\":\"https:\\\/\\\/www.anaromanature.com\\\/#organization\"},\"potentialAction\":[{\"@type\":\"SearchAction\",\"target\":{\"@type\":\"EntryPoint\",\"urlTemplate\":\"https:\\\/\\\/www.anaromanature.com\\\/?s={search_term_string}\"},\"query-input\":{\"@type\":\"PropertyValueSpecification\",\"valueRequired\":true,\"valueName\":\"search_term_string\"}}],\"inLanguage\":\"es\"},{\"@type\":\"Organization\",\"@id\":\"https:\\\/\\\/www.anaromanature.com\\\/#organization\",\"name\":\"Anaroma Nature\",\"url\":\"https:\\\/\\\/www.anaromanature.com\\\/\",\"logo\":{\"@type\":\"ImageObject\",\"inLanguage\":\"es\",\"@id\":\"https:\\\/\\\/www.anaromanature.com\\\/#\\\/schema\\\/logo\\\/image\\\/\",\"url\":\"https:\\\/\\\/i2.wp.com\\\/www.anaromanature.com\\\/wp-content\\\/uploads\\\/2021\\\/02\\\/cropped-Logotipo-Anaroma-2.png?fit=290%2C288&ssl=1\",\"contentUrl\":\"https:\\\/\\\/i2.wp.com\\\/www.anaromanature.com\\\/wp-content\\\/uploads\\\/2021\\\/02\\\/cropped-Logotipo-Anaroma-2.png?fit=290%2C288&ssl=1\",\"width\":290,\"height\":288,\"caption\":\"Anaroma Nature\"},\"image\":{\"@id\":\"https:\\\/\\\/www.anaromanature.com\\\/#\\\/schema\\\/logo\\\/image\\\/\"},\"sameAs\":[\"http:\\\/\\\/facebook.com\\\/Anaroma-326324794814915\",\"http:\\\/\\\/instagram.com\\\/anaromanature\"]}]}<\/script>\n<!-- \/ Yoast SEO plugin. -->","yoast_head_json":{"title":"Essencials Aceite Esencial 10 ml. NARANJA DULCE (Citrus Sinensis) - Anaroma Nature","description":"Essencials Aceite Esencial 10 ml. NARANJA DULCE (Citrus Sinensis). Toda la fuerza y pureza de la naturaleza envasado en un frasco de 10 ml. Boles d'olor nos","robots":{"index":"index","follow":"follow","max-snippet":"max-snippet:-1","max-image-preview":"max-image-preview:large","max-video-preview":"max-video-preview:-1"},"canonical":"https:\/\/www.anaromanature.com\/index.php\/producto\/essencials-aceite-esencial-10-ml-naranja-dulce-citrus-sinensis\/","og_locale":"es_ES","og_type":"article","og_title":"Essencials Aceite Esencial 10 ml. NARANJA DULCE (Citrus Sinensis) - Anaroma Nature","og_description":"Essencials Aceite Esencial 10 ml. NARANJA DULCE (Citrus Sinensis). Toda la fuerza y pureza de la naturaleza envasado en un frasco de 10 ml. Boles d'olor nos","og_url":"https:\/\/www.anaromanature.com\/index.php\/producto\/essencials-aceite-esencial-10-ml-naranja-dulce-citrus-sinensis\/","og_site_name":"Anaroma Nature","article_publisher":"http:\/\/facebook.com\/Anaroma-326324794814915","article_modified_time":"2025-01-10T15:51:21+00:00","og_image":[{"width":2560,"height":2560,"url":"https:\/\/www.anaromanature.com\/wp-content\/uploads\/2024\/06\/Essencials-Aceite-Esencial-10-ml.-Naranja-Citrus-Sinensis-0600525-scaled.jpg","type":"image\/jpeg"}],"twitter_card":"summary_large_image","twitter_misc":{"Tiempo de lectura":"2 minutos"},"schema":{"@context":"https:\/\/schema.org","@graph":[{"@type":"WebPage","@id":"https:\/\/www.anaromanature.com\/index.php\/producto\/essencials-aceite-esencial-10-ml-naranja-dulce-citrus-sinensis\/","url":"https:\/\/www.anaromanature.com\/index.php\/producto\/essencials-aceite-esencial-10-ml-naranja-dulce-citrus-sinensis\/","name":"Essencials Aceite Esencial 10 ml. NARANJA DULCE (Citrus Sinensis) - Anaroma Nature","isPartOf":{"@id":"https:\/\/www.anaromanature.com\/#website"},"primaryImageOfPage":{"@id":"https:\/\/www.anaromanature.com\/index.php\/producto\/essencials-aceite-esencial-10-ml-naranja-dulce-citrus-sinensis\/#primaryimage"},"image":{"@id":"https:\/\/www.anaromanature.com\/index.php\/producto\/essencials-aceite-esencial-10-ml-naranja-dulce-citrus-sinensis\/#primaryimage"},"thumbnailUrl":"https:\/\/www.anaromanature.com\/wp-content\/uploads\/2024\/06\/Essencials-Aceite-Esencial-10-ml.-Naranja-Citrus-Sinensis-0600525-scaled.jpg","datePublished":"2024-06-24T14:01:09+00:00","dateModified":"2025-01-10T15:51:21+00:00","description":"Essencials Aceite Esencial 10 ml. NARANJA DULCE (Citrus Sinensis). Toda la fuerza y pureza de la naturaleza envasado en un frasco de 10 ml. Boles d'olor nos","breadcrumb":{"@id":"https:\/\/www.anaromanature.com\/index.php\/producto\/essencials-aceite-esencial-10-ml-naranja-dulce-citrus-sinensis\/#breadcrumb"},"inLanguage":"es","potentialAction":[{"@type":"ReadAction","target":["https:\/\/www.anaromanature.com\/index.php\/producto\/essencials-aceite-esencial-10-ml-naranja-dulce-citrus-sinensis\/"]}]},{"@type":"ImageObject","inLanguage":"es","@id":"https:\/\/www.anaromanature.com\/index.php\/producto\/essencials-aceite-esencial-10-ml-naranja-dulce-citrus-sinensis\/#primaryimage","url":"https:\/\/www.anaromanature.com\/wp-content\/uploads\/2024\/06\/Essencials-Aceite-Esencial-10-ml.-Naranja-Citrus-Sinensis-0600525-scaled.jpg","contentUrl":"https:\/\/www.anaromanature.com\/wp-content\/uploads\/2024\/06\/Essencials-Aceite-Esencial-10-ml.-Naranja-Citrus-Sinensis-0600525-scaled.jpg","width":2560,"height":2560,"caption":"Essencials Aceite Esencial 10 ml. Naranja (Citrus Sinensis) (0600525)"},{"@type":"BreadcrumbList","@id":"https:\/\/www.anaromanature.com\/index.php\/producto\/essencials-aceite-esencial-10-ml-naranja-dulce-citrus-sinensis\/#breadcrumb","itemListElement":[{"@type":"ListItem","position":1,"name":"Portada","item":"https:\/\/www.anaromanature.com\/"},{"@type":"ListItem","position":2,"name":"Tienda","item":"https:\/\/www.anaromanature.com\/index.php\/tienda-premium-online-anarome-nature\/"},{"@type":"ListItem","position":3,"name":"Essencials Aceite Esencial 10 ml. NARANJA DULCE (Citrus Sinensis)"}]},{"@type":"WebSite","@id":"https:\/\/www.anaromanature.com\/#website","url":"https:\/\/www.anaromanature.com\/","name":"Anaroma Nature","description":"Aromas y color","publisher":{"@id":"https:\/\/www.anaromanature.com\/#organization"},"potentialAction":[{"@type":"SearchAction","target":{"@type":"EntryPoint","urlTemplate":"https:\/\/www.anaromanature.com\/?s={search_term_string}"},"query-input":{"@type":"PropertyValueSpecification","valueRequired":true,"valueName":"search_term_string"}}],"inLanguage":"es"},{"@type":"Organization","@id":"https:\/\/www.anaromanature.com\/#organization","name":"Anaroma Nature","url":"https:\/\/www.anaromanature.com\/","logo":{"@type":"ImageObject","inLanguage":"es","@id":"https:\/\/www.anaromanature.com\/#\/schema\/logo\/image\/","url":"https:\/\/i2.wp.com\/www.anaromanature.com\/wp-content\/uploads\/2021\/02\/cropped-Logotipo-Anaroma-2.png?fit=290%2C288&ssl=1","contentUrl":"https:\/\/i2.wp.com\/www.anaromanature.com\/wp-content\/uploads\/2021\/02\/cropped-Logotipo-Anaroma-2.png?fit=290%2C288&ssl=1","width":290,"height":288,"caption":"Anaroma Nature"},"image":{"@id":"https:\/\/www.anaromanature.com\/#\/schema\/logo\/image\/"},"sameAs":["http:\/\/facebook.com\/Anaroma-326324794814915","http:\/\/instagram.com\/anaromanature"]}]}},"_links":{"self":[{"href":"https:\/\/www.anaromanature.com\/index.php\/wp-json\/wp\/v2\/product\/6638","targetHints":{"allow":["GET"]}}],"collection":[{"href":"https:\/\/www.anaromanature.com\/index.php\/wp-json\/wp\/v2\/product"}],"about":[{"href":"https:\/\/www.anaromanature.com\/index.php\/wp-json\/wp\/v2\/types\/product"}],"replies":[{"embeddable":true,"href":"https:\/\/www.anaromanature.com\/index.php\/wp-json\/wp\/v2\/comments?post=6638"}],"wp:featuredmedia":[{"embeddable":true,"href":"https:\/\/www.anaromanature.com\/index.php\/wp-json\/wp\/v2\/media\/6639"}],"wp:attachment":[{"href":"https:\/\/www.anaromanature.com\/index.php\/wp-json\/wp\/v2\/media?parent=6638"}],"wp:term":[{"taxonomy":"product_brand","embeddable":true,"href":"https:\/\/www.anaromanature.com\/index.php\/wp-json\/wp\/v2\/product_brand?post=6638"},{"taxonomy":"product_cat","embeddable":true,"href":"https:\/\/www.anaromanature.com\/index.php\/wp-json\/wp\/v2\/product_cat?post=6638"},{"taxonomy":"product_tag","embeddable":true,"href":"https:\/\/www.anaromanature.com\/index.php\/wp-json\/wp\/v2\/product_tag?post=6638"}],"curies":[{"name":"wp","href":"https:\/\/api.w.org\/{rel}","templated":true}]}}