{"id":6664,"date":"2024-06-24T16:52:18","date_gmt":"2024-06-24T15:52:18","guid":{"rendered":"https:\/\/www.anaromanature.com\/?post_type=product&#038;p=6664"},"modified":"2024-06-24T17:01:46","modified_gmt":"2024-06-24T16:01:46","slug":"leche-de-cabra-desmaquillador-de-ojos-bifasico-120ml-ziaja","status":"publish","type":"product","link":"https:\/\/www.anaromanature.com\/index.php\/producto\/leche-de-cabra-desmaquillador-de-ojos-bifasico-120ml-ziaja\/","title":{"rendered":"Leche de Cabra DESMAQUILLADOR DE OJOS BIF\u00c1SICO 120ml &#8211; Ziaja"},"content":{"rendered":"<p>Leche de Cabra DESMAQUILLADOR DE OJOS BIF\u00c1SICO 120ml &#8211; Ziaja<\/p>\n<p>Desmaquillador de ojos bif\u00e1sico, con prote\u00ednas de leche de cabra.<\/p>\n<p><strong>Propiedades:<\/strong><\/p>\n<ul>\n<li>Retira incluso productos resistentes al agua<\/li>\n<li>Refuerza las pesta\u00f1as.<\/li>\n<li>Hidrata y suaviza la piel de alrededor de los ojos.<\/li>\n<li>Recomendado incluso para personas que utilizan lentes de contacto y gafas.<\/li>\n<li>Libre de fragancias y colorantes.<\/li>\n<\/ul>\n<p><strong>Principales Ingredientes Activos:<\/strong> aceite de ricino, complejo de leche de cabra, prote\u00edna de la leche, vitamina E<\/p>\n<p>No apto para veganos.<\/p>\n<p>No recomendado para intolerantes a lactosa.<\/p>\n<p><strong>Modo de empleo:<\/strong> Aplicar una peque\u00f1a cantidad del producto sobre un disco desmaquillante y aplicarlo suavemente.<\/p>\n<p>Contenido: 120ml.<\/p>\n<p>Leche de Cabra DESMAQUILLADOR DE OJOS BIF\u00c1SICO 120ml &#8211; Ziaja<\/p>\n<p>Cuida tu piel con\u00a0<a href=\"https:\/\/www.anaromanature.com\/\">Anaroma Nature<\/a><\/p>\n<p><a href=\"mailto:%20info@anaromanature.com\">Cons\u00faltanos\u00a0<\/a>lo que necesites saber o aclarar.<\/p>\n<p>Visita nuestro\u00a0<a href=\"https:\/\/www.instagram.com\/anaromanature\/\">Instagram<\/a>.<\/p>\n","protected":false},"excerpt":{"rendered":"<p>Desmaquillador de ojos bif\u00e1sico, con prote\u00ednas de leche de cabra.<\/p>\n<p><strong>Propiedades:<\/strong><\/p>\n<ul>\n<li>Retira incluso productos resistentes al agua<\/li>\n<li>Refuerza las pesta\u00f1as.<\/li>\n<li>Hidrata y suaviza la piel de alrededor de los ojos.<\/li>\n<li>Recomendado incluso para personas que utilizan lentes de contacto y gafas.<\/li>\n<li>Libre de fragancias y colorantes.<\/li>\n<\/ul>\n<p><strong>Contenido:<\/strong> 120ml<\/p>\n","protected":false},"featured_media":6665,"comment_status":"open","ping_status":"closed","template":"","meta":{"_joinchat":[]},"product_brand":[],"product_cat":[661,219],"product_tag":[662],"class_list":{"0":"post-6664","1":"product","2":"type-product","3":"status-publish","4":"has-post-thumbnail","6":"product_cat-leche-de-cabra","7":"product_cat-ziaja","8":"product_tag-desmaquillador","9":"latest_post","11":"first","12":"instock","13":"taxable","14":"shipping-taxable","15":"purchasable","16":"product-type-simple"},"yoast_head":"<!-- This site is optimized with the Yoast SEO plugin v27.4 - https:\/\/yoast.com\/product\/yoast-seo-wordpress\/ -->\n<title>Leche de Cabra DESMAQUILLADOR DE OJOS BIF\u00c1SICO 120ml - Ziaja - Anaroma Nature - Tienda Online<\/title>\n<meta name=\"description\" content=\"Leche de Cabra DESMAQUILLADOR DE OJOS BIF\u00c1SICO 120ml - Ziaja Desmaquillador de ojos bif\u00e1sico, con prote\u00ednas de leche de cabra. Propiedades: Retira incluso\" \/>\n<meta name=\"robots\" content=\"index, follow, max-snippet:-1, max-image-preview:large, max-video-preview:-1\" \/>\n<link rel=\"canonical\" href=\"https:\/\/www.anaromanature.com\/index.php\/producto\/leche-de-cabra-desmaquillador-de-ojos-bifasico-120ml-ziaja\/\" \/>\n<meta property=\"og:locale\" content=\"es_ES\" \/>\n<meta property=\"og:type\" content=\"article\" \/>\n<meta property=\"og:title\" content=\"Leche de Cabra DESMAQUILLADOR DE OJOS BIF\u00c1SICO 120ml - Ziaja - Anaroma Nature - Tienda Online\" \/>\n<meta property=\"og:description\" content=\"Leche de Cabra DESMAQUILLADOR DE OJOS BIF\u00c1SICO 120ml - Ziaja Desmaquillador de ojos bif\u00e1sico, con prote\u00ednas de leche de cabra. Propiedades: Retira incluso\" \/>\n<meta property=\"og:url\" content=\"https:\/\/www.anaromanature.com\/index.php\/producto\/leche-de-cabra-desmaquillador-de-ojos-bifasico-120ml-ziaja\/\" \/>\n<meta property=\"og:site_name\" content=\"Anaroma Nature\" \/>\n<meta property=\"article:publisher\" content=\"http:\/\/facebook.com\/Anaroma-326324794814915\" \/>\n<meta property=\"article:modified_time\" content=\"2024-06-24T16:01:46+00:00\" \/>\n<meta property=\"og:image\" content=\"https:\/\/www.anaromanature.com\/wp-content\/uploads\/2024\/06\/Leche-de-Cabra-DESMAQUILLADOR-BIFASICO-120ml-Ziaja.jpg\" \/>\n\t<meta property=\"og:image:width\" content=\"1096\" \/>\n\t<meta property=\"og:image:height\" content=\"1125\" \/>\n\t<meta property=\"og:image:type\" content=\"image\/jpeg\" \/>\n<meta name=\"twitter:card\" content=\"summary_large_image\" \/>\n<meta name=\"twitter:label1\" content=\"Tiempo de lectura\" \/>\n\t<meta name=\"twitter:data1\" content=\"1 minuto\" \/>\n<script type=\"application\/ld+json\" class=\"yoast-schema-graph\">{\"@context\":\"https:\\\/\\\/schema.org\",\"@graph\":[{\"@type\":\"WebPage\",\"@id\":\"https:\\\/\\\/www.anaromanature.com\\\/index.php\\\/producto\\\/leche-de-cabra-desmaquillador-de-ojos-bifasico-120ml-ziaja\\\/\",\"url\":\"https:\\\/\\\/www.anaromanature.com\\\/index.php\\\/producto\\\/leche-de-cabra-desmaquillador-de-ojos-bifasico-120ml-ziaja\\\/\",\"name\":\"Leche de Cabra DESMAQUILLADOR DE OJOS BIF\u00c1SICO 120ml - Ziaja - Anaroma Nature - Tienda Online\",\"isPartOf\":{\"@id\":\"https:\\\/\\\/www.anaromanature.com\\\/#website\"},\"primaryImageOfPage\":{\"@id\":\"https:\\\/\\\/www.anaromanature.com\\\/index.php\\\/producto\\\/leche-de-cabra-desmaquillador-de-ojos-bifasico-120ml-ziaja\\\/#primaryimage\"},\"image\":{\"@id\":\"https:\\\/\\\/www.anaromanature.com\\\/index.php\\\/producto\\\/leche-de-cabra-desmaquillador-de-ojos-bifasico-120ml-ziaja\\\/#primaryimage\"},\"thumbnailUrl\":\"https:\\\/\\\/www.anaromanature.com\\\/wp-content\\\/uploads\\\/2024\\\/06\\\/Leche-de-Cabra-DESMAQUILLADOR-BIFASICO-120ml-Ziaja.jpg\",\"datePublished\":\"2024-06-24T15:52:18+00:00\",\"dateModified\":\"2024-06-24T16:01:46+00:00\",\"description\":\"Leche de Cabra DESMAQUILLADOR DE OJOS BIF\u00c1SICO 120ml - Ziaja Desmaquillador de ojos bif\u00e1sico, con prote\u00ednas de leche de cabra. Propiedades: Retira incluso\",\"breadcrumb\":{\"@id\":\"https:\\\/\\\/www.anaromanature.com\\\/index.php\\\/producto\\\/leche-de-cabra-desmaquillador-de-ojos-bifasico-120ml-ziaja\\\/#breadcrumb\"},\"inLanguage\":\"es\",\"potentialAction\":[{\"@type\":\"ReadAction\",\"target\":[\"https:\\\/\\\/www.anaromanature.com\\\/index.php\\\/producto\\\/leche-de-cabra-desmaquillador-de-ojos-bifasico-120ml-ziaja\\\/\"]}]},{\"@type\":\"ImageObject\",\"inLanguage\":\"es\",\"@id\":\"https:\\\/\\\/www.anaromanature.com\\\/index.php\\\/producto\\\/leche-de-cabra-desmaquillador-de-ojos-bifasico-120ml-ziaja\\\/#primaryimage\",\"url\":\"https:\\\/\\\/www.anaromanature.com\\\/wp-content\\\/uploads\\\/2024\\\/06\\\/Leche-de-Cabra-DESMAQUILLADOR-BIFASICO-120ml-Ziaja.jpg\",\"contentUrl\":\"https:\\\/\\\/www.anaromanature.com\\\/wp-content\\\/uploads\\\/2024\\\/06\\\/Leche-de-Cabra-DESMAQUILLADOR-BIFASICO-120ml-Ziaja.jpg\",\"width\":1096,\"height\":1125,\"caption\":\"Leche de Cabra DESMAQUILLADOR BIF\u00c1SICO 120ml Ziaja\"},{\"@type\":\"BreadcrumbList\",\"@id\":\"https:\\\/\\\/www.anaromanature.com\\\/index.php\\\/producto\\\/leche-de-cabra-desmaquillador-de-ojos-bifasico-120ml-ziaja\\\/#breadcrumb\",\"itemListElement\":[{\"@type\":\"ListItem\",\"position\":1,\"name\":\"Portada\",\"item\":\"https:\\\/\\\/www.anaromanature.com\\\/\"},{\"@type\":\"ListItem\",\"position\":2,\"name\":\"Tienda\",\"item\":\"https:\\\/\\\/www.anaromanature.com\\\/index.php\\\/tienda-premium-online-anarome-nature\\\/\"},{\"@type\":\"ListItem\",\"position\":3,\"name\":\"Leche de Cabra DESMAQUILLADOR DE OJOS BIF\u00c1SICO 120ml &#8211; Ziaja\"}]},{\"@type\":\"WebSite\",\"@id\":\"https:\\\/\\\/www.anaromanature.com\\\/#website\",\"url\":\"https:\\\/\\\/www.anaromanature.com\\\/\",\"name\":\"Anaroma Nature\",\"description\":\"Aromas y color\",\"publisher\":{\"@id\":\"https:\\\/\\\/www.anaromanature.com\\\/#organization\"},\"potentialAction\":[{\"@type\":\"SearchAction\",\"target\":{\"@type\":\"EntryPoint\",\"urlTemplate\":\"https:\\\/\\\/www.anaromanature.com\\\/?s={search_term_string}\"},\"query-input\":{\"@type\":\"PropertyValueSpecification\",\"valueRequired\":true,\"valueName\":\"search_term_string\"}}],\"inLanguage\":\"es\"},{\"@type\":\"Organization\",\"@id\":\"https:\\\/\\\/www.anaromanature.com\\\/#organization\",\"name\":\"Anaroma Nature\",\"url\":\"https:\\\/\\\/www.anaromanature.com\\\/\",\"logo\":{\"@type\":\"ImageObject\",\"inLanguage\":\"es\",\"@id\":\"https:\\\/\\\/www.anaromanature.com\\\/#\\\/schema\\\/logo\\\/image\\\/\",\"url\":\"https:\\\/\\\/i2.wp.com\\\/www.anaromanature.com\\\/wp-content\\\/uploads\\\/2021\\\/02\\\/cropped-Logotipo-Anaroma-2.png?fit=290%2C288&ssl=1\",\"contentUrl\":\"https:\\\/\\\/i2.wp.com\\\/www.anaromanature.com\\\/wp-content\\\/uploads\\\/2021\\\/02\\\/cropped-Logotipo-Anaroma-2.png?fit=290%2C288&ssl=1\",\"width\":290,\"height\":288,\"caption\":\"Anaroma Nature\"},\"image\":{\"@id\":\"https:\\\/\\\/www.anaromanature.com\\\/#\\\/schema\\\/logo\\\/image\\\/\"},\"sameAs\":[\"http:\\\/\\\/facebook.com\\\/Anaroma-326324794814915\",\"http:\\\/\\\/instagram.com\\\/anaromanature\"]}]}<\/script>\n<!-- \/ Yoast SEO plugin. -->","yoast_head_json":{"title":"Leche de Cabra DESMAQUILLADOR DE OJOS BIF\u00c1SICO 120ml - Ziaja - Anaroma Nature - Tienda Online","description":"Leche de Cabra DESMAQUILLADOR DE OJOS BIF\u00c1SICO 120ml - Ziaja Desmaquillador de ojos bif\u00e1sico, con prote\u00ednas de leche de cabra. Propiedades: Retira incluso","robots":{"index":"index","follow":"follow","max-snippet":"max-snippet:-1","max-image-preview":"max-image-preview:large","max-video-preview":"max-video-preview:-1"},"canonical":"https:\/\/www.anaromanature.com\/index.php\/producto\/leche-de-cabra-desmaquillador-de-ojos-bifasico-120ml-ziaja\/","og_locale":"es_ES","og_type":"article","og_title":"Leche de Cabra DESMAQUILLADOR DE OJOS BIF\u00c1SICO 120ml - Ziaja - Anaroma Nature - Tienda Online","og_description":"Leche de Cabra DESMAQUILLADOR DE OJOS BIF\u00c1SICO 120ml - Ziaja Desmaquillador de ojos bif\u00e1sico, con prote\u00ednas de leche de cabra. Propiedades: Retira incluso","og_url":"https:\/\/www.anaromanature.com\/index.php\/producto\/leche-de-cabra-desmaquillador-de-ojos-bifasico-120ml-ziaja\/","og_site_name":"Anaroma Nature","article_publisher":"http:\/\/facebook.com\/Anaroma-326324794814915","article_modified_time":"2024-06-24T16:01:46+00:00","og_image":[{"width":1096,"height":1125,"url":"https:\/\/www.anaromanature.com\/wp-content\/uploads\/2024\/06\/Leche-de-Cabra-DESMAQUILLADOR-BIFASICO-120ml-Ziaja.jpg","type":"image\/jpeg"}],"twitter_card":"summary_large_image","twitter_misc":{"Tiempo de lectura":"1 minuto"},"schema":{"@context":"https:\/\/schema.org","@graph":[{"@type":"WebPage","@id":"https:\/\/www.anaromanature.com\/index.php\/producto\/leche-de-cabra-desmaquillador-de-ojos-bifasico-120ml-ziaja\/","url":"https:\/\/www.anaromanature.com\/index.php\/producto\/leche-de-cabra-desmaquillador-de-ojos-bifasico-120ml-ziaja\/","name":"Leche de Cabra DESMAQUILLADOR DE OJOS BIF\u00c1SICO 120ml - Ziaja - Anaroma Nature - Tienda Online","isPartOf":{"@id":"https:\/\/www.anaromanature.com\/#website"},"primaryImageOfPage":{"@id":"https:\/\/www.anaromanature.com\/index.php\/producto\/leche-de-cabra-desmaquillador-de-ojos-bifasico-120ml-ziaja\/#primaryimage"},"image":{"@id":"https:\/\/www.anaromanature.com\/index.php\/producto\/leche-de-cabra-desmaquillador-de-ojos-bifasico-120ml-ziaja\/#primaryimage"},"thumbnailUrl":"https:\/\/www.anaromanature.com\/wp-content\/uploads\/2024\/06\/Leche-de-Cabra-DESMAQUILLADOR-BIFASICO-120ml-Ziaja.jpg","datePublished":"2024-06-24T15:52:18+00:00","dateModified":"2024-06-24T16:01:46+00:00","description":"Leche de Cabra DESMAQUILLADOR DE OJOS BIF\u00c1SICO 120ml - Ziaja Desmaquillador de ojos bif\u00e1sico, con prote\u00ednas de leche de cabra. Propiedades: Retira incluso","breadcrumb":{"@id":"https:\/\/www.anaromanature.com\/index.php\/producto\/leche-de-cabra-desmaquillador-de-ojos-bifasico-120ml-ziaja\/#breadcrumb"},"inLanguage":"es","potentialAction":[{"@type":"ReadAction","target":["https:\/\/www.anaromanature.com\/index.php\/producto\/leche-de-cabra-desmaquillador-de-ojos-bifasico-120ml-ziaja\/"]}]},{"@type":"ImageObject","inLanguage":"es","@id":"https:\/\/www.anaromanature.com\/index.php\/producto\/leche-de-cabra-desmaquillador-de-ojos-bifasico-120ml-ziaja\/#primaryimage","url":"https:\/\/www.anaromanature.com\/wp-content\/uploads\/2024\/06\/Leche-de-Cabra-DESMAQUILLADOR-BIFASICO-120ml-Ziaja.jpg","contentUrl":"https:\/\/www.anaromanature.com\/wp-content\/uploads\/2024\/06\/Leche-de-Cabra-DESMAQUILLADOR-BIFASICO-120ml-Ziaja.jpg","width":1096,"height":1125,"caption":"Leche de Cabra DESMAQUILLADOR BIF\u00c1SICO 120ml Ziaja"},{"@type":"BreadcrumbList","@id":"https:\/\/www.anaromanature.com\/index.php\/producto\/leche-de-cabra-desmaquillador-de-ojos-bifasico-120ml-ziaja\/#breadcrumb","itemListElement":[{"@type":"ListItem","position":1,"name":"Portada","item":"https:\/\/www.anaromanature.com\/"},{"@type":"ListItem","position":2,"name":"Tienda","item":"https:\/\/www.anaromanature.com\/index.php\/tienda-premium-online-anarome-nature\/"},{"@type":"ListItem","position":3,"name":"Leche de Cabra DESMAQUILLADOR DE OJOS BIF\u00c1SICO 120ml &#8211; Ziaja"}]},{"@type":"WebSite","@id":"https:\/\/www.anaromanature.com\/#website","url":"https:\/\/www.anaromanature.com\/","name":"Anaroma Nature","description":"Aromas y color","publisher":{"@id":"https:\/\/www.anaromanature.com\/#organization"},"potentialAction":[{"@type":"SearchAction","target":{"@type":"EntryPoint","urlTemplate":"https:\/\/www.anaromanature.com\/?s={search_term_string}"},"query-input":{"@type":"PropertyValueSpecification","valueRequired":true,"valueName":"search_term_string"}}],"inLanguage":"es"},{"@type":"Organization","@id":"https:\/\/www.anaromanature.com\/#organization","name":"Anaroma Nature","url":"https:\/\/www.anaromanature.com\/","logo":{"@type":"ImageObject","inLanguage":"es","@id":"https:\/\/www.anaromanature.com\/#\/schema\/logo\/image\/","url":"https:\/\/i2.wp.com\/www.anaromanature.com\/wp-content\/uploads\/2021\/02\/cropped-Logotipo-Anaroma-2.png?fit=290%2C288&ssl=1","contentUrl":"https:\/\/i2.wp.com\/www.anaromanature.com\/wp-content\/uploads\/2021\/02\/cropped-Logotipo-Anaroma-2.png?fit=290%2C288&ssl=1","width":290,"height":288,"caption":"Anaroma Nature"},"image":{"@id":"https:\/\/www.anaromanature.com\/#\/schema\/logo\/image\/"},"sameAs":["http:\/\/facebook.com\/Anaroma-326324794814915","http:\/\/instagram.com\/anaromanature"]}]}},"_links":{"self":[{"href":"https:\/\/www.anaromanature.com\/index.php\/wp-json\/wp\/v2\/product\/6664","targetHints":{"allow":["GET"]}}],"collection":[{"href":"https:\/\/www.anaromanature.com\/index.php\/wp-json\/wp\/v2\/product"}],"about":[{"href":"https:\/\/www.anaromanature.com\/index.php\/wp-json\/wp\/v2\/types\/product"}],"replies":[{"embeddable":true,"href":"https:\/\/www.anaromanature.com\/index.php\/wp-json\/wp\/v2\/comments?post=6664"}],"wp:featuredmedia":[{"embeddable":true,"href":"https:\/\/www.anaromanature.com\/index.php\/wp-json\/wp\/v2\/media\/6665"}],"wp:attachment":[{"href":"https:\/\/www.anaromanature.com\/index.php\/wp-json\/wp\/v2\/media?parent=6664"}],"wp:term":[{"taxonomy":"product_brand","embeddable":true,"href":"https:\/\/www.anaromanature.com\/index.php\/wp-json\/wp\/v2\/product_brand?post=6664"},{"taxonomy":"product_cat","embeddable":true,"href":"https:\/\/www.anaromanature.com\/index.php\/wp-json\/wp\/v2\/product_cat?post=6664"},{"taxonomy":"product_tag","embeddable":true,"href":"https:\/\/www.anaromanature.com\/index.php\/wp-json\/wp\/v2\/product_tag?post=6664"}],"curies":[{"name":"wp","href":"https:\/\/api.w.org\/{rel}","templated":true}]}}