{"id":6713,"date":"2024-10-26T06:59:33","date_gmt":"2024-10-26T05:59:33","guid":{"rendered":"https:\/\/www.anaromanature.com\/?post_type=product&#038;p=6713"},"modified":"2025-01-10T17:21:34","modified_gmt":"2025-01-10T16:21:34","slug":"spray-eliminador-o2-500ml","status":"publish","type":"product","link":"https:\/\/www.anaromanature.com\/index.php\/producto\/spray-eliminador-o2-500ml\/","title":{"rendered":"Spray eliminador O2 500ml"},"content":{"rendered":"<p>Spray eliminador O2 500ml<\/p>\n<p><span style=\"color: var(--black-color); font-family: var(--primary-font);\">La l\u00ednea neutrarom de Boles d\u2019olor nos aporta un plus en eficacia contra los malos olores gracias a su novedosa fabricaci\u00f3n. Esta cuenta con unos componentes llamados \u201cNeutraromes) que est\u00e1n construidos qu\u00edmicamente de forma muy similar a las mol\u00e9culas causantes de los malos olores.<\/span><\/p>\n<p>Se trata de una serie de productos que no solo ambientan sino que tambi\u00e9n eliminan los malos olores del ambiente.<\/p>\n<p>Si queremos neutralizar un determinado olor de nuestra casa, debemos atender a las recomendaciones del fabricante, de esta manera, ser\u00e1 a\u00fan mas eficaz.<\/p>\n<p><strong>Aroma especialmente recomendado para lugares con mascotas.<\/strong><\/p>\n<p>Apropiado para:<\/p>\n<ul>\n<li>Cortinas.<\/li>\n<li>Sof\u00e1s.<\/li>\n<li>Alfombras.<\/li>\n<li>Zapatillas.<\/li>\n<li>S\u00e1banas.<\/li>\n<li>Y todo tipo de superficies textiles propensas a coger olores.<\/li>\n<li><\/li>\n<\/ul>\n<p><strong>Instrucciones de uso:<\/strong><\/p>\n<ol>\n<li>Pon en posici\u00f3n \u00ababierto\u00bb la pesta\u00f1a de seguridad.<\/li>\n<li>Dirige el spray hacia la zona deseada.<\/li>\n<li>Presiona la pistola y deja que el l\u00edquido impregne la superficie elegida.<\/li>\n<li>Deja secar durante 10 minutos y si es necesario repite la operaci\u00f3n.<\/li>\n<li>Coloca la pesta\u00f1a de seguridad en \u00abcerrado\u00bb.<\/li>\n<li>Deja en un lugar seguro, fuera del alcance de los ni\u00f1os.<\/li>\n<li>Tienes una gran variedad de aromas para elegir.<\/li>\n<\/ol>\n<p><span style=\"color: var(--black-color); font-family: var(--primary-font);\">Spray eliminador O2 500ml<\/span><\/p>\n<p><span style=\"color: var(--black-color); font-family: var(--primary-font);\"><span style=\"color: rgba(0, 0, 0, 0); font-family: var(--primary-font);\"><span style=\"color: #333333;\">Perfuma tu hogar con<\/span>\u00a0<\/span><\/span><a style=\"font-family: var(--primary-font);\" href=\"https:\/\/www.anaromanature.com\/\">Anaroma Nature<\/a><\/p>\n<p><a href=\"mailto:%20info@anaromanature.com\">Cons\u00faltanos\u00a0<\/a>lo que necesites saber o aclarar.<\/p>\n<p>S\u00edguenos en\u00a0<a href=\"https:\/\/www.instagram.com\/anaromanature\/\">Instagram<\/a>.<\/p>\n","protected":false},"excerpt":{"rendered":"<p>Elimina los malos olores de cualquier espacio de tu casa.<\/p>\n<h6><strong>Fresco \u25cf Amaderado<\/strong><\/h6>\n<p style=\"box-sizing: border-box; margin: 0px 0px 20px; padding: 0px; font-size: 1.125em; line-height: 1.65; color: #383838; font-family: Jost;\">O2 es un homenaje al Ox\u00edgeno, la mol\u00e9cula indispensable para la vida en nuestro planeta. Una fragancia elegante, suave, limpia y duradera. Tu casa se llenar\u00e1 de energ\u00eda positiva, vitalidad y sensaci\u00f3n de frescor.<\/p>\n<p style=\"box-sizing: border-box; margin: 0px 0px 20px; padding: 0px; font-size: 1.125em; line-height: 1.65; color: #383838; font-family: Jost;\"><span style=\"box-sizing: border-box; margin: 0px; padding: 0px; font-weight: bolder;\">Notas de fragancia<\/span><\/p>\n<ul style=\"box-sizing: border-box; margin: 0px 0px 1.5em 3em; padding: 0px; list-style-position: initial; list-style-image: initial; color: #383838; font-family: Jost;\">\n<li style=\"box-sizing: border-box; margin: 0px; padding: 0px;\"><span style=\"box-sizing: border-box; margin: 0px; padding: 0px; font-weight: bolder;\">Salida:\u00a0<\/span>C\u00edtrica, Bergamota Italiana, agujas de Abeto, cortezas de Lim\u00f3n.<\/li>\n<li style=\"box-sizing: border-box; margin: 0px; padding: 0px;\"><span style=\"box-sizing: border-box; margin: 0px; padding: 0px; font-weight: bolder;\">Coraz\u00f3n:\u00a0<\/span>Geranio, especias ex\u00f3ticas, Cardamomo, Coriandro y un toque de flores blancas.<\/li>\n<li style=\"box-sizing: border-box; margin: 0px; padding: 0px;\"><span style=\"box-sizing: border-box; margin: 0px; padding: 0px; font-weight: bolder;\">Fondo:\u00a0<\/span>Poderosamente almizclado y amaderado, con S\u00e1ndalo, Vetiver, Cedro.<\/li>\n<\/ul>\n<p><span style=\"color: var(--black-color); font-family: var(--primary-font);\">Lee abajo las recomendaciones de uso.<\/span><\/p>\n","protected":false},"featured_media":6714,"comment_status":"open","ping_status":"closed","template":"","meta":{"_joinchat":[]},"product_brand":[],"product_cat":[26,572,123],"product_tag":[42,574,641],"class_list":{"0":"post-6713","1":"product","2":"type-product","3":"status-publish","4":"has-post-thumbnail","6":"product_cat-boles-dolor-un-mundo-de-suenos-fragantes","7":"product_cat-freshness","8":"product_cat-neutrarom-boles-d-olor","9":"product_tag-ambientador","10":"product_tag-freshness","11":"product_tag-o2","12":"latest_post","14":"first","15":"instock","16":"taxable","17":"shipping-taxable","18":"purchasable","19":"product-type-simple"},"yoast_head":"<!-- This site is optimized with the Yoast SEO plugin v27.4 - https:\/\/yoast.com\/product\/yoast-seo-wordpress\/ -->\n<title>Spray eliminador O2 500ml - Anaroma Nature - Tienda Premium<\/title>\n<meta name=\"description\" content=\"Spray eliminador O2 500ml. La l\u00ednea neutrarom de Boles d\u2019olor nos aporta un plus en eficacia contra los malos olores gracias a su\" \/>\n<meta name=\"robots\" content=\"index, follow, max-snippet:-1, max-image-preview:large, max-video-preview:-1\" \/>\n<link rel=\"canonical\" href=\"https:\/\/www.anaromanature.com\/index.php\/producto\/spray-eliminador-o2-500ml\/\" \/>\n<meta property=\"og:locale\" content=\"es_ES\" \/>\n<meta property=\"og:type\" content=\"article\" \/>\n<meta property=\"og:title\" content=\"Spray eliminador O2 500ml - Anaroma Nature - Tienda Premium\" \/>\n<meta property=\"og:description\" content=\"Spray eliminador O2 500ml. La l\u00ednea neutrarom de Boles d\u2019olor nos aporta un plus en eficacia contra los malos olores gracias a su\" \/>\n<meta property=\"og:url\" content=\"https:\/\/www.anaromanature.com\/index.php\/producto\/spray-eliminador-o2-500ml\/\" \/>\n<meta property=\"og:site_name\" content=\"Anaroma Nature\" \/>\n<meta property=\"article:publisher\" content=\"http:\/\/facebook.com\/Anaroma-326324794814915\" \/>\n<meta property=\"article:modified_time\" content=\"2025-01-10T16:21:34+00:00\" \/>\n<meta property=\"og:image\" content=\"https:\/\/www.anaromanature.com\/wp-content\/uploads\/2024\/10\/Freshness-O2-0143581.jpg\" \/>\n\t<meta property=\"og:image:width\" content=\"1080\" \/>\n\t<meta property=\"og:image:height\" content=\"1080\" \/>\n\t<meta property=\"og:image:type\" content=\"image\/jpeg\" \/>\n<meta name=\"twitter:card\" content=\"summary_large_image\" \/>\n<meta name=\"twitter:label1\" content=\"Tiempo de lectura\" \/>\n\t<meta name=\"twitter:data1\" content=\"1 minuto\" \/>\n<script type=\"application\/ld+json\" class=\"yoast-schema-graph\">{\"@context\":\"https:\\\/\\\/schema.org\",\"@graph\":[{\"@type\":\"WebPage\",\"@id\":\"https:\\\/\\\/www.anaromanature.com\\\/index.php\\\/producto\\\/spray-eliminador-o2-500ml\\\/\",\"url\":\"https:\\\/\\\/www.anaromanature.com\\\/index.php\\\/producto\\\/spray-eliminador-o2-500ml\\\/\",\"name\":\"Spray eliminador O2 500ml - Anaroma Nature - Tienda Premium\",\"isPartOf\":{\"@id\":\"https:\\\/\\\/www.anaromanature.com\\\/#website\"},\"primaryImageOfPage\":{\"@id\":\"https:\\\/\\\/www.anaromanature.com\\\/index.php\\\/producto\\\/spray-eliminador-o2-500ml\\\/#primaryimage\"},\"image\":{\"@id\":\"https:\\\/\\\/www.anaromanature.com\\\/index.php\\\/producto\\\/spray-eliminador-o2-500ml\\\/#primaryimage\"},\"thumbnailUrl\":\"https:\\\/\\\/www.anaromanature.com\\\/wp-content\\\/uploads\\\/2024\\\/10\\\/Freshness-O2-0143581.jpg\",\"datePublished\":\"2024-10-26T05:59:33+00:00\",\"dateModified\":\"2025-01-10T16:21:34+00:00\",\"description\":\"Spray eliminador O2 500ml. La l\u00ednea neutrarom de Boles d\u2019olor nos aporta un plus en eficacia contra los malos olores gracias a su\",\"breadcrumb\":{\"@id\":\"https:\\\/\\\/www.anaromanature.com\\\/index.php\\\/producto\\\/spray-eliminador-o2-500ml\\\/#breadcrumb\"},\"inLanguage\":\"es\",\"potentialAction\":[{\"@type\":\"ReadAction\",\"target\":[\"https:\\\/\\\/www.anaromanature.com\\\/index.php\\\/producto\\\/spray-eliminador-o2-500ml\\\/\"]}]},{\"@type\":\"ImageObject\",\"inLanguage\":\"es\",\"@id\":\"https:\\\/\\\/www.anaromanature.com\\\/index.php\\\/producto\\\/spray-eliminador-o2-500ml\\\/#primaryimage\",\"url\":\"https:\\\/\\\/www.anaromanature.com\\\/wp-content\\\/uploads\\\/2024\\\/10\\\/Freshness-O2-0143581.jpg\",\"contentUrl\":\"https:\\\/\\\/www.anaromanature.com\\\/wp-content\\\/uploads\\\/2024\\\/10\\\/Freshness-O2-0143581.jpg\",\"width\":1080,\"height\":1080,\"caption\":\"Freshness O2 (0143581)\"},{\"@type\":\"BreadcrumbList\",\"@id\":\"https:\\\/\\\/www.anaromanature.com\\\/index.php\\\/producto\\\/spray-eliminador-o2-500ml\\\/#breadcrumb\",\"itemListElement\":[{\"@type\":\"ListItem\",\"position\":1,\"name\":\"Portada\",\"item\":\"https:\\\/\\\/www.anaromanature.com\\\/\"},{\"@type\":\"ListItem\",\"position\":2,\"name\":\"Tienda\",\"item\":\"https:\\\/\\\/www.anaromanature.com\\\/index.php\\\/tienda-premium-online-anarome-nature\\\/\"},{\"@type\":\"ListItem\",\"position\":3,\"name\":\"Spray eliminador O2 500ml\"}]},{\"@type\":\"WebSite\",\"@id\":\"https:\\\/\\\/www.anaromanature.com\\\/#website\",\"url\":\"https:\\\/\\\/www.anaromanature.com\\\/\",\"name\":\"Anaroma Nature\",\"description\":\"Aromas y color\",\"publisher\":{\"@id\":\"https:\\\/\\\/www.anaromanature.com\\\/#organization\"},\"potentialAction\":[{\"@type\":\"SearchAction\",\"target\":{\"@type\":\"EntryPoint\",\"urlTemplate\":\"https:\\\/\\\/www.anaromanature.com\\\/?s={search_term_string}\"},\"query-input\":{\"@type\":\"PropertyValueSpecification\",\"valueRequired\":true,\"valueName\":\"search_term_string\"}}],\"inLanguage\":\"es\"},{\"@type\":\"Organization\",\"@id\":\"https:\\\/\\\/www.anaromanature.com\\\/#organization\",\"name\":\"Anaroma Nature\",\"url\":\"https:\\\/\\\/www.anaromanature.com\\\/\",\"logo\":{\"@type\":\"ImageObject\",\"inLanguage\":\"es\",\"@id\":\"https:\\\/\\\/www.anaromanature.com\\\/#\\\/schema\\\/logo\\\/image\\\/\",\"url\":\"https:\\\/\\\/i2.wp.com\\\/www.anaromanature.com\\\/wp-content\\\/uploads\\\/2021\\\/02\\\/cropped-Logotipo-Anaroma-2.png?fit=290%2C288&ssl=1\",\"contentUrl\":\"https:\\\/\\\/i2.wp.com\\\/www.anaromanature.com\\\/wp-content\\\/uploads\\\/2021\\\/02\\\/cropped-Logotipo-Anaroma-2.png?fit=290%2C288&ssl=1\",\"width\":290,\"height\":288,\"caption\":\"Anaroma Nature\"},\"image\":{\"@id\":\"https:\\\/\\\/www.anaromanature.com\\\/#\\\/schema\\\/logo\\\/image\\\/\"},\"sameAs\":[\"http:\\\/\\\/facebook.com\\\/Anaroma-326324794814915\",\"http:\\\/\\\/instagram.com\\\/anaromanature\"]}]}<\/script>\n<!-- \/ Yoast SEO plugin. -->","yoast_head_json":{"title":"Spray eliminador O2 500ml - Anaroma Nature - Tienda Premium","description":"Spray eliminador O2 500ml. La l\u00ednea neutrarom de Boles d\u2019olor nos aporta un plus en eficacia contra los malos olores gracias a su","robots":{"index":"index","follow":"follow","max-snippet":"max-snippet:-1","max-image-preview":"max-image-preview:large","max-video-preview":"max-video-preview:-1"},"canonical":"https:\/\/www.anaromanature.com\/index.php\/producto\/spray-eliminador-o2-500ml\/","og_locale":"es_ES","og_type":"article","og_title":"Spray eliminador O2 500ml - Anaroma Nature - Tienda Premium","og_description":"Spray eliminador O2 500ml. La l\u00ednea neutrarom de Boles d\u2019olor nos aporta un plus en eficacia contra los malos olores gracias a su","og_url":"https:\/\/www.anaromanature.com\/index.php\/producto\/spray-eliminador-o2-500ml\/","og_site_name":"Anaroma Nature","article_publisher":"http:\/\/facebook.com\/Anaroma-326324794814915","article_modified_time":"2025-01-10T16:21:34+00:00","og_image":[{"width":1080,"height":1080,"url":"https:\/\/www.anaromanature.com\/wp-content\/uploads\/2024\/10\/Freshness-O2-0143581.jpg","type":"image\/jpeg"}],"twitter_card":"summary_large_image","twitter_misc":{"Tiempo de lectura":"1 minuto"},"schema":{"@context":"https:\/\/schema.org","@graph":[{"@type":"WebPage","@id":"https:\/\/www.anaromanature.com\/index.php\/producto\/spray-eliminador-o2-500ml\/","url":"https:\/\/www.anaromanature.com\/index.php\/producto\/spray-eliminador-o2-500ml\/","name":"Spray eliminador O2 500ml - Anaroma Nature - Tienda Premium","isPartOf":{"@id":"https:\/\/www.anaromanature.com\/#website"},"primaryImageOfPage":{"@id":"https:\/\/www.anaromanature.com\/index.php\/producto\/spray-eliminador-o2-500ml\/#primaryimage"},"image":{"@id":"https:\/\/www.anaromanature.com\/index.php\/producto\/spray-eliminador-o2-500ml\/#primaryimage"},"thumbnailUrl":"https:\/\/www.anaromanature.com\/wp-content\/uploads\/2024\/10\/Freshness-O2-0143581.jpg","datePublished":"2024-10-26T05:59:33+00:00","dateModified":"2025-01-10T16:21:34+00:00","description":"Spray eliminador O2 500ml. La l\u00ednea neutrarom de Boles d\u2019olor nos aporta un plus en eficacia contra los malos olores gracias a su","breadcrumb":{"@id":"https:\/\/www.anaromanature.com\/index.php\/producto\/spray-eliminador-o2-500ml\/#breadcrumb"},"inLanguage":"es","potentialAction":[{"@type":"ReadAction","target":["https:\/\/www.anaromanature.com\/index.php\/producto\/spray-eliminador-o2-500ml\/"]}]},{"@type":"ImageObject","inLanguage":"es","@id":"https:\/\/www.anaromanature.com\/index.php\/producto\/spray-eliminador-o2-500ml\/#primaryimage","url":"https:\/\/www.anaromanature.com\/wp-content\/uploads\/2024\/10\/Freshness-O2-0143581.jpg","contentUrl":"https:\/\/www.anaromanature.com\/wp-content\/uploads\/2024\/10\/Freshness-O2-0143581.jpg","width":1080,"height":1080,"caption":"Freshness O2 (0143581)"},{"@type":"BreadcrumbList","@id":"https:\/\/www.anaromanature.com\/index.php\/producto\/spray-eliminador-o2-500ml\/#breadcrumb","itemListElement":[{"@type":"ListItem","position":1,"name":"Portada","item":"https:\/\/www.anaromanature.com\/"},{"@type":"ListItem","position":2,"name":"Tienda","item":"https:\/\/www.anaromanature.com\/index.php\/tienda-premium-online-anarome-nature\/"},{"@type":"ListItem","position":3,"name":"Spray eliminador O2 500ml"}]},{"@type":"WebSite","@id":"https:\/\/www.anaromanature.com\/#website","url":"https:\/\/www.anaromanature.com\/","name":"Anaroma Nature","description":"Aromas y color","publisher":{"@id":"https:\/\/www.anaromanature.com\/#organization"},"potentialAction":[{"@type":"SearchAction","target":{"@type":"EntryPoint","urlTemplate":"https:\/\/www.anaromanature.com\/?s={search_term_string}"},"query-input":{"@type":"PropertyValueSpecification","valueRequired":true,"valueName":"search_term_string"}}],"inLanguage":"es"},{"@type":"Organization","@id":"https:\/\/www.anaromanature.com\/#organization","name":"Anaroma Nature","url":"https:\/\/www.anaromanature.com\/","logo":{"@type":"ImageObject","inLanguage":"es","@id":"https:\/\/www.anaromanature.com\/#\/schema\/logo\/image\/","url":"https:\/\/i2.wp.com\/www.anaromanature.com\/wp-content\/uploads\/2021\/02\/cropped-Logotipo-Anaroma-2.png?fit=290%2C288&ssl=1","contentUrl":"https:\/\/i2.wp.com\/www.anaromanature.com\/wp-content\/uploads\/2021\/02\/cropped-Logotipo-Anaroma-2.png?fit=290%2C288&ssl=1","width":290,"height":288,"caption":"Anaroma Nature"},"image":{"@id":"https:\/\/www.anaromanature.com\/#\/schema\/logo\/image\/"},"sameAs":["http:\/\/facebook.com\/Anaroma-326324794814915","http:\/\/instagram.com\/anaromanature"]}]}},"_links":{"self":[{"href":"https:\/\/www.anaromanature.com\/index.php\/wp-json\/wp\/v2\/product\/6713","targetHints":{"allow":["GET"]}}],"collection":[{"href":"https:\/\/www.anaromanature.com\/index.php\/wp-json\/wp\/v2\/product"}],"about":[{"href":"https:\/\/www.anaromanature.com\/index.php\/wp-json\/wp\/v2\/types\/product"}],"replies":[{"embeddable":true,"href":"https:\/\/www.anaromanature.com\/index.php\/wp-json\/wp\/v2\/comments?post=6713"}],"wp:featuredmedia":[{"embeddable":true,"href":"https:\/\/www.anaromanature.com\/index.php\/wp-json\/wp\/v2\/media\/6714"}],"wp:attachment":[{"href":"https:\/\/www.anaromanature.com\/index.php\/wp-json\/wp\/v2\/media?parent=6713"}],"wp:term":[{"taxonomy":"product_brand","embeddable":true,"href":"https:\/\/www.anaromanature.com\/index.php\/wp-json\/wp\/v2\/product_brand?post=6713"},{"taxonomy":"product_cat","embeddable":true,"href":"https:\/\/www.anaromanature.com\/index.php\/wp-json\/wp\/v2\/product_cat?post=6713"},{"taxonomy":"product_tag","embeddable":true,"href":"https:\/\/www.anaromanature.com\/index.php\/wp-json\/wp\/v2\/product_tag?post=6713"}],"curies":[{"name":"wp","href":"https:\/\/api.w.org\/{rel}","templated":true}]}}