{"id":672,"date":"2021-02-06T23:59:53","date_gmt":"2021-02-06T22:59:53","guid":{"rendered":"https:\/\/www.anaromanature.com\/?post_type=product&#038;p=672"},"modified":"2025-01-10T17:21:40","modified_gmt":"2025-01-10T16:21:40","slug":"gelarom-iris","status":"publish","type":"product","link":"https:\/\/www.anaromanature.com\/index.php\/producto\/gelarom-iris\/","title":{"rendered":"Gelarom Iris"},"content":{"rendered":"<p>Gelarom Iris<\/p>\n<p>La l\u00ednea neutrarom de Boles d&#8217;olor nos aporta un plus en eficacia contra los malos olores gracias a su novedosa fabricaci\u00f3n. Esta cuenta con unos componentes llamados \u00abNeutraromes) que est\u00e1n construidos qu\u00edmicamente de forma muy similar a las mol\u00e9culas causantes de los malos olores.<\/p>\n<p>Se trata de una serie de productos que no solo ambientan sino que tambi\u00e9n eliminan los malos olores del ambiente.<\/p>\n<p>Si queremos neutralizar un determinado olor de nuestra casa, debemos atender a las recomendaciones del fabricante, de esta manera, ser\u00e1 a\u00fan mas eficaz.<\/p>\n<p><strong>Aroma especialmente recomendado para lugares con mascotas.<\/strong><\/p>\n<p>Ya que no se puede verter f\u00e1cilmente, aconsejamos su uso en los siguientes lugares:<\/p>\n<ul>\n<li>Coches, caravanas, auto-caravanas, camiones y autocares.<\/li>\n<li>Ba\u00f1os y cocinas.<\/li>\n<li>Cubos de basura, zapateros, interior de armarios y vestidores.<\/li>\n<\/ul>\n<p><strong>Instrucciones de uso:<\/strong><\/p>\n<ol>\n<li>Retira el embalaje de cart\u00f3n y saca el producto.<\/li>\n<li>Abre la tapa met\u00e1lica.<\/li>\n<li>Retira la tapa de pl\u00e1stico de debajo de la tapa met\u00e1lica (aconsejamos guardarla por si quisieras cerrarlo en alg\u00fan momento).<\/li>\n<li>Vuelve a colocar la tapa met\u00e1lica.<\/li>\n<li>Ubica el Gelarom en el lugar elegido.<\/li>\n<li>Cuando pierda intensidad, puedes poner unas gotas de agua mineral, agitarlo y veras como aumenta la intensidad del aroma.<\/li>\n<\/ol>\n<p>Gelarom Iris<\/p>\n<p>Perfuma tu hogar con\u00a0<a href=\"https:\/\/www.anaromanature.com\/\">Anaroma Nature<\/a><\/p>\n<p><a href=\"mailto:%20info@anaromanature.com\">Cons\u00faltanos\u00a0<\/a>lo que necesites saber o aclarar.<\/p>\n<p>S\u00edguenos en\u00a0<a href=\"https:\/\/www.instagram.com\/anaromanature\/\">Instagram<\/a>.<\/p>\n","protected":false},"excerpt":{"rendered":"<p>&nbsp;<\/p>\n<p>No solo camufla sino que elimina los malos olores de un espacio peque\u00f1o.<\/p>\n<ul>\n<li>\n<h4>Fresco<\/h4>\n<\/li>\n<\/ul>\n<p>Una fragancia fresca, transparente, limpia y sedosa. Un cl\u00e1sico que pervive cada vez con m\u00e1s fuerza. Cubre extraordinariamente los olores desagradables dejando un rastro agradable de frescura y personalidad.<\/p>\n<p><strong>Notas de fragancia<\/strong><\/p>\n<ul>\n<li><strong>Salida:\u00a0<\/strong>Lima, Bergamota, Mandarina, Enebro, Salvia y Menta verde.<\/li>\n<li><strong>Coraz\u00f3n:\u00a0<\/strong>Raices de Iris y Lirio Blanco.<\/li>\n<li><strong>Fondo:\u00a0<\/strong>Pachul\u00ed, \u00c1mbar, Almizcle y S\u00e1ndalo.<\/li>\n<\/ul>\n<p>&nbsp;<\/p>\n<p>Lee abajo las recomendaciones de uso.<\/p>\n","protected":false},"featured_media":1036,"comment_status":"open","ping_status":"closed","template":"","meta":{"_joinchat":[]},"product_brand":[],"product_cat":[26,124,123],"product_tag":[42,53,125],"class_list":{"0":"post-672","1":"product","2":"type-product","3":"status-publish","4":"has-post-thumbnail","6":"product_cat-boles-dolor-un-mundo-de-suenos-fragantes","7":"product_cat-gelarom","8":"product_cat-neutrarom-boles-d-olor","9":"product_tag-ambientador","10":"product_tag-fresco","11":"product_tag-gelarom","12":"latest_post","14":"first","15":"outofstock","16":"taxable","17":"shipping-taxable","18":"purchasable","19":"product-type-simple"},"yoast_head":"<!-- This site is optimized with the Yoast SEO plugin v27.4 - https:\/\/yoast.com\/product\/yoast-seo-wordpress\/ -->\n<title>Gelarom Iris - Anaroma Nature - Tienda<\/title>\n<meta name=\"description\" content=\"Gelarom IrisLa l\u00ednea neutrarom de Boles d&#039;olor nos aporta un plus en eficacia contra los malos olores gracias a su novedosa fabricaci\u00f3n.\" \/>\n<meta name=\"robots\" content=\"index, follow, max-snippet:-1, max-image-preview:large, max-video-preview:-1\" \/>\n<link rel=\"canonical\" href=\"https:\/\/www.anaromanature.com\/index.php\/producto\/gelarom-iris\/\" \/>\n<meta property=\"og:locale\" content=\"es_ES\" \/>\n<meta property=\"og:type\" content=\"article\" \/>\n<meta property=\"og:title\" content=\"Gelarom Iris - Anaroma Nature - Tienda\" \/>\n<meta property=\"og:description\" content=\"Gelarom IrisLa l\u00ednea neutrarom de Boles d&#039;olor nos aporta un plus en eficacia contra los malos olores gracias a su novedosa fabricaci\u00f3n.\" \/>\n<meta property=\"og:url\" content=\"https:\/\/www.anaromanature.com\/index.php\/producto\/gelarom-iris\/\" \/>\n<meta property=\"og:site_name\" content=\"Anaroma Nature\" \/>\n<meta property=\"article:publisher\" content=\"http:\/\/facebook.com\/Anaroma-326324794814915\" \/>\n<meta property=\"article:modified_time\" content=\"2025-01-10T16:21:40+00:00\" \/>\n<meta property=\"og:image\" content=\"https:\/\/www.anaromanature.com\/wp-content\/uploads\/2021\/02\/Ambients-Gelarom-Iris-0139905-scaled.jpg\" \/>\n\t<meta property=\"og:image:width\" content=\"600\" \/>\n\t<meta property=\"og:image:height\" content=\"600\" \/>\n\t<meta property=\"og:image:type\" content=\"image\/jpeg\" \/>\n<meta name=\"twitter:card\" content=\"summary_large_image\" \/>\n<meta name=\"twitter:label1\" content=\"Tiempo de lectura\" \/>\n\t<meta name=\"twitter:data1\" content=\"1 minuto\" \/>\n<script type=\"application\/ld+json\" class=\"yoast-schema-graph\">{\"@context\":\"https:\\\/\\\/schema.org\",\"@graph\":[{\"@type\":\"WebPage\",\"@id\":\"https:\\\/\\\/www.anaromanature.com\\\/index.php\\\/producto\\\/gelarom-iris\\\/\",\"url\":\"https:\\\/\\\/www.anaromanature.com\\\/index.php\\\/producto\\\/gelarom-iris\\\/\",\"name\":\"Gelarom Iris - Anaroma Nature - Tienda\",\"isPartOf\":{\"@id\":\"https:\\\/\\\/www.anaromanature.com\\\/#website\"},\"primaryImageOfPage\":{\"@id\":\"https:\\\/\\\/www.anaromanature.com\\\/index.php\\\/producto\\\/gelarom-iris\\\/#primaryimage\"},\"image\":{\"@id\":\"https:\\\/\\\/www.anaromanature.com\\\/index.php\\\/producto\\\/gelarom-iris\\\/#primaryimage\"},\"thumbnailUrl\":\"https:\\\/\\\/www.anaromanature.com\\\/wp-content\\\/uploads\\\/2021\\\/02\\\/Ambients-Gelarom-Iris-0139905-scaled.jpg\",\"datePublished\":\"2021-02-06T22:59:53+00:00\",\"dateModified\":\"2025-01-10T16:21:40+00:00\",\"description\":\"Gelarom IrisLa l\u00ednea neutrarom de Boles d'olor nos aporta un plus en eficacia contra los malos olores gracias a su novedosa fabricaci\u00f3n.\",\"breadcrumb\":{\"@id\":\"https:\\\/\\\/www.anaromanature.com\\\/index.php\\\/producto\\\/gelarom-iris\\\/#breadcrumb\"},\"inLanguage\":\"es\",\"potentialAction\":[{\"@type\":\"ReadAction\",\"target\":[\"https:\\\/\\\/www.anaromanature.com\\\/index.php\\\/producto\\\/gelarom-iris\\\/\"]}]},{\"@type\":\"ImageObject\",\"inLanguage\":\"es\",\"@id\":\"https:\\\/\\\/www.anaromanature.com\\\/index.php\\\/producto\\\/gelarom-iris\\\/#primaryimage\",\"url\":\"https:\\\/\\\/www.anaromanature.com\\\/wp-content\\\/uploads\\\/2021\\\/02\\\/Ambients-Gelarom-Iris-0139905-scaled.jpg\",\"contentUrl\":\"https:\\\/\\\/www.anaromanature.com\\\/wp-content\\\/uploads\\\/2021\\\/02\\\/Ambients-Gelarom-Iris-0139905-scaled.jpg\",\"width\":600,\"height\":600,\"caption\":\"Ambients Gelarom Iris 0139905\"},{\"@type\":\"BreadcrumbList\",\"@id\":\"https:\\\/\\\/www.anaromanature.com\\\/index.php\\\/producto\\\/gelarom-iris\\\/#breadcrumb\",\"itemListElement\":[{\"@type\":\"ListItem\",\"position\":1,\"name\":\"Portada\",\"item\":\"https:\\\/\\\/www.anaromanature.com\\\/\"},{\"@type\":\"ListItem\",\"position\":2,\"name\":\"Tienda\",\"item\":\"https:\\\/\\\/www.anaromanature.com\\\/index.php\\\/tienda-premium-online-anarome-nature\\\/\"},{\"@type\":\"ListItem\",\"position\":3,\"name\":\"Gelarom Iris\"}]},{\"@type\":\"WebSite\",\"@id\":\"https:\\\/\\\/www.anaromanature.com\\\/#website\",\"url\":\"https:\\\/\\\/www.anaromanature.com\\\/\",\"name\":\"Anaroma Nature\",\"description\":\"Aromas y color\",\"publisher\":{\"@id\":\"https:\\\/\\\/www.anaromanature.com\\\/#organization\"},\"potentialAction\":[{\"@type\":\"SearchAction\",\"target\":{\"@type\":\"EntryPoint\",\"urlTemplate\":\"https:\\\/\\\/www.anaromanature.com\\\/?s={search_term_string}\"},\"query-input\":{\"@type\":\"PropertyValueSpecification\",\"valueRequired\":true,\"valueName\":\"search_term_string\"}}],\"inLanguage\":\"es\"},{\"@type\":\"Organization\",\"@id\":\"https:\\\/\\\/www.anaromanature.com\\\/#organization\",\"name\":\"Anaroma Nature\",\"url\":\"https:\\\/\\\/www.anaromanature.com\\\/\",\"logo\":{\"@type\":\"ImageObject\",\"inLanguage\":\"es\",\"@id\":\"https:\\\/\\\/www.anaromanature.com\\\/#\\\/schema\\\/logo\\\/image\\\/\",\"url\":\"https:\\\/\\\/i2.wp.com\\\/www.anaromanature.com\\\/wp-content\\\/uploads\\\/2021\\\/02\\\/cropped-Logotipo-Anaroma-2.png?fit=290%2C288&ssl=1\",\"contentUrl\":\"https:\\\/\\\/i2.wp.com\\\/www.anaromanature.com\\\/wp-content\\\/uploads\\\/2021\\\/02\\\/cropped-Logotipo-Anaroma-2.png?fit=290%2C288&ssl=1\",\"width\":290,\"height\":288,\"caption\":\"Anaroma Nature\"},\"image\":{\"@id\":\"https:\\\/\\\/www.anaromanature.com\\\/#\\\/schema\\\/logo\\\/image\\\/\"},\"sameAs\":[\"http:\\\/\\\/facebook.com\\\/Anaroma-326324794814915\",\"http:\\\/\\\/instagram.com\\\/anaromanature\"]}]}<\/script>\n<!-- \/ Yoast SEO plugin. -->","yoast_head_json":{"title":"Gelarom Iris - Anaroma Nature - Tienda","description":"Gelarom IrisLa l\u00ednea neutrarom de Boles d'olor nos aporta un plus en eficacia contra los malos olores gracias a su novedosa fabricaci\u00f3n.","robots":{"index":"index","follow":"follow","max-snippet":"max-snippet:-1","max-image-preview":"max-image-preview:large","max-video-preview":"max-video-preview:-1"},"canonical":"https:\/\/www.anaromanature.com\/index.php\/producto\/gelarom-iris\/","og_locale":"es_ES","og_type":"article","og_title":"Gelarom Iris - Anaroma Nature - Tienda","og_description":"Gelarom IrisLa l\u00ednea neutrarom de Boles d'olor nos aporta un plus en eficacia contra los malos olores gracias a su novedosa fabricaci\u00f3n.","og_url":"https:\/\/www.anaromanature.com\/index.php\/producto\/gelarom-iris\/","og_site_name":"Anaroma Nature","article_publisher":"http:\/\/facebook.com\/Anaroma-326324794814915","article_modified_time":"2025-01-10T16:21:40+00:00","og_image":[{"width":600,"height":600,"url":"https:\/\/www.anaromanature.com\/wp-content\/uploads\/2021\/02\/Ambients-Gelarom-Iris-0139905-scaled.jpg","type":"image\/jpeg"}],"twitter_card":"summary_large_image","twitter_misc":{"Tiempo de lectura":"1 minuto"},"schema":{"@context":"https:\/\/schema.org","@graph":[{"@type":"WebPage","@id":"https:\/\/www.anaromanature.com\/index.php\/producto\/gelarom-iris\/","url":"https:\/\/www.anaromanature.com\/index.php\/producto\/gelarom-iris\/","name":"Gelarom Iris - Anaroma Nature - Tienda","isPartOf":{"@id":"https:\/\/www.anaromanature.com\/#website"},"primaryImageOfPage":{"@id":"https:\/\/www.anaromanature.com\/index.php\/producto\/gelarom-iris\/#primaryimage"},"image":{"@id":"https:\/\/www.anaromanature.com\/index.php\/producto\/gelarom-iris\/#primaryimage"},"thumbnailUrl":"https:\/\/www.anaromanature.com\/wp-content\/uploads\/2021\/02\/Ambients-Gelarom-Iris-0139905-scaled.jpg","datePublished":"2021-02-06T22:59:53+00:00","dateModified":"2025-01-10T16:21:40+00:00","description":"Gelarom IrisLa l\u00ednea neutrarom de Boles d'olor nos aporta un plus en eficacia contra los malos olores gracias a su novedosa fabricaci\u00f3n.","breadcrumb":{"@id":"https:\/\/www.anaromanature.com\/index.php\/producto\/gelarom-iris\/#breadcrumb"},"inLanguage":"es","potentialAction":[{"@type":"ReadAction","target":["https:\/\/www.anaromanature.com\/index.php\/producto\/gelarom-iris\/"]}]},{"@type":"ImageObject","inLanguage":"es","@id":"https:\/\/www.anaromanature.com\/index.php\/producto\/gelarom-iris\/#primaryimage","url":"https:\/\/www.anaromanature.com\/wp-content\/uploads\/2021\/02\/Ambients-Gelarom-Iris-0139905-scaled.jpg","contentUrl":"https:\/\/www.anaromanature.com\/wp-content\/uploads\/2021\/02\/Ambients-Gelarom-Iris-0139905-scaled.jpg","width":600,"height":600,"caption":"Ambients Gelarom Iris 0139905"},{"@type":"BreadcrumbList","@id":"https:\/\/www.anaromanature.com\/index.php\/producto\/gelarom-iris\/#breadcrumb","itemListElement":[{"@type":"ListItem","position":1,"name":"Portada","item":"https:\/\/www.anaromanature.com\/"},{"@type":"ListItem","position":2,"name":"Tienda","item":"https:\/\/www.anaromanature.com\/index.php\/tienda-premium-online-anarome-nature\/"},{"@type":"ListItem","position":3,"name":"Gelarom Iris"}]},{"@type":"WebSite","@id":"https:\/\/www.anaromanature.com\/#website","url":"https:\/\/www.anaromanature.com\/","name":"Anaroma Nature","description":"Aromas y color","publisher":{"@id":"https:\/\/www.anaromanature.com\/#organization"},"potentialAction":[{"@type":"SearchAction","target":{"@type":"EntryPoint","urlTemplate":"https:\/\/www.anaromanature.com\/?s={search_term_string}"},"query-input":{"@type":"PropertyValueSpecification","valueRequired":true,"valueName":"search_term_string"}}],"inLanguage":"es"},{"@type":"Organization","@id":"https:\/\/www.anaromanature.com\/#organization","name":"Anaroma Nature","url":"https:\/\/www.anaromanature.com\/","logo":{"@type":"ImageObject","inLanguage":"es","@id":"https:\/\/www.anaromanature.com\/#\/schema\/logo\/image\/","url":"https:\/\/i2.wp.com\/www.anaromanature.com\/wp-content\/uploads\/2021\/02\/cropped-Logotipo-Anaroma-2.png?fit=290%2C288&ssl=1","contentUrl":"https:\/\/i2.wp.com\/www.anaromanature.com\/wp-content\/uploads\/2021\/02\/cropped-Logotipo-Anaroma-2.png?fit=290%2C288&ssl=1","width":290,"height":288,"caption":"Anaroma Nature"},"image":{"@id":"https:\/\/www.anaromanature.com\/#\/schema\/logo\/image\/"},"sameAs":["http:\/\/facebook.com\/Anaroma-326324794814915","http:\/\/instagram.com\/anaromanature"]}]}},"_links":{"self":[{"href":"https:\/\/www.anaromanature.com\/index.php\/wp-json\/wp\/v2\/product\/672","targetHints":{"allow":["GET"]}}],"collection":[{"href":"https:\/\/www.anaromanature.com\/index.php\/wp-json\/wp\/v2\/product"}],"about":[{"href":"https:\/\/www.anaromanature.com\/index.php\/wp-json\/wp\/v2\/types\/product"}],"replies":[{"embeddable":true,"href":"https:\/\/www.anaromanature.com\/index.php\/wp-json\/wp\/v2\/comments?post=672"}],"wp:featuredmedia":[{"embeddable":true,"href":"https:\/\/www.anaromanature.com\/index.php\/wp-json\/wp\/v2\/media\/1036"}],"wp:attachment":[{"href":"https:\/\/www.anaromanature.com\/index.php\/wp-json\/wp\/v2\/media?parent=672"}],"wp:term":[{"taxonomy":"product_brand","embeddable":true,"href":"https:\/\/www.anaromanature.com\/index.php\/wp-json\/wp\/v2\/product_brand?post=672"},{"taxonomy":"product_cat","embeddable":true,"href":"https:\/\/www.anaromanature.com\/index.php\/wp-json\/wp\/v2\/product_cat?post=672"},{"taxonomy":"product_tag","embeddable":true,"href":"https:\/\/www.anaromanature.com\/index.php\/wp-json\/wp\/v2\/product_tag?post=672"}],"curies":[{"name":"wp","href":"https:\/\/api.w.org\/{rel}","templated":true}]}}