{"id":6747,"date":"2024-10-27T08:18:13","date_gmt":"2024-10-27T07:18:13","guid":{"rendered":"https:\/\/www.anaromanature.com\/?post_type=product&#038;p=6747"},"modified":"2024-10-29T07:31:43","modified_gmt":"2024-10-29T06:31:43","slug":"gel-limpiador-facial-c-b3-190ml-ziaja","status":"publish","type":"product","link":"https:\/\/www.anaromanature.com\/index.php\/producto\/gel-limpiador-facial-c-b3-190ml-ziaja\/","title":{"rendered":"Gel Limpiador Facial VITAMINA C.B3 190ml &#8211; Ziaja"},"content":{"rendered":"<p>Gel Limpiador Facial VITAMINA C.B3 190ml &#8211; Ziaja<\/p>\n<p><span style=\"color: var(--black-color); font-family: var(--primary-font);\">Gel facial de limpieza adecuado para todo tipo de piel. Limpia e hidrata profundamente, eliminando impurezas y despejando los poros.<\/span><\/p>\n<p><strong style=\"color: var(--black-color); font-family: var(--primary-font);\">Propiedades:<\/strong><\/p>\n<ul>\n<li>Elimina las impurezas y desobstruye los poros.<\/li>\n<li>Previene las imperfecciones cuando se utiliza regularmente.<\/li>\n<li>Deja la piel fresca, limpia y suave al tacto.<\/li>\n<li>Para todo tipo de pieles, incluidas las sensibles y secas.<\/li>\n<li>Con PH neutro y basado en agentes limpiadores suaves, oil free.<\/li>\n<li>No contiene jab\u00f3n.<\/li>\n<li>Edad recomendada: a partir de 14 a\u00f1os<\/li>\n<\/ul>\n<p>APTO PARA VEGANOS<\/p>\n<p>PARA: \u00a0seca, madura \/ propensa a las arrugas, normal, mixta, grasa, deshidratadas, manchas de pigmentaci\u00f3n<\/p>\n<p><strong>Principales Ingredientes Activos:<\/strong> niacinamida, vitamina C, agentes limpiadores suaves , glicerina, prote\u00ednas de arroz hidrolizadas, inulina, aceite de camelia japonesa, vitamina B5<\/p>\n<p><strong>Modo de empleo:<\/strong> Utilizar una peque\u00f1a cantidad de gel para limpiar el rostro. Enjuagar con agua tibia.<\/p>\n<p>Contenido: 120ml.<\/p>\n<p>Gel Limpiador Facial VITAMINA C.B3 190ml &#8211; Ziaja<\/p>\n<p><span style=\"color: var(--black-color); font-family: var(--primary-font);\">Cuida tu piel con\u00a0<\/span><a style=\"font-family: var(--primary-font);\" href=\"https:\/\/www.anaromanature.com\/\">Anaroma Nature<\/a><\/p>\n<p><a href=\"mailto:%20info@anaromanature.com\">Cons\u00faltanos\u00a0<\/a>lo que necesites saber o aclarar.<\/p>\n<p>Visita nuestro\u00a0<a href=\"https:\/\/www.instagram.com\/anaromanature\/\">Instagram<\/a>.<\/p>\n","protected":false},"excerpt":{"rendered":"<p>Gel facial de limpieza adecuado para todo tipo de piel. Limpia e hidrata profundamente, eliminando impurezas y despejando los poros.<\/p>\n<p>Este producto combina el poder de la Vitamina C y la Niacinamida, cuya acci\u00f3n conjunta ilumina la piel, aten\u00faa las manchas oscuras, reduce el tama\u00f1o de los poros y mejora la textura general de la piel.<\/p>\n<p><strong style=\"color: var(--black-color); font-family: var(--primary-font);\">Propiedades:<\/strong><\/p>\n<ul>\n<li>Elimina las impurezas y desobstruye los poros.<\/li>\n<li>Previene las imperfecciones cuando se utiliza regularmente.<\/li>\n<li>Deja la piel fresca, limpia y suave al tacto.<\/li>\n<li>Para todo tipo de pieles, incluidas las sensibles y secas.<\/li>\n<li>Con PH neutro y basado en agentes limpiadores suaves, oil free.<\/li>\n<li>No contiene jab\u00f3n.<\/li>\n<li>Edad recomendada: a partir de 14 a\u00f1os<\/li>\n<li>APTO PARA VEGANOS<\/li>\n<li>PARA: \u00a0seca, madura \/ propensa a las arrugas, normal, mixta, grasa, deshidratadas, manchas de pigmentaci\u00f3n<\/li>\n<\/ul>\n<p><strong>Contenido:<\/strong> 190ml.<\/p>\n","protected":false},"featured_media":6748,"comment_status":"open","ping_status":"closed","template":"","meta":{"_joinchat":[]},"product_brand":[],"product_cat":[456,668,219],"product_tag":[486,669],"class_list":{"0":"post-6747","1":"product","2":"type-product","3":"status-publish","4":"has-post-thumbnail","6":"product_cat-novedades-cosmetica","7":"product_cat-vitamina-c-b3","8":"product_cat-ziaja","9":"product_tag-gel-limpiador","10":"product_tag-vitamina-c","11":"latest_post","13":"first","14":"instock","15":"taxable","16":"shipping-taxable","17":"purchasable","18":"product-type-simple"},"yoast_head":"<!-- This site is optimized with the Yoast SEO plugin v27.4 - https:\/\/yoast.com\/product\/yoast-seo-wordpress\/ -->\n<title>Gel Limpiador Facial VITAMINA C.B3 190ml - Ziaja - Anaroma Nature - Tienda Online<\/title>\n<meta name=\"description\" content=\"Gel Limpiador Facial VITAMINA C.B3 190ml - Ziaja Gel facial de limpieza adecuado para todo tipo de piel. Limpia e hidrata profundamente, eliminando impurezas y despejando\" \/>\n<meta name=\"robots\" content=\"index, follow, max-snippet:-1, max-image-preview:large, max-video-preview:-1\" \/>\n<link rel=\"canonical\" href=\"https:\/\/www.anaromanature.com\/index.php\/producto\/gel-limpiador-facial-c-b3-190ml-ziaja\/\" \/>\n<meta property=\"og:locale\" content=\"es_ES\" \/>\n<meta property=\"og:type\" content=\"article\" \/>\n<meta property=\"og:title\" content=\"Gel Limpiador Facial VITAMINA C.B3 190ml - Ziaja - Anaroma Nature - Tienda Online\" \/>\n<meta property=\"og:description\" content=\"Gel Limpiador Facial VITAMINA C.B3 190ml - Ziaja Gel facial de limpieza adecuado para todo tipo de piel. Limpia e hidrata profundamente, eliminando impurezas y despejando\" \/>\n<meta property=\"og:url\" content=\"https:\/\/www.anaromanature.com\/index.php\/producto\/gel-limpiador-facial-c-b3-190ml-ziaja\/\" \/>\n<meta property=\"og:site_name\" content=\"Anaroma Nature\" \/>\n<meta property=\"article:publisher\" content=\"http:\/\/facebook.com\/Anaroma-326324794814915\" \/>\n<meta property=\"article:modified_time\" content=\"2024-10-29T06:31:43+00:00\" \/>\n<meta property=\"og:image\" content=\"https:\/\/www.anaromanature.com\/wp-content\/uploads\/2024\/10\/Gel-Limpiador-Facial-C.B3-190ml-Ziaja.webp\" \/>\n\t<meta property=\"og:image:width\" content=\"1100\" \/>\n\t<meta property=\"og:image:height\" content=\"1422\" \/>\n\t<meta property=\"og:image:type\" content=\"image\/webp\" \/>\n<meta name=\"twitter:card\" content=\"summary_large_image\" \/>\n<meta name=\"twitter:label1\" content=\"Tiempo de lectura\" \/>\n\t<meta name=\"twitter:data1\" content=\"1 minuto\" \/>\n<script type=\"application\/ld+json\" class=\"yoast-schema-graph\">{\"@context\":\"https:\\\/\\\/schema.org\",\"@graph\":[{\"@type\":\"WebPage\",\"@id\":\"https:\\\/\\\/www.anaromanature.com\\\/index.php\\\/producto\\\/gel-limpiador-facial-c-b3-190ml-ziaja\\\/\",\"url\":\"https:\\\/\\\/www.anaromanature.com\\\/index.php\\\/producto\\\/gel-limpiador-facial-c-b3-190ml-ziaja\\\/\",\"name\":\"Gel Limpiador Facial VITAMINA C.B3 190ml - Ziaja - Anaroma Nature - Tienda Online\",\"isPartOf\":{\"@id\":\"https:\\\/\\\/www.anaromanature.com\\\/#website\"},\"primaryImageOfPage\":{\"@id\":\"https:\\\/\\\/www.anaromanature.com\\\/index.php\\\/producto\\\/gel-limpiador-facial-c-b3-190ml-ziaja\\\/#primaryimage\"},\"image\":{\"@id\":\"https:\\\/\\\/www.anaromanature.com\\\/index.php\\\/producto\\\/gel-limpiador-facial-c-b3-190ml-ziaja\\\/#primaryimage\"},\"thumbnailUrl\":\"https:\\\/\\\/www.anaromanature.com\\\/wp-content\\\/uploads\\\/2024\\\/10\\\/Gel-Limpiador-Facial-C.B3-190ml-Ziaja.webp\",\"datePublished\":\"2024-10-27T07:18:13+00:00\",\"dateModified\":\"2024-10-29T06:31:43+00:00\",\"description\":\"Gel Limpiador Facial VITAMINA C.B3 190ml - Ziaja Gel facial de limpieza adecuado para todo tipo de piel. Limpia e hidrata profundamente, eliminando impurezas y despejando\",\"breadcrumb\":{\"@id\":\"https:\\\/\\\/www.anaromanature.com\\\/index.php\\\/producto\\\/gel-limpiador-facial-c-b3-190ml-ziaja\\\/#breadcrumb\"},\"inLanguage\":\"es\",\"potentialAction\":[{\"@type\":\"ReadAction\",\"target\":[\"https:\\\/\\\/www.anaromanature.com\\\/index.php\\\/producto\\\/gel-limpiador-facial-c-b3-190ml-ziaja\\\/\"]}]},{\"@type\":\"ImageObject\",\"inLanguage\":\"es\",\"@id\":\"https:\\\/\\\/www.anaromanature.com\\\/index.php\\\/producto\\\/gel-limpiador-facial-c-b3-190ml-ziaja\\\/#primaryimage\",\"url\":\"https:\\\/\\\/www.anaromanature.com\\\/wp-content\\\/uploads\\\/2024\\\/10\\\/Gel-Limpiador-Facial-C.B3-190ml-Ziaja.webp\",\"contentUrl\":\"https:\\\/\\\/www.anaromanature.com\\\/wp-content\\\/uploads\\\/2024\\\/10\\\/Gel-Limpiador-Facial-C.B3-190ml-Ziaja.webp\",\"width\":1100,\"height\":1422,\"caption\":\"Gel Limpiador Facial C.B3 190ml Ziaja\"},{\"@type\":\"BreadcrumbList\",\"@id\":\"https:\\\/\\\/www.anaromanature.com\\\/index.php\\\/producto\\\/gel-limpiador-facial-c-b3-190ml-ziaja\\\/#breadcrumb\",\"itemListElement\":[{\"@type\":\"ListItem\",\"position\":1,\"name\":\"Portada\",\"item\":\"https:\\\/\\\/www.anaromanature.com\\\/\"},{\"@type\":\"ListItem\",\"position\":2,\"name\":\"Tienda\",\"item\":\"https:\\\/\\\/www.anaromanature.com\\\/index.php\\\/tienda-premium-online-anarome-nature\\\/\"},{\"@type\":\"ListItem\",\"position\":3,\"name\":\"Gel Limpiador Facial VITAMINA C.B3 190ml &#8211; Ziaja\"}]},{\"@type\":\"WebSite\",\"@id\":\"https:\\\/\\\/www.anaromanature.com\\\/#website\",\"url\":\"https:\\\/\\\/www.anaromanature.com\\\/\",\"name\":\"Anaroma Nature\",\"description\":\"Aromas y color\",\"publisher\":{\"@id\":\"https:\\\/\\\/www.anaromanature.com\\\/#organization\"},\"potentialAction\":[{\"@type\":\"SearchAction\",\"target\":{\"@type\":\"EntryPoint\",\"urlTemplate\":\"https:\\\/\\\/www.anaromanature.com\\\/?s={search_term_string}\"},\"query-input\":{\"@type\":\"PropertyValueSpecification\",\"valueRequired\":true,\"valueName\":\"search_term_string\"}}],\"inLanguage\":\"es\"},{\"@type\":\"Organization\",\"@id\":\"https:\\\/\\\/www.anaromanature.com\\\/#organization\",\"name\":\"Anaroma Nature\",\"url\":\"https:\\\/\\\/www.anaromanature.com\\\/\",\"logo\":{\"@type\":\"ImageObject\",\"inLanguage\":\"es\",\"@id\":\"https:\\\/\\\/www.anaromanature.com\\\/#\\\/schema\\\/logo\\\/image\\\/\",\"url\":\"https:\\\/\\\/i2.wp.com\\\/www.anaromanature.com\\\/wp-content\\\/uploads\\\/2021\\\/02\\\/cropped-Logotipo-Anaroma-2.png?fit=290%2C288&ssl=1\",\"contentUrl\":\"https:\\\/\\\/i2.wp.com\\\/www.anaromanature.com\\\/wp-content\\\/uploads\\\/2021\\\/02\\\/cropped-Logotipo-Anaroma-2.png?fit=290%2C288&ssl=1\",\"width\":290,\"height\":288,\"caption\":\"Anaroma Nature\"},\"image\":{\"@id\":\"https:\\\/\\\/www.anaromanature.com\\\/#\\\/schema\\\/logo\\\/image\\\/\"},\"sameAs\":[\"http:\\\/\\\/facebook.com\\\/Anaroma-326324794814915\",\"http:\\\/\\\/instagram.com\\\/anaromanature\"]}]}<\/script>\n<!-- \/ Yoast SEO plugin. -->","yoast_head_json":{"title":"Gel Limpiador Facial VITAMINA C.B3 190ml - Ziaja - Anaroma Nature - Tienda Online","description":"Gel Limpiador Facial VITAMINA C.B3 190ml - Ziaja Gel facial de limpieza adecuado para todo tipo de piel. Limpia e hidrata profundamente, eliminando impurezas y despejando","robots":{"index":"index","follow":"follow","max-snippet":"max-snippet:-1","max-image-preview":"max-image-preview:large","max-video-preview":"max-video-preview:-1"},"canonical":"https:\/\/www.anaromanature.com\/index.php\/producto\/gel-limpiador-facial-c-b3-190ml-ziaja\/","og_locale":"es_ES","og_type":"article","og_title":"Gel Limpiador Facial VITAMINA C.B3 190ml - Ziaja - Anaroma Nature - Tienda Online","og_description":"Gel Limpiador Facial VITAMINA C.B3 190ml - Ziaja Gel facial de limpieza adecuado para todo tipo de piel. Limpia e hidrata profundamente, eliminando impurezas y despejando","og_url":"https:\/\/www.anaromanature.com\/index.php\/producto\/gel-limpiador-facial-c-b3-190ml-ziaja\/","og_site_name":"Anaroma Nature","article_publisher":"http:\/\/facebook.com\/Anaroma-326324794814915","article_modified_time":"2024-10-29T06:31:43+00:00","og_image":[{"width":1100,"height":1422,"url":"https:\/\/www.anaromanature.com\/wp-content\/uploads\/2024\/10\/Gel-Limpiador-Facial-C.B3-190ml-Ziaja.webp","type":"image\/webp"}],"twitter_card":"summary_large_image","twitter_misc":{"Tiempo de lectura":"1 minuto"},"schema":{"@context":"https:\/\/schema.org","@graph":[{"@type":"WebPage","@id":"https:\/\/www.anaromanature.com\/index.php\/producto\/gel-limpiador-facial-c-b3-190ml-ziaja\/","url":"https:\/\/www.anaromanature.com\/index.php\/producto\/gel-limpiador-facial-c-b3-190ml-ziaja\/","name":"Gel Limpiador Facial VITAMINA C.B3 190ml - Ziaja - Anaroma Nature - Tienda Online","isPartOf":{"@id":"https:\/\/www.anaromanature.com\/#website"},"primaryImageOfPage":{"@id":"https:\/\/www.anaromanature.com\/index.php\/producto\/gel-limpiador-facial-c-b3-190ml-ziaja\/#primaryimage"},"image":{"@id":"https:\/\/www.anaromanature.com\/index.php\/producto\/gel-limpiador-facial-c-b3-190ml-ziaja\/#primaryimage"},"thumbnailUrl":"https:\/\/www.anaromanature.com\/wp-content\/uploads\/2024\/10\/Gel-Limpiador-Facial-C.B3-190ml-Ziaja.webp","datePublished":"2024-10-27T07:18:13+00:00","dateModified":"2024-10-29T06:31:43+00:00","description":"Gel Limpiador Facial VITAMINA C.B3 190ml - Ziaja Gel facial de limpieza adecuado para todo tipo de piel. Limpia e hidrata profundamente, eliminando impurezas y despejando","breadcrumb":{"@id":"https:\/\/www.anaromanature.com\/index.php\/producto\/gel-limpiador-facial-c-b3-190ml-ziaja\/#breadcrumb"},"inLanguage":"es","potentialAction":[{"@type":"ReadAction","target":["https:\/\/www.anaromanature.com\/index.php\/producto\/gel-limpiador-facial-c-b3-190ml-ziaja\/"]}]},{"@type":"ImageObject","inLanguage":"es","@id":"https:\/\/www.anaromanature.com\/index.php\/producto\/gel-limpiador-facial-c-b3-190ml-ziaja\/#primaryimage","url":"https:\/\/www.anaromanature.com\/wp-content\/uploads\/2024\/10\/Gel-Limpiador-Facial-C.B3-190ml-Ziaja.webp","contentUrl":"https:\/\/www.anaromanature.com\/wp-content\/uploads\/2024\/10\/Gel-Limpiador-Facial-C.B3-190ml-Ziaja.webp","width":1100,"height":1422,"caption":"Gel Limpiador Facial C.B3 190ml Ziaja"},{"@type":"BreadcrumbList","@id":"https:\/\/www.anaromanature.com\/index.php\/producto\/gel-limpiador-facial-c-b3-190ml-ziaja\/#breadcrumb","itemListElement":[{"@type":"ListItem","position":1,"name":"Portada","item":"https:\/\/www.anaromanature.com\/"},{"@type":"ListItem","position":2,"name":"Tienda","item":"https:\/\/www.anaromanature.com\/index.php\/tienda-premium-online-anarome-nature\/"},{"@type":"ListItem","position":3,"name":"Gel Limpiador Facial VITAMINA C.B3 190ml &#8211; Ziaja"}]},{"@type":"WebSite","@id":"https:\/\/www.anaromanature.com\/#website","url":"https:\/\/www.anaromanature.com\/","name":"Anaroma Nature","description":"Aromas y color","publisher":{"@id":"https:\/\/www.anaromanature.com\/#organization"},"potentialAction":[{"@type":"SearchAction","target":{"@type":"EntryPoint","urlTemplate":"https:\/\/www.anaromanature.com\/?s={search_term_string}"},"query-input":{"@type":"PropertyValueSpecification","valueRequired":true,"valueName":"search_term_string"}}],"inLanguage":"es"},{"@type":"Organization","@id":"https:\/\/www.anaromanature.com\/#organization","name":"Anaroma Nature","url":"https:\/\/www.anaromanature.com\/","logo":{"@type":"ImageObject","inLanguage":"es","@id":"https:\/\/www.anaromanature.com\/#\/schema\/logo\/image\/","url":"https:\/\/i2.wp.com\/www.anaromanature.com\/wp-content\/uploads\/2021\/02\/cropped-Logotipo-Anaroma-2.png?fit=290%2C288&ssl=1","contentUrl":"https:\/\/i2.wp.com\/www.anaromanature.com\/wp-content\/uploads\/2021\/02\/cropped-Logotipo-Anaroma-2.png?fit=290%2C288&ssl=1","width":290,"height":288,"caption":"Anaroma Nature"},"image":{"@id":"https:\/\/www.anaromanature.com\/#\/schema\/logo\/image\/"},"sameAs":["http:\/\/facebook.com\/Anaroma-326324794814915","http:\/\/instagram.com\/anaromanature"]}]}},"_links":{"self":[{"href":"https:\/\/www.anaromanature.com\/index.php\/wp-json\/wp\/v2\/product\/6747","targetHints":{"allow":["GET"]}}],"collection":[{"href":"https:\/\/www.anaromanature.com\/index.php\/wp-json\/wp\/v2\/product"}],"about":[{"href":"https:\/\/www.anaromanature.com\/index.php\/wp-json\/wp\/v2\/types\/product"}],"replies":[{"embeddable":true,"href":"https:\/\/www.anaromanature.com\/index.php\/wp-json\/wp\/v2\/comments?post=6747"}],"wp:featuredmedia":[{"embeddable":true,"href":"https:\/\/www.anaromanature.com\/index.php\/wp-json\/wp\/v2\/media\/6748"}],"wp:attachment":[{"href":"https:\/\/www.anaromanature.com\/index.php\/wp-json\/wp\/v2\/media?parent=6747"}],"wp:term":[{"taxonomy":"product_brand","embeddable":true,"href":"https:\/\/www.anaromanature.com\/index.php\/wp-json\/wp\/v2\/product_brand?post=6747"},{"taxonomy":"product_cat","embeddable":true,"href":"https:\/\/www.anaromanature.com\/index.php\/wp-json\/wp\/v2\/product_cat?post=6747"},{"taxonomy":"product_tag","embeddable":true,"href":"https:\/\/www.anaromanature.com\/index.php\/wp-json\/wp\/v2\/product_tag?post=6747"}],"curies":[{"name":"wp","href":"https:\/\/api.w.org\/{rel}","templated":true}]}}