{"id":6864,"date":"2025-01-30T08:04:45","date_gmt":"2025-01-30T07:04:45","guid":{"rendered":"https:\/\/www.anaromanature.com\/?post_type=product&#038;p=6864"},"modified":"2025-01-30T08:10:44","modified_gmt":"2025-01-30T07:10:44","slug":"hareem-sultan-gold-perfume-de-mujer","status":"publish","type":"product","link":"https:\/\/www.anaromanature.com\/index.php\/producto\/hareem-sultan-gold-perfume-de-mujer\/","title":{"rendered":"Hareem Sultan Gold Perfume de Mujer"},"content":{"rendered":"<p>Hareem Sultan Gold Perfume de Mujer<\/p>\n<p>Ad\u00e9ntrate en la lujosa esencia de\u00a0<strong>Hareem Al Sultan Gold<\/strong>, un refinado aceite de perfume \u00e1rabe, perfecto tanto para la piel como para el cabello.<\/p>\n<p><strong style=\"color: var(--black-color); font-family: var(--primary-font);\">Packaging de lujo<\/strong><\/p>\n<div class=\"image-with-text__text rte body\">\n<p>Un <strong>frasco dorado<\/strong>, majestuoso y digno de la realeza, adornado con detalles inspirados en los <strong>palacios orientales<\/strong>. Su acabado brillante y las piedras en tonos rojos evocan la opulencia de \u00e9pocas pasadas, invit\u00e1ndote a descubrir una fragancia tan cautivadora como su deslumbrante presentaci\u00f3n.<\/p>\n<p>Perfuma tu hogar con\u00a0<a href=\"https:\/\/www.anaromanature.com\/\">Anaroma Nature<\/a><\/p>\n<p><a href=\"mailto:%20info@anaromanature.com\">Cons\u00faltanos\u00a0<\/a>lo que necesites saber o aclarar.<\/p>\n<p>S\u00edguenos en\u00a0<a href=\"https:\/\/www.instagram.com\/anaromanature\/\">Instagram<\/a>.<\/p>\n<\/div>\n","protected":false},"excerpt":{"rendered":"<p><strong>Capacidad:<\/strong> 35ml<\/p>\n<p>Ad\u00e9ntrate en la lujosa esencia de <strong>Hareem Al Sultan Gold<\/strong>, un refinado aceite de perfume \u00e1rabe, perfecto tanto para la piel como para el cabello.<\/p>\n<p>Este <strong>best-seller<\/strong> deslumbra con una exquisita combinaci\u00f3n de <strong>bergamota, jazm\u00edn y peon\u00eda<\/strong>, que se funde con la jugosa frescura de <strong>pi\u00f1a, ciruela y melocot\u00f3n<\/strong>. Finalmente, una base envolvente de <strong>almizcle, s\u00e1ndalo y pachul\u00ed<\/strong> aporta calidez y sensualidad a la fragancia.<\/p>\n<p>&nbsp;<\/p>\n<p>D\u00e9jate seducir por <strong>Hareem Al Sultan Gold de Khadlaj<\/strong> y sum\u00e9rgete en un universo de <strong>elegancia y encanto inolvidable<\/strong>.<\/p>\n","protected":false},"featured_media":6865,"comment_status":"open","ping_status":"closed","template":"","meta":{"_joinchat":[]},"product_brand":[],"product_cat":[673],"product_tag":[],"class_list":{"0":"post-6864","1":"product","2":"type-product","3":"status-publish","4":"has-post-thumbnail","6":"product_cat-perfumes-arabes","7":"latest_post","9":"first","10":"instock","11":"taxable","12":"shipping-taxable","13":"purchasable","14":"product-type-simple"},"yoast_head":"<!-- This site is optimized with the Yoast SEO plugin v27.4 - https:\/\/yoast.com\/product\/yoast-seo-wordpress\/ -->\n<title>Hareem Sultan Gold Perfume de Mujer - Anaroma Nature<\/title>\n<meta name=\"description\" content=\"Hareem Sultan Gold Perfume de Mujer Ad\u00e9ntrate en la lujosa esencia de\u00a0Hareem Al Sultan Gold, un refinado aceite de perfume \u00e1rabe, perfecto tanto para la piel como para\" \/>\n<meta name=\"robots\" content=\"index, follow, max-snippet:-1, max-image-preview:large, max-video-preview:-1\" \/>\n<link rel=\"canonical\" href=\"https:\/\/www.anaromanature.com\/index.php\/producto\/hareem-sultan-gold-perfume-de-mujer\/\" \/>\n<meta property=\"og:locale\" content=\"es_ES\" \/>\n<meta property=\"og:type\" content=\"article\" \/>\n<meta property=\"og:title\" content=\"Hareem Sultan Gold Perfume de Mujer - Anaroma Nature\" \/>\n<meta property=\"og:description\" content=\"Hareem Sultan Gold Perfume de Mujer Ad\u00e9ntrate en la lujosa esencia de\u00a0Hareem Al Sultan Gold, un refinado aceite de perfume \u00e1rabe, perfecto tanto para la piel como para\" \/>\n<meta property=\"og:url\" content=\"https:\/\/www.anaromanature.com\/index.php\/producto\/hareem-sultan-gold-perfume-de-mujer\/\" \/>\n<meta property=\"og:site_name\" content=\"Anaroma Nature\" \/>\n<meta property=\"article:publisher\" content=\"http:\/\/facebook.com\/Anaroma-326324794814915\" \/>\n<meta property=\"article:modified_time\" content=\"2025-01-30T07:10:44+00:00\" \/>\n<meta property=\"og:image\" content=\"https:\/\/www.anaromanature.com\/wp-content\/uploads\/2025\/01\/sultan_gold_3.webp\" \/>\n\t<meta property=\"og:image:width\" content=\"900\" \/>\n\t<meta property=\"og:image:height\" content=\"900\" \/>\n\t<meta property=\"og:image:type\" content=\"image\/webp\" \/>\n<meta name=\"twitter:card\" content=\"summary_large_image\" \/>\n<script type=\"application\/ld+json\" class=\"yoast-schema-graph\">{\"@context\":\"https:\\\/\\\/schema.org\",\"@graph\":[{\"@type\":\"WebPage\",\"@id\":\"https:\\\/\\\/www.anaromanature.com\\\/index.php\\\/producto\\\/hareem-sultan-gold-perfume-de-mujer\\\/\",\"url\":\"https:\\\/\\\/www.anaromanature.com\\\/index.php\\\/producto\\\/hareem-sultan-gold-perfume-de-mujer\\\/\",\"name\":\"Hareem Sultan Gold Perfume de Mujer - Anaroma Nature\",\"isPartOf\":{\"@id\":\"https:\\\/\\\/www.anaromanature.com\\\/#website\"},\"primaryImageOfPage\":{\"@id\":\"https:\\\/\\\/www.anaromanature.com\\\/index.php\\\/producto\\\/hareem-sultan-gold-perfume-de-mujer\\\/#primaryimage\"},\"image\":{\"@id\":\"https:\\\/\\\/www.anaromanature.com\\\/index.php\\\/producto\\\/hareem-sultan-gold-perfume-de-mujer\\\/#primaryimage\"},\"thumbnailUrl\":\"https:\\\/\\\/www.anaromanature.com\\\/wp-content\\\/uploads\\\/2025\\\/01\\\/sultan_gold_3.webp\",\"datePublished\":\"2025-01-30T07:04:45+00:00\",\"dateModified\":\"2025-01-30T07:10:44+00:00\",\"description\":\"Hareem Sultan Gold Perfume de Mujer Ad\u00e9ntrate en la lujosa esencia de\u00a0Hareem Al Sultan Gold, un refinado aceite de perfume \u00e1rabe, perfecto tanto para la piel como para\",\"breadcrumb\":{\"@id\":\"https:\\\/\\\/www.anaromanature.com\\\/index.php\\\/producto\\\/hareem-sultan-gold-perfume-de-mujer\\\/#breadcrumb\"},\"inLanguage\":\"es\",\"potentialAction\":[{\"@type\":\"ReadAction\",\"target\":[\"https:\\\/\\\/www.anaromanature.com\\\/index.php\\\/producto\\\/hareem-sultan-gold-perfume-de-mujer\\\/\"]}]},{\"@type\":\"ImageObject\",\"inLanguage\":\"es\",\"@id\":\"https:\\\/\\\/www.anaromanature.com\\\/index.php\\\/producto\\\/hareem-sultan-gold-perfume-de-mujer\\\/#primaryimage\",\"url\":\"https:\\\/\\\/www.anaromanature.com\\\/wp-content\\\/uploads\\\/2025\\\/01\\\/sultan_gold_3.webp\",\"contentUrl\":\"https:\\\/\\\/www.anaromanature.com\\\/wp-content\\\/uploads\\\/2025\\\/01\\\/sultan_gold_3.webp\",\"width\":900,\"height\":900,\"caption\":\"sultan gold 3\"},{\"@type\":\"BreadcrumbList\",\"@id\":\"https:\\\/\\\/www.anaromanature.com\\\/index.php\\\/producto\\\/hareem-sultan-gold-perfume-de-mujer\\\/#breadcrumb\",\"itemListElement\":[{\"@type\":\"ListItem\",\"position\":1,\"name\":\"Portada\",\"item\":\"https:\\\/\\\/www.anaromanature.com\\\/\"},{\"@type\":\"ListItem\",\"position\":2,\"name\":\"Tienda\",\"item\":\"https:\\\/\\\/www.anaromanature.com\\\/index.php\\\/tienda-premium-online-anarome-nature\\\/\"},{\"@type\":\"ListItem\",\"position\":3,\"name\":\"Hareem Sultan Gold Perfume de Mujer\"}]},{\"@type\":\"WebSite\",\"@id\":\"https:\\\/\\\/www.anaromanature.com\\\/#website\",\"url\":\"https:\\\/\\\/www.anaromanature.com\\\/\",\"name\":\"Anaroma Nature\",\"description\":\"Aromas y color\",\"publisher\":{\"@id\":\"https:\\\/\\\/www.anaromanature.com\\\/#organization\"},\"potentialAction\":[{\"@type\":\"SearchAction\",\"target\":{\"@type\":\"EntryPoint\",\"urlTemplate\":\"https:\\\/\\\/www.anaromanature.com\\\/?s={search_term_string}\"},\"query-input\":{\"@type\":\"PropertyValueSpecification\",\"valueRequired\":true,\"valueName\":\"search_term_string\"}}],\"inLanguage\":\"es\"},{\"@type\":\"Organization\",\"@id\":\"https:\\\/\\\/www.anaromanature.com\\\/#organization\",\"name\":\"Anaroma Nature\",\"url\":\"https:\\\/\\\/www.anaromanature.com\\\/\",\"logo\":{\"@type\":\"ImageObject\",\"inLanguage\":\"es\",\"@id\":\"https:\\\/\\\/www.anaromanature.com\\\/#\\\/schema\\\/logo\\\/image\\\/\",\"url\":\"https:\\\/\\\/i2.wp.com\\\/www.anaromanature.com\\\/wp-content\\\/uploads\\\/2021\\\/02\\\/cropped-Logotipo-Anaroma-2.png?fit=290%2C288&ssl=1\",\"contentUrl\":\"https:\\\/\\\/i2.wp.com\\\/www.anaromanature.com\\\/wp-content\\\/uploads\\\/2021\\\/02\\\/cropped-Logotipo-Anaroma-2.png?fit=290%2C288&ssl=1\",\"width\":290,\"height\":288,\"caption\":\"Anaroma Nature\"},\"image\":{\"@id\":\"https:\\\/\\\/www.anaromanature.com\\\/#\\\/schema\\\/logo\\\/image\\\/\"},\"sameAs\":[\"http:\\\/\\\/facebook.com\\\/Anaroma-326324794814915\",\"http:\\\/\\\/instagram.com\\\/anaromanature\"]}]}<\/script>\n<!-- \/ Yoast SEO plugin. -->","yoast_head_json":{"title":"Hareem Sultan Gold Perfume de Mujer - Anaroma Nature","description":"Hareem Sultan Gold Perfume de Mujer Ad\u00e9ntrate en la lujosa esencia de\u00a0Hareem Al Sultan Gold, un refinado aceite de perfume \u00e1rabe, perfecto tanto para la piel como para","robots":{"index":"index","follow":"follow","max-snippet":"max-snippet:-1","max-image-preview":"max-image-preview:large","max-video-preview":"max-video-preview:-1"},"canonical":"https:\/\/www.anaromanature.com\/index.php\/producto\/hareem-sultan-gold-perfume-de-mujer\/","og_locale":"es_ES","og_type":"article","og_title":"Hareem Sultan Gold Perfume de Mujer - Anaroma Nature","og_description":"Hareem Sultan Gold Perfume de Mujer Ad\u00e9ntrate en la lujosa esencia de\u00a0Hareem Al Sultan Gold, un refinado aceite de perfume \u00e1rabe, perfecto tanto para la piel como para","og_url":"https:\/\/www.anaromanature.com\/index.php\/producto\/hareem-sultan-gold-perfume-de-mujer\/","og_site_name":"Anaroma Nature","article_publisher":"http:\/\/facebook.com\/Anaroma-326324794814915","article_modified_time":"2025-01-30T07:10:44+00:00","og_image":[{"width":900,"height":900,"url":"https:\/\/www.anaromanature.com\/wp-content\/uploads\/2025\/01\/sultan_gold_3.webp","type":"image\/webp"}],"twitter_card":"summary_large_image","schema":{"@context":"https:\/\/schema.org","@graph":[{"@type":"WebPage","@id":"https:\/\/www.anaromanature.com\/index.php\/producto\/hareem-sultan-gold-perfume-de-mujer\/","url":"https:\/\/www.anaromanature.com\/index.php\/producto\/hareem-sultan-gold-perfume-de-mujer\/","name":"Hareem Sultan Gold Perfume de Mujer - Anaroma Nature","isPartOf":{"@id":"https:\/\/www.anaromanature.com\/#website"},"primaryImageOfPage":{"@id":"https:\/\/www.anaromanature.com\/index.php\/producto\/hareem-sultan-gold-perfume-de-mujer\/#primaryimage"},"image":{"@id":"https:\/\/www.anaromanature.com\/index.php\/producto\/hareem-sultan-gold-perfume-de-mujer\/#primaryimage"},"thumbnailUrl":"https:\/\/www.anaromanature.com\/wp-content\/uploads\/2025\/01\/sultan_gold_3.webp","datePublished":"2025-01-30T07:04:45+00:00","dateModified":"2025-01-30T07:10:44+00:00","description":"Hareem Sultan Gold Perfume de Mujer Ad\u00e9ntrate en la lujosa esencia de\u00a0Hareem Al Sultan Gold, un refinado aceite de perfume \u00e1rabe, perfecto tanto para la piel como para","breadcrumb":{"@id":"https:\/\/www.anaromanature.com\/index.php\/producto\/hareem-sultan-gold-perfume-de-mujer\/#breadcrumb"},"inLanguage":"es","potentialAction":[{"@type":"ReadAction","target":["https:\/\/www.anaromanature.com\/index.php\/producto\/hareem-sultan-gold-perfume-de-mujer\/"]}]},{"@type":"ImageObject","inLanguage":"es","@id":"https:\/\/www.anaromanature.com\/index.php\/producto\/hareem-sultan-gold-perfume-de-mujer\/#primaryimage","url":"https:\/\/www.anaromanature.com\/wp-content\/uploads\/2025\/01\/sultan_gold_3.webp","contentUrl":"https:\/\/www.anaromanature.com\/wp-content\/uploads\/2025\/01\/sultan_gold_3.webp","width":900,"height":900,"caption":"sultan gold 3"},{"@type":"BreadcrumbList","@id":"https:\/\/www.anaromanature.com\/index.php\/producto\/hareem-sultan-gold-perfume-de-mujer\/#breadcrumb","itemListElement":[{"@type":"ListItem","position":1,"name":"Portada","item":"https:\/\/www.anaromanature.com\/"},{"@type":"ListItem","position":2,"name":"Tienda","item":"https:\/\/www.anaromanature.com\/index.php\/tienda-premium-online-anarome-nature\/"},{"@type":"ListItem","position":3,"name":"Hareem Sultan Gold Perfume de Mujer"}]},{"@type":"WebSite","@id":"https:\/\/www.anaromanature.com\/#website","url":"https:\/\/www.anaromanature.com\/","name":"Anaroma Nature","description":"Aromas y color","publisher":{"@id":"https:\/\/www.anaromanature.com\/#organization"},"potentialAction":[{"@type":"SearchAction","target":{"@type":"EntryPoint","urlTemplate":"https:\/\/www.anaromanature.com\/?s={search_term_string}"},"query-input":{"@type":"PropertyValueSpecification","valueRequired":true,"valueName":"search_term_string"}}],"inLanguage":"es"},{"@type":"Organization","@id":"https:\/\/www.anaromanature.com\/#organization","name":"Anaroma Nature","url":"https:\/\/www.anaromanature.com\/","logo":{"@type":"ImageObject","inLanguage":"es","@id":"https:\/\/www.anaromanature.com\/#\/schema\/logo\/image\/","url":"https:\/\/i2.wp.com\/www.anaromanature.com\/wp-content\/uploads\/2021\/02\/cropped-Logotipo-Anaroma-2.png?fit=290%2C288&ssl=1","contentUrl":"https:\/\/i2.wp.com\/www.anaromanature.com\/wp-content\/uploads\/2021\/02\/cropped-Logotipo-Anaroma-2.png?fit=290%2C288&ssl=1","width":290,"height":288,"caption":"Anaroma Nature"},"image":{"@id":"https:\/\/www.anaromanature.com\/#\/schema\/logo\/image\/"},"sameAs":["http:\/\/facebook.com\/Anaroma-326324794814915","http:\/\/instagram.com\/anaromanature"]}]}},"_links":{"self":[{"href":"https:\/\/www.anaromanature.com\/index.php\/wp-json\/wp\/v2\/product\/6864","targetHints":{"allow":["GET"]}}],"collection":[{"href":"https:\/\/www.anaromanature.com\/index.php\/wp-json\/wp\/v2\/product"}],"about":[{"href":"https:\/\/www.anaromanature.com\/index.php\/wp-json\/wp\/v2\/types\/product"}],"replies":[{"embeddable":true,"href":"https:\/\/www.anaromanature.com\/index.php\/wp-json\/wp\/v2\/comments?post=6864"}],"wp:featuredmedia":[{"embeddable":true,"href":"https:\/\/www.anaromanature.com\/index.php\/wp-json\/wp\/v2\/media\/6865"}],"wp:attachment":[{"href":"https:\/\/www.anaromanature.com\/index.php\/wp-json\/wp\/v2\/media?parent=6864"}],"wp:term":[{"taxonomy":"product_brand","embeddable":true,"href":"https:\/\/www.anaromanature.com\/index.php\/wp-json\/wp\/v2\/product_brand?post=6864"},{"taxonomy":"product_cat","embeddable":true,"href":"https:\/\/www.anaromanature.com\/index.php\/wp-json\/wp\/v2\/product_cat?post=6864"},{"taxonomy":"product_tag","embeddable":true,"href":"https:\/\/www.anaromanature.com\/index.php\/wp-json\/wp\/v2\/product_tag?post=6864"}],"curies":[{"name":"wp","href":"https:\/\/api.w.org\/{rel}","templated":true}]}}