{"id":6870,"date":"2025-01-30T16:15:06","date_gmt":"2025-01-30T15:15:06","guid":{"rendered":"https:\/\/www.anaromanature.com\/?post_type=product&#038;p=6870"},"modified":"2025-02-14T11:00:54","modified_gmt":"2025-02-14T10:00:54","slug":"shiyaaka-gold-perfume-unisex","status":"publish","type":"product","link":"https:\/\/www.anaromanature.com\/index.php\/producto\/shiyaaka-gold-perfume-unisex\/","title":{"rendered":"Shiyaaka Gold Perfume UNISEX"},"content":{"rendered":"<p>Shiyaaka Gold Perfume UNISEX<\/p>\n<p>Shiyaaka Gold de Khadlaj es una fragancia \u00e1rabe dise\u00f1ada para hombres y mujeres que aprecian los aromas sofisticados y elegantes.<\/p>\n<p><strong style=\"color: var(--black-color);font-family: var(--primary-font)\">Packaging de lujo<\/strong><\/p>\n<div class=\"image-with-text__text rte body\">\n<p>Con un envase dorado de dise\u00f1o limpio y elegante, Shiyaaka Gold representa el lujo moderno. Su presentaci\u00f3n transmite sofisticaci\u00f3n y calidad, elevando la experiencia olfativa a un nivel \u00fanico.<\/p>\n<p>Perfuma tu hogar con\u00a0<a href=\"https:\/\/www.anaromanature.com\/\">Anaroma Nature<\/a><\/p>\n<p><a href=\"mailto:%20info@anaromanature.com\">Cons\u00faltanos\u00a0<\/a>lo que necesites saber o aclarar.<\/p>\n<p>S\u00edguenos en\u00a0<a href=\"https:\/\/www.instagram.com\/anaromanature\/\">Instagram<\/a>.<\/p>\n<\/div>\n","protected":false},"excerpt":{"rendered":"<p><strong>Capacidad:<\/strong> 100ml<\/p>\n<p>Shiyaaka Gold de Khadlaj es una fragancia \u00e1rabe dise\u00f1ada para hombres y mujeres que aprecian los aromas sofisticados y elegantes.<\/p>\n<p>Este exclusivo perfume desprende un aire de confianza y carisma. Su exquisita combinaci\u00f3n de bergamota, gardenia, almizcle, jazm\u00edn, pera, melocot\u00f3n, \u00e1mbar y s\u00e1ndalo da lugar a una fragancia envolvente y memorable.<\/p>\n<p>Shiyaaka Gold es la elecci\u00f3n ideal para quienes desean un perfume refinado y lleno de glamour.<\/p>\n","protected":false},"featured_media":6871,"comment_status":"open","ping_status":"closed","template":"","meta":{"_joinchat":[]},"product_brand":[],"product_cat":[673],"product_tag":[],"class_list":{"0":"post-6870","1":"product","2":"type-product","3":"status-publish","4":"has-post-thumbnail","6":"product_cat-perfumes-arabes","7":"latest_post","9":"first","10":"instock","11":"taxable","12":"shipping-taxable","13":"purchasable","14":"product-type-simple"},"yoast_head":"<!-- This site is optimized with the Yoast SEO plugin v27.4 - https:\/\/yoast.com\/product\/yoast-seo-wordpress\/ -->\n<title>Shiyaaka Gold Perfume UNISEX - Anaroma Nature<\/title>\n<meta name=\"description\" content=\"Shiyaaka Gold Perfume UNISEX Shiyaaka Gold de Khadlaj es una fragancia \u00e1rabe dise\u00f1ada para hombres y mujeres que aprecian los aromas sofisticados y elegantes.\" \/>\n<meta name=\"robots\" content=\"index, follow, max-snippet:-1, max-image-preview:large, max-video-preview:-1\" \/>\n<link rel=\"canonical\" href=\"https:\/\/www.anaromanature.com\/index.php\/producto\/shiyaaka-gold-perfume-unisex\/\" \/>\n<meta property=\"og:locale\" content=\"es_ES\" \/>\n<meta property=\"og:type\" content=\"article\" \/>\n<meta property=\"og:title\" content=\"Shiyaaka Gold Perfume UNISEX - Anaroma Nature\" \/>\n<meta property=\"og:description\" content=\"Shiyaaka Gold Perfume UNISEX Shiyaaka Gold de Khadlaj es una fragancia \u00e1rabe dise\u00f1ada para hombres y mujeres que aprecian los aromas sofisticados y elegantes.\" \/>\n<meta property=\"og:url\" content=\"https:\/\/www.anaromanature.com\/index.php\/producto\/shiyaaka-gold-perfume-unisex\/\" \/>\n<meta property=\"og:site_name\" content=\"Anaroma Nature\" \/>\n<meta property=\"article:publisher\" content=\"http:\/\/facebook.com\/Anaroma-326324794814915\" \/>\n<meta property=\"article:modified_time\" content=\"2025-02-14T10:00:54+00:00\" \/>\n<meta property=\"og:image\" content=\"https:\/\/www.anaromanature.com\/wp-content\/uploads\/2025\/01\/shayaaka_gold_3.webp\" \/>\n\t<meta property=\"og:image:width\" content=\"900\" \/>\n\t<meta property=\"og:image:height\" content=\"900\" \/>\n\t<meta property=\"og:image:type\" content=\"image\/webp\" \/>\n<meta name=\"twitter:card\" content=\"summary_large_image\" \/>\n<script type=\"application\/ld+json\" class=\"yoast-schema-graph\">{\"@context\":\"https:\\\/\\\/schema.org\",\"@graph\":[{\"@type\":\"WebPage\",\"@id\":\"https:\\\/\\\/www.anaromanature.com\\\/index.php\\\/producto\\\/shiyaaka-gold-perfume-unisex\\\/\",\"url\":\"https:\\\/\\\/www.anaromanature.com\\\/index.php\\\/producto\\\/shiyaaka-gold-perfume-unisex\\\/\",\"name\":\"Shiyaaka Gold Perfume UNISEX - Anaroma Nature\",\"isPartOf\":{\"@id\":\"https:\\\/\\\/www.anaromanature.com\\\/#website\"},\"primaryImageOfPage\":{\"@id\":\"https:\\\/\\\/www.anaromanature.com\\\/index.php\\\/producto\\\/shiyaaka-gold-perfume-unisex\\\/#primaryimage\"},\"image\":{\"@id\":\"https:\\\/\\\/www.anaromanature.com\\\/index.php\\\/producto\\\/shiyaaka-gold-perfume-unisex\\\/#primaryimage\"},\"thumbnailUrl\":\"https:\\\/\\\/www.anaromanature.com\\\/wp-content\\\/uploads\\\/2025\\\/01\\\/shayaaka_gold_3.webp\",\"datePublished\":\"2025-01-30T15:15:06+00:00\",\"dateModified\":\"2025-02-14T10:00:54+00:00\",\"description\":\"Shiyaaka Gold Perfume UNISEX Shiyaaka Gold de Khadlaj es una fragancia \u00e1rabe dise\u00f1ada para hombres y mujeres que aprecian los aromas sofisticados y elegantes.\",\"breadcrumb\":{\"@id\":\"https:\\\/\\\/www.anaromanature.com\\\/index.php\\\/producto\\\/shiyaaka-gold-perfume-unisex\\\/#breadcrumb\"},\"inLanguage\":\"es\",\"potentialAction\":[{\"@type\":\"ReadAction\",\"target\":[\"https:\\\/\\\/www.anaromanature.com\\\/index.php\\\/producto\\\/shiyaaka-gold-perfume-unisex\\\/\"]}]},{\"@type\":\"ImageObject\",\"inLanguage\":\"es\",\"@id\":\"https:\\\/\\\/www.anaromanature.com\\\/index.php\\\/producto\\\/shiyaaka-gold-perfume-unisex\\\/#primaryimage\",\"url\":\"https:\\\/\\\/www.anaromanature.com\\\/wp-content\\\/uploads\\\/2025\\\/01\\\/shayaaka_gold_3.webp\",\"contentUrl\":\"https:\\\/\\\/www.anaromanature.com\\\/wp-content\\\/uploads\\\/2025\\\/01\\\/shayaaka_gold_3.webp\",\"width\":900,\"height\":900,\"caption\":\"shayaaka gold 3\"},{\"@type\":\"BreadcrumbList\",\"@id\":\"https:\\\/\\\/www.anaromanature.com\\\/index.php\\\/producto\\\/shiyaaka-gold-perfume-unisex\\\/#breadcrumb\",\"itemListElement\":[{\"@type\":\"ListItem\",\"position\":1,\"name\":\"Portada\",\"item\":\"https:\\\/\\\/www.anaromanature.com\\\/\"},{\"@type\":\"ListItem\",\"position\":2,\"name\":\"Tienda\",\"item\":\"https:\\\/\\\/www.anaromanature.com\\\/index.php\\\/tienda-premium-online-anarome-nature\\\/\"},{\"@type\":\"ListItem\",\"position\":3,\"name\":\"Shiyaaka Gold Perfume UNISEX\"}]},{\"@type\":\"WebSite\",\"@id\":\"https:\\\/\\\/www.anaromanature.com\\\/#website\",\"url\":\"https:\\\/\\\/www.anaromanature.com\\\/\",\"name\":\"Anaroma Nature\",\"description\":\"Aromas y color\",\"publisher\":{\"@id\":\"https:\\\/\\\/www.anaromanature.com\\\/#organization\"},\"potentialAction\":[{\"@type\":\"SearchAction\",\"target\":{\"@type\":\"EntryPoint\",\"urlTemplate\":\"https:\\\/\\\/www.anaromanature.com\\\/?s={search_term_string}\"},\"query-input\":{\"@type\":\"PropertyValueSpecification\",\"valueRequired\":true,\"valueName\":\"search_term_string\"}}],\"inLanguage\":\"es\"},{\"@type\":\"Organization\",\"@id\":\"https:\\\/\\\/www.anaromanature.com\\\/#organization\",\"name\":\"Anaroma Nature\",\"url\":\"https:\\\/\\\/www.anaromanature.com\\\/\",\"logo\":{\"@type\":\"ImageObject\",\"inLanguage\":\"es\",\"@id\":\"https:\\\/\\\/www.anaromanature.com\\\/#\\\/schema\\\/logo\\\/image\\\/\",\"url\":\"https:\\\/\\\/i2.wp.com\\\/www.anaromanature.com\\\/wp-content\\\/uploads\\\/2021\\\/02\\\/cropped-Logotipo-Anaroma-2.png?fit=290%2C288&ssl=1\",\"contentUrl\":\"https:\\\/\\\/i2.wp.com\\\/www.anaromanature.com\\\/wp-content\\\/uploads\\\/2021\\\/02\\\/cropped-Logotipo-Anaroma-2.png?fit=290%2C288&ssl=1\",\"width\":290,\"height\":288,\"caption\":\"Anaroma Nature\"},\"image\":{\"@id\":\"https:\\\/\\\/www.anaromanature.com\\\/#\\\/schema\\\/logo\\\/image\\\/\"},\"sameAs\":[\"http:\\\/\\\/facebook.com\\\/Anaroma-326324794814915\",\"http:\\\/\\\/instagram.com\\\/anaromanature\"]}]}<\/script>\n<!-- \/ Yoast SEO plugin. -->","yoast_head_json":{"title":"Shiyaaka Gold Perfume UNISEX - Anaroma Nature","description":"Shiyaaka Gold Perfume UNISEX Shiyaaka Gold de Khadlaj es una fragancia \u00e1rabe dise\u00f1ada para hombres y mujeres que aprecian los aromas sofisticados y elegantes.","robots":{"index":"index","follow":"follow","max-snippet":"max-snippet:-1","max-image-preview":"max-image-preview:large","max-video-preview":"max-video-preview:-1"},"canonical":"https:\/\/www.anaromanature.com\/index.php\/producto\/shiyaaka-gold-perfume-unisex\/","og_locale":"es_ES","og_type":"article","og_title":"Shiyaaka Gold Perfume UNISEX - Anaroma Nature","og_description":"Shiyaaka Gold Perfume UNISEX Shiyaaka Gold de Khadlaj es una fragancia \u00e1rabe dise\u00f1ada para hombres y mujeres que aprecian los aromas sofisticados y elegantes.","og_url":"https:\/\/www.anaromanature.com\/index.php\/producto\/shiyaaka-gold-perfume-unisex\/","og_site_name":"Anaroma Nature","article_publisher":"http:\/\/facebook.com\/Anaroma-326324794814915","article_modified_time":"2025-02-14T10:00:54+00:00","og_image":[{"width":900,"height":900,"url":"https:\/\/www.anaromanature.com\/wp-content\/uploads\/2025\/01\/shayaaka_gold_3.webp","type":"image\/webp"}],"twitter_card":"summary_large_image","schema":{"@context":"https:\/\/schema.org","@graph":[{"@type":"WebPage","@id":"https:\/\/www.anaromanature.com\/index.php\/producto\/shiyaaka-gold-perfume-unisex\/","url":"https:\/\/www.anaromanature.com\/index.php\/producto\/shiyaaka-gold-perfume-unisex\/","name":"Shiyaaka Gold Perfume UNISEX - Anaroma Nature","isPartOf":{"@id":"https:\/\/www.anaromanature.com\/#website"},"primaryImageOfPage":{"@id":"https:\/\/www.anaromanature.com\/index.php\/producto\/shiyaaka-gold-perfume-unisex\/#primaryimage"},"image":{"@id":"https:\/\/www.anaromanature.com\/index.php\/producto\/shiyaaka-gold-perfume-unisex\/#primaryimage"},"thumbnailUrl":"https:\/\/www.anaromanature.com\/wp-content\/uploads\/2025\/01\/shayaaka_gold_3.webp","datePublished":"2025-01-30T15:15:06+00:00","dateModified":"2025-02-14T10:00:54+00:00","description":"Shiyaaka Gold Perfume UNISEX Shiyaaka Gold de Khadlaj es una fragancia \u00e1rabe dise\u00f1ada para hombres y mujeres que aprecian los aromas sofisticados y elegantes.","breadcrumb":{"@id":"https:\/\/www.anaromanature.com\/index.php\/producto\/shiyaaka-gold-perfume-unisex\/#breadcrumb"},"inLanguage":"es","potentialAction":[{"@type":"ReadAction","target":["https:\/\/www.anaromanature.com\/index.php\/producto\/shiyaaka-gold-perfume-unisex\/"]}]},{"@type":"ImageObject","inLanguage":"es","@id":"https:\/\/www.anaromanature.com\/index.php\/producto\/shiyaaka-gold-perfume-unisex\/#primaryimage","url":"https:\/\/www.anaromanature.com\/wp-content\/uploads\/2025\/01\/shayaaka_gold_3.webp","contentUrl":"https:\/\/www.anaromanature.com\/wp-content\/uploads\/2025\/01\/shayaaka_gold_3.webp","width":900,"height":900,"caption":"shayaaka gold 3"},{"@type":"BreadcrumbList","@id":"https:\/\/www.anaromanature.com\/index.php\/producto\/shiyaaka-gold-perfume-unisex\/#breadcrumb","itemListElement":[{"@type":"ListItem","position":1,"name":"Portada","item":"https:\/\/www.anaromanature.com\/"},{"@type":"ListItem","position":2,"name":"Tienda","item":"https:\/\/www.anaromanature.com\/index.php\/tienda-premium-online-anarome-nature\/"},{"@type":"ListItem","position":3,"name":"Shiyaaka Gold Perfume UNISEX"}]},{"@type":"WebSite","@id":"https:\/\/www.anaromanature.com\/#website","url":"https:\/\/www.anaromanature.com\/","name":"Anaroma Nature","description":"Aromas y color","publisher":{"@id":"https:\/\/www.anaromanature.com\/#organization"},"potentialAction":[{"@type":"SearchAction","target":{"@type":"EntryPoint","urlTemplate":"https:\/\/www.anaromanature.com\/?s={search_term_string}"},"query-input":{"@type":"PropertyValueSpecification","valueRequired":true,"valueName":"search_term_string"}}],"inLanguage":"es"},{"@type":"Organization","@id":"https:\/\/www.anaromanature.com\/#organization","name":"Anaroma Nature","url":"https:\/\/www.anaromanature.com\/","logo":{"@type":"ImageObject","inLanguage":"es","@id":"https:\/\/www.anaromanature.com\/#\/schema\/logo\/image\/","url":"https:\/\/i2.wp.com\/www.anaromanature.com\/wp-content\/uploads\/2021\/02\/cropped-Logotipo-Anaroma-2.png?fit=290%2C288&ssl=1","contentUrl":"https:\/\/i2.wp.com\/www.anaromanature.com\/wp-content\/uploads\/2021\/02\/cropped-Logotipo-Anaroma-2.png?fit=290%2C288&ssl=1","width":290,"height":288,"caption":"Anaroma Nature"},"image":{"@id":"https:\/\/www.anaromanature.com\/#\/schema\/logo\/image\/"},"sameAs":["http:\/\/facebook.com\/Anaroma-326324794814915","http:\/\/instagram.com\/anaromanature"]}]}},"_links":{"self":[{"href":"https:\/\/www.anaromanature.com\/index.php\/wp-json\/wp\/v2\/product\/6870","targetHints":{"allow":["GET"]}}],"collection":[{"href":"https:\/\/www.anaromanature.com\/index.php\/wp-json\/wp\/v2\/product"}],"about":[{"href":"https:\/\/www.anaromanature.com\/index.php\/wp-json\/wp\/v2\/types\/product"}],"replies":[{"embeddable":true,"href":"https:\/\/www.anaromanature.com\/index.php\/wp-json\/wp\/v2\/comments?post=6870"}],"wp:featuredmedia":[{"embeddable":true,"href":"https:\/\/www.anaromanature.com\/index.php\/wp-json\/wp\/v2\/media\/6871"}],"wp:attachment":[{"href":"https:\/\/www.anaromanature.com\/index.php\/wp-json\/wp\/v2\/media?parent=6870"}],"wp:term":[{"taxonomy":"product_brand","embeddable":true,"href":"https:\/\/www.anaromanature.com\/index.php\/wp-json\/wp\/v2\/product_brand?post=6870"},{"taxonomy":"product_cat","embeddable":true,"href":"https:\/\/www.anaromanature.com\/index.php\/wp-json\/wp\/v2\/product_cat?post=6870"},{"taxonomy":"product_tag","embeddable":true,"href":"https:\/\/www.anaromanature.com\/index.php\/wp-json\/wp\/v2\/product_tag?post=6870"}],"curies":[{"name":"wp","href":"https:\/\/api.w.org\/{rel}","templated":true}]}}