{"id":6891,"date":"2025-02-15T09:04:51","date_gmt":"2025-02-15T08:04:51","guid":{"rendered":"https:\/\/www.anaromanature.com\/?post_type=product&#038;p=6891"},"modified":"2025-02-15T09:11:41","modified_gmt":"2025-02-15T08:11:41","slug":"bolsa-tote-bag-abstracto-la-matilda","status":"publish","type":"product","link":"https:\/\/www.anaromanature.com\/index.php\/producto\/bolsa-tote-bag-abstracto-la-matilda\/","title":{"rendered":"Bolsa Tote Bag \u00abAbstracto\u00bb &#8211; La Matilda"},"content":{"rendered":"<p><span style=\"color: var(--black-color); font-family: var(--primary-font);\">Bolsa Tote Bag \u00abAbstracto\u00bb &#8211; La Matilda<\/span><\/p>\n<p><span style=\"color: var(--black-color); font-family: var(--primary-font);\"><b style=\"color: var(--black-color); font-family: var(--primary-font);\">Bolsa Tote \u00abLa Matilda\u00bb \u2013 Pr\u00e1ctica, Segura y Vers\u00e1til<\/b><\/span><\/p>\n<p><span style=\"color: var(--black-color); font-family: var(--primary-font);\">La <\/span><strong style=\"color: var(--black-color); font-family: var(--primary-font);\">bolsa tote de La Matilda<\/strong><span style=\"color: var(--black-color); font-family: var(--primary-font);\"> es el complemento perfecto para el d\u00eda a d\u00eda. Dise\u00f1ada para ofrecer <\/span><strong style=\"color: var(--black-color); font-family: var(--primary-font);\">amplio espacio y comodidad<\/strong><span style=\"color: var(--black-color); font-family: var(--primary-font);\">, cuenta con un <\/span><strong style=\"color: var(--black-color); font-family: var(--primary-font);\">forro interior<\/strong><span style=\"color: var(--black-color); font-family: var(--primary-font);\"> que protege tus pertenencias y un <\/span><strong style=\"color: var(--black-color); font-family: var(--primary-font);\">cierre con cremallera<\/strong><span style=\"color: var(--black-color); font-family: var(--primary-font);\"> para mayor seguridad.<\/span><\/p>\n<p>Ideal para llevar al trabajo, de compras o en cualquier ocasi\u00f3n, esta tote combina funcionalidad y estilo en un solo dise\u00f1o. Su estructura resistente y materiales de calidad garantizan durabilidad, convirti\u00e9ndola en una opci\u00f3n confiable para cualquier rutina.<\/p>\n<p>\u00a1Hazte con la tuya y disfruta de la practicidad que ofrece la <strong>bolsa tote de La Matilda<\/strong>!<\/p>\n<p><span style=\"color: var(--black-color); font-family: var(--primary-font);\">Perfuma tu hogar con <\/span><a style=\"font-family: var(--primary-font);\" href=\"https:\/\/www.anaromanature.com\/\">Anaroma Nature<\/a><\/p>\n<p><a href=\"mailto:%20info@anaromanature.com\">Cons\u00faltanos\u00a0<\/a>lo que necesites saber o aclarar.<\/p>\n<p>S\u00edguenos en\u00a0<a href=\"https:\/\/www.instagram.com\/anaromanature\/\">Instagram<\/a>.<\/p>\n","protected":false},"excerpt":{"rendered":"<p>La <strong>bolsa tote de La Matilda<\/strong> es el complemento perfecto para el d\u00eda a d\u00eda. Dise\u00f1ada para ofrecer <strong>amplio espacio y comodidad<\/strong>, cuenta con un <strong>forro interior<\/strong> que protege tus pertenencias y un <strong>cierre con cremallera<\/strong> para mayor seguridad.<\/p>\n<ul>\n<li><strong>Medidas:<\/strong> 30 x 10 x 37cm<\/li>\n<li><strong>Estampado:<\/strong> Abstracto<\/li>\n<\/ul>\n","protected":false},"featured_media":6892,"comment_status":"open","ping_status":"closed","template":"","meta":{"_joinchat":[]},"product_brand":[],"product_cat":[649],"product_tag":[674,675],"class_list":{"0":"post-6891","1":"product","2":"type-product","3":"status-publish","4":"has-post-thumbnail","6":"product_cat-la-matilda","7":"product_tag-bandolera","8":"product_tag-la-matilda","9":"latest_post","11":"first","12":"instock","13":"taxable","14":"shipping-taxable","15":"purchasable","16":"product-type-simple"},"yoast_head":"<!-- This site is optimized with the Yoast SEO plugin v27.4 - https:\/\/yoast.com\/product\/yoast-seo-wordpress\/ -->\n<title>Bolsa Tote Bag &quot;Abstracto&quot; - La Matilda - Anaroma Nature<\/title>\n<meta name=\"description\" content=\"Bolsa Tote Bag &quot;Abstracto&quot; - La Matilda Bolsa Tote &quot;La Matilda&quot; \u2013 Pr\u00e1ctica, Segura y Vers\u00e1til La bolsa tote de La Matilda es el complemento perfecto para el d\u00eda a d\u00eda.\" \/>\n<meta name=\"robots\" content=\"index, follow, max-snippet:-1, max-image-preview:large, max-video-preview:-1\" \/>\n<link rel=\"canonical\" href=\"https:\/\/www.anaromanature.com\/index.php\/producto\/bolsa-tote-bag-abstracto-la-matilda\/\" \/>\n<meta property=\"og:locale\" content=\"es_ES\" \/>\n<meta property=\"og:type\" content=\"article\" \/>\n<meta property=\"og:title\" content=\"Bolsa Tote Bag &quot;Abstracto&quot; - La Matilda - Anaroma Nature\" \/>\n<meta property=\"og:description\" content=\"Bolsa Tote Bag &quot;Abstracto&quot; - La Matilda Bolsa Tote &quot;La Matilda&quot; \u2013 Pr\u00e1ctica, Segura y Vers\u00e1til La bolsa tote de La Matilda es el complemento perfecto para el d\u00eda a d\u00eda.\" \/>\n<meta property=\"og:url\" content=\"https:\/\/www.anaromanature.com\/index.php\/producto\/bolsa-tote-bag-abstracto-la-matilda\/\" \/>\n<meta property=\"og:site_name\" content=\"Anaroma Nature\" \/>\n<meta property=\"article:publisher\" content=\"http:\/\/facebook.com\/Anaroma-326324794814915\" \/>\n<meta property=\"article:modified_time\" content=\"2025-02-15T08:11:41+00:00\" \/>\n<meta property=\"og:image\" content=\"https:\/\/www.anaromanature.com\/wp-content\/uploads\/2025\/02\/tote_bag_abstracto_m106-36.jpg\" \/>\n\t<meta property=\"og:image:width\" content=\"640\" \/>\n\t<meta property=\"og:image:height\" content=\"826\" \/>\n\t<meta property=\"og:image:type\" content=\"image\/jpeg\" \/>\n<meta name=\"twitter:card\" content=\"summary_large_image\" \/>\n<meta name=\"twitter:label1\" content=\"Tiempo de lectura\" \/>\n\t<meta name=\"twitter:data1\" content=\"1 minuto\" \/>\n<script type=\"application\/ld+json\" class=\"yoast-schema-graph\">{\"@context\":\"https:\\\/\\\/schema.org\",\"@graph\":[{\"@type\":\"WebPage\",\"@id\":\"https:\\\/\\\/www.anaromanature.com\\\/index.php\\\/producto\\\/bolsa-tote-bag-abstracto-la-matilda\\\/\",\"url\":\"https:\\\/\\\/www.anaromanature.com\\\/index.php\\\/producto\\\/bolsa-tote-bag-abstracto-la-matilda\\\/\",\"name\":\"Bolsa Tote Bag \\\"Abstracto\\\" - La Matilda - Anaroma Nature\",\"isPartOf\":{\"@id\":\"https:\\\/\\\/www.anaromanature.com\\\/#website\"},\"primaryImageOfPage\":{\"@id\":\"https:\\\/\\\/www.anaromanature.com\\\/index.php\\\/producto\\\/bolsa-tote-bag-abstracto-la-matilda\\\/#primaryimage\"},\"image\":{\"@id\":\"https:\\\/\\\/www.anaromanature.com\\\/index.php\\\/producto\\\/bolsa-tote-bag-abstracto-la-matilda\\\/#primaryimage\"},\"thumbnailUrl\":\"https:\\\/\\\/www.anaromanature.com\\\/wp-content\\\/uploads\\\/2025\\\/02\\\/tote_bag_abstracto_m106-36.jpg\",\"datePublished\":\"2025-02-15T08:04:51+00:00\",\"dateModified\":\"2025-02-15T08:11:41+00:00\",\"description\":\"Bolsa Tote Bag \\\"Abstracto\\\" - La Matilda Bolsa Tote \\\"La Matilda\\\" \u2013 Pr\u00e1ctica, Segura y Vers\u00e1til La bolsa tote de La Matilda es el complemento perfecto para el d\u00eda a d\u00eda.\",\"breadcrumb\":{\"@id\":\"https:\\\/\\\/www.anaromanature.com\\\/index.php\\\/producto\\\/bolsa-tote-bag-abstracto-la-matilda\\\/#breadcrumb\"},\"inLanguage\":\"es\",\"potentialAction\":[{\"@type\":\"ReadAction\",\"target\":[\"https:\\\/\\\/www.anaromanature.com\\\/index.php\\\/producto\\\/bolsa-tote-bag-abstracto-la-matilda\\\/\"]}]},{\"@type\":\"ImageObject\",\"inLanguage\":\"es\",\"@id\":\"https:\\\/\\\/www.anaromanature.com\\\/index.php\\\/producto\\\/bolsa-tote-bag-abstracto-la-matilda\\\/#primaryimage\",\"url\":\"https:\\\/\\\/www.anaromanature.com\\\/wp-content\\\/uploads\\\/2025\\\/02\\\/tote_bag_abstracto_m106-36.jpg\",\"contentUrl\":\"https:\\\/\\\/www.anaromanature.com\\\/wp-content\\\/uploads\\\/2025\\\/02\\\/tote_bag_abstracto_m106-36.jpg\",\"width\":640,\"height\":826,\"caption\":\"tote bag abstracto m106 36\"},{\"@type\":\"BreadcrumbList\",\"@id\":\"https:\\\/\\\/www.anaromanature.com\\\/index.php\\\/producto\\\/bolsa-tote-bag-abstracto-la-matilda\\\/#breadcrumb\",\"itemListElement\":[{\"@type\":\"ListItem\",\"position\":1,\"name\":\"Portada\",\"item\":\"https:\\\/\\\/www.anaromanature.com\\\/\"},{\"@type\":\"ListItem\",\"position\":2,\"name\":\"Tienda\",\"item\":\"https:\\\/\\\/www.anaromanature.com\\\/index.php\\\/tienda-premium-online-anarome-nature\\\/\"},{\"@type\":\"ListItem\",\"position\":3,\"name\":\"Bolsa Tote Bag &#8220;Abstracto&#8221; &#8211; La Matilda\"}]},{\"@type\":\"WebSite\",\"@id\":\"https:\\\/\\\/www.anaromanature.com\\\/#website\",\"url\":\"https:\\\/\\\/www.anaromanature.com\\\/\",\"name\":\"Anaroma Nature\",\"description\":\"Aromas y color\",\"publisher\":{\"@id\":\"https:\\\/\\\/www.anaromanature.com\\\/#organization\"},\"potentialAction\":[{\"@type\":\"SearchAction\",\"target\":{\"@type\":\"EntryPoint\",\"urlTemplate\":\"https:\\\/\\\/www.anaromanature.com\\\/?s={search_term_string}\"},\"query-input\":{\"@type\":\"PropertyValueSpecification\",\"valueRequired\":true,\"valueName\":\"search_term_string\"}}],\"inLanguage\":\"es\"},{\"@type\":\"Organization\",\"@id\":\"https:\\\/\\\/www.anaromanature.com\\\/#organization\",\"name\":\"Anaroma Nature\",\"url\":\"https:\\\/\\\/www.anaromanature.com\\\/\",\"logo\":{\"@type\":\"ImageObject\",\"inLanguage\":\"es\",\"@id\":\"https:\\\/\\\/www.anaromanature.com\\\/#\\\/schema\\\/logo\\\/image\\\/\",\"url\":\"https:\\\/\\\/i2.wp.com\\\/www.anaromanature.com\\\/wp-content\\\/uploads\\\/2021\\\/02\\\/cropped-Logotipo-Anaroma-2.png?fit=290%2C288&ssl=1\",\"contentUrl\":\"https:\\\/\\\/i2.wp.com\\\/www.anaromanature.com\\\/wp-content\\\/uploads\\\/2021\\\/02\\\/cropped-Logotipo-Anaroma-2.png?fit=290%2C288&ssl=1\",\"width\":290,\"height\":288,\"caption\":\"Anaroma Nature\"},\"image\":{\"@id\":\"https:\\\/\\\/www.anaromanature.com\\\/#\\\/schema\\\/logo\\\/image\\\/\"},\"sameAs\":[\"http:\\\/\\\/facebook.com\\\/Anaroma-326324794814915\",\"http:\\\/\\\/instagram.com\\\/anaromanature\"]}]}<\/script>\n<!-- \/ Yoast SEO plugin. -->","yoast_head_json":{"title":"Bolsa Tote Bag \"Abstracto\" - La Matilda - Anaroma Nature","description":"Bolsa Tote Bag \"Abstracto\" - La Matilda Bolsa Tote \"La Matilda\" \u2013 Pr\u00e1ctica, Segura y Vers\u00e1til La bolsa tote de La Matilda es el complemento perfecto para el d\u00eda a d\u00eda.","robots":{"index":"index","follow":"follow","max-snippet":"max-snippet:-1","max-image-preview":"max-image-preview:large","max-video-preview":"max-video-preview:-1"},"canonical":"https:\/\/www.anaromanature.com\/index.php\/producto\/bolsa-tote-bag-abstracto-la-matilda\/","og_locale":"es_ES","og_type":"article","og_title":"Bolsa Tote Bag \"Abstracto\" - La Matilda - Anaroma Nature","og_description":"Bolsa Tote Bag \"Abstracto\" - La Matilda Bolsa Tote \"La Matilda\" \u2013 Pr\u00e1ctica, Segura y Vers\u00e1til La bolsa tote de La Matilda es el complemento perfecto para el d\u00eda a d\u00eda.","og_url":"https:\/\/www.anaromanature.com\/index.php\/producto\/bolsa-tote-bag-abstracto-la-matilda\/","og_site_name":"Anaroma Nature","article_publisher":"http:\/\/facebook.com\/Anaroma-326324794814915","article_modified_time":"2025-02-15T08:11:41+00:00","og_image":[{"width":640,"height":826,"url":"https:\/\/www.anaromanature.com\/wp-content\/uploads\/2025\/02\/tote_bag_abstracto_m106-36.jpg","type":"image\/jpeg"}],"twitter_card":"summary_large_image","twitter_misc":{"Tiempo de lectura":"1 minuto"},"schema":{"@context":"https:\/\/schema.org","@graph":[{"@type":"WebPage","@id":"https:\/\/www.anaromanature.com\/index.php\/producto\/bolsa-tote-bag-abstracto-la-matilda\/","url":"https:\/\/www.anaromanature.com\/index.php\/producto\/bolsa-tote-bag-abstracto-la-matilda\/","name":"Bolsa Tote Bag \"Abstracto\" - La Matilda - Anaroma Nature","isPartOf":{"@id":"https:\/\/www.anaromanature.com\/#website"},"primaryImageOfPage":{"@id":"https:\/\/www.anaromanature.com\/index.php\/producto\/bolsa-tote-bag-abstracto-la-matilda\/#primaryimage"},"image":{"@id":"https:\/\/www.anaromanature.com\/index.php\/producto\/bolsa-tote-bag-abstracto-la-matilda\/#primaryimage"},"thumbnailUrl":"https:\/\/www.anaromanature.com\/wp-content\/uploads\/2025\/02\/tote_bag_abstracto_m106-36.jpg","datePublished":"2025-02-15T08:04:51+00:00","dateModified":"2025-02-15T08:11:41+00:00","description":"Bolsa Tote Bag \"Abstracto\" - La Matilda Bolsa Tote \"La Matilda\" \u2013 Pr\u00e1ctica, Segura y Vers\u00e1til La bolsa tote de La Matilda es el complemento perfecto para el d\u00eda a d\u00eda.","breadcrumb":{"@id":"https:\/\/www.anaromanature.com\/index.php\/producto\/bolsa-tote-bag-abstracto-la-matilda\/#breadcrumb"},"inLanguage":"es","potentialAction":[{"@type":"ReadAction","target":["https:\/\/www.anaromanature.com\/index.php\/producto\/bolsa-tote-bag-abstracto-la-matilda\/"]}]},{"@type":"ImageObject","inLanguage":"es","@id":"https:\/\/www.anaromanature.com\/index.php\/producto\/bolsa-tote-bag-abstracto-la-matilda\/#primaryimage","url":"https:\/\/www.anaromanature.com\/wp-content\/uploads\/2025\/02\/tote_bag_abstracto_m106-36.jpg","contentUrl":"https:\/\/www.anaromanature.com\/wp-content\/uploads\/2025\/02\/tote_bag_abstracto_m106-36.jpg","width":640,"height":826,"caption":"tote bag abstracto m106 36"},{"@type":"BreadcrumbList","@id":"https:\/\/www.anaromanature.com\/index.php\/producto\/bolsa-tote-bag-abstracto-la-matilda\/#breadcrumb","itemListElement":[{"@type":"ListItem","position":1,"name":"Portada","item":"https:\/\/www.anaromanature.com\/"},{"@type":"ListItem","position":2,"name":"Tienda","item":"https:\/\/www.anaromanature.com\/index.php\/tienda-premium-online-anarome-nature\/"},{"@type":"ListItem","position":3,"name":"Bolsa Tote Bag &#8220;Abstracto&#8221; &#8211; La Matilda"}]},{"@type":"WebSite","@id":"https:\/\/www.anaromanature.com\/#website","url":"https:\/\/www.anaromanature.com\/","name":"Anaroma Nature","description":"Aromas y color","publisher":{"@id":"https:\/\/www.anaromanature.com\/#organization"},"potentialAction":[{"@type":"SearchAction","target":{"@type":"EntryPoint","urlTemplate":"https:\/\/www.anaromanature.com\/?s={search_term_string}"},"query-input":{"@type":"PropertyValueSpecification","valueRequired":true,"valueName":"search_term_string"}}],"inLanguage":"es"},{"@type":"Organization","@id":"https:\/\/www.anaromanature.com\/#organization","name":"Anaroma Nature","url":"https:\/\/www.anaromanature.com\/","logo":{"@type":"ImageObject","inLanguage":"es","@id":"https:\/\/www.anaromanature.com\/#\/schema\/logo\/image\/","url":"https:\/\/i2.wp.com\/www.anaromanature.com\/wp-content\/uploads\/2021\/02\/cropped-Logotipo-Anaroma-2.png?fit=290%2C288&ssl=1","contentUrl":"https:\/\/i2.wp.com\/www.anaromanature.com\/wp-content\/uploads\/2021\/02\/cropped-Logotipo-Anaroma-2.png?fit=290%2C288&ssl=1","width":290,"height":288,"caption":"Anaroma Nature"},"image":{"@id":"https:\/\/www.anaromanature.com\/#\/schema\/logo\/image\/"},"sameAs":["http:\/\/facebook.com\/Anaroma-326324794814915","http:\/\/instagram.com\/anaromanature"]}]}},"_links":{"self":[{"href":"https:\/\/www.anaromanature.com\/index.php\/wp-json\/wp\/v2\/product\/6891","targetHints":{"allow":["GET"]}}],"collection":[{"href":"https:\/\/www.anaromanature.com\/index.php\/wp-json\/wp\/v2\/product"}],"about":[{"href":"https:\/\/www.anaromanature.com\/index.php\/wp-json\/wp\/v2\/types\/product"}],"replies":[{"embeddable":true,"href":"https:\/\/www.anaromanature.com\/index.php\/wp-json\/wp\/v2\/comments?post=6891"}],"wp:featuredmedia":[{"embeddable":true,"href":"https:\/\/www.anaromanature.com\/index.php\/wp-json\/wp\/v2\/media\/6892"}],"wp:attachment":[{"href":"https:\/\/www.anaromanature.com\/index.php\/wp-json\/wp\/v2\/media?parent=6891"}],"wp:term":[{"taxonomy":"product_brand","embeddable":true,"href":"https:\/\/www.anaromanature.com\/index.php\/wp-json\/wp\/v2\/product_brand?post=6891"},{"taxonomy":"product_cat","embeddable":true,"href":"https:\/\/www.anaromanature.com\/index.php\/wp-json\/wp\/v2\/product_cat?post=6891"},{"taxonomy":"product_tag","embeddable":true,"href":"https:\/\/www.anaromanature.com\/index.php\/wp-json\/wp\/v2\/product_tag?post=6891"}],"curies":[{"name":"wp","href":"https:\/\/api.w.org\/{rel}","templated":true}]}}