{"id":6911,"date":"2025-04-12T11:08:27","date_gmt":"2025-04-12T10:08:27","guid":{"rendered":"https:\/\/www.anaromanature.com\/?post_type=product&#038;p=6911"},"modified":"2025-06-10T21:49:50","modified_gmt":"2025-06-10T20:49:50","slug":"ameerati-al-wataniah-perfume-de-mujer","status":"publish","type":"product","link":"https:\/\/www.anaromanature.com\/index.php\/producto\/ameerati-al-wataniah-perfume-de-mujer\/","title":{"rendered":"Ameerati Al Wataniah Perfume de Mujer"},"content":{"rendered":"<p>Ameerati Al Wataniah Perfume de Mujer<\/p>\n<p><strong style=\"color: var(--black-color); font-family: var(--primary-font);\">Packaging de lujo<\/strong><\/p>\n<div class=\"image-with-text__text rte body\">\n<p>Un cl\u00e1sico atemporal que rinde homenaje a la belleza natural, la feminidad y la elegancia en su forma m\u00e1s pura. El <strong>eau de parfum para mujer Al Wataniah Ameerati<\/strong> es una fragancia arom\u00e1tica y amaderada que realza la esencia de cada mujer con sutileza y distinci\u00f3n. Perfecta para quienes desean dejar una impresi\u00f3n suave pero inolvidable.<\/p>\n<p>Caracter\u00edsticas destacadas:<\/p>\n<ul>\n<li><strong>Notas de cabeza frescas y limpias:<\/strong> una combinaci\u00f3n de c\u00edtricos, notas verdes y almizcle que ofrece una apertura ligera, luminosa y muy femenina.<\/li>\n<li><strong>Notas de coraz\u00f3n naturales y equilibradas:<\/strong> la madera y las notas frescas aportan un car\u00e1cter sereno, elegante y sofisticado.<\/li>\n<li><strong>Notas de fondo suaves y envolventes:<\/strong> las notas especiadas, empolvadas y frescas crean un cierre delicado, con un<\/li>\n<\/ul>\n<p><span style=\"color: var(--black-color); font-family: var(--primary-font);\">Perfuma tu hogar con\u00a0<\/span><a style=\"font-family: var(--primary-font);\" href=\"https:\/\/www.anaromanature.com\/\">Anaroma Nature<\/a><\/p>\n<p><a href=\"mailto:%20info@anaromanature.com\">Cons\u00faltanos\u00a0<\/a>lo que necesites saber o aclarar.<\/p>\n<p>S\u00edguenos en\u00a0<a href=\"https:\/\/www.instagram.com\/anaromanature\/\">Instagram<\/a>.<\/p>\n<\/div>\n","protected":false},"excerpt":{"rendered":"<p><strong>Capacidad:<\/strong> 100ml<\/p>\n<p>Un cl\u00e1sico atemporal que rinde homenaje a la belleza natural, la feminidad y la elegancia en su forma m\u00e1s pura. El <strong>eau de parfum para mujer Al Wataniah Ameerati<\/strong> es una fragancia arom\u00e1tica y amaderada que realza la esencia de cada mujer con sutileza y distinci\u00f3n. Perfecta para quienes desean dejar una impresi\u00f3n suave pero inolvidable.<\/p>\n","protected":false},"featured_media":6913,"comment_status":"open","ping_status":"closed","template":"","meta":{"_joinchat":[]},"product_brand":[],"product_cat":[673],"product_tag":[678,676],"class_list":{"0":"post-6911","1":"product","2":"type-product","3":"status-publish","4":"has-post-thumbnail","6":"product_cat-perfumes-arabes","7":"product_tag-ameerati","8":"product_tag-perfume-arabe","9":"latest_post","11":"first","12":"instock","13":"taxable","14":"shipping-taxable","15":"purchasable","16":"product-type-simple"},"yoast_head":"<!-- This site is optimized with the Yoast SEO plugin v27.4 - https:\/\/yoast.com\/product\/yoast-seo-wordpress\/ -->\n<title>Ameerati Al Wataniah Perfume de Mujer - Anaroma Nature<\/title>\n<meta name=\"description\" content=\"Ameerati Al Wataniah Perfume de Mujer Packaging de lujoUn cl\u00e1sico atemporal que rinde homenaje a la belleza natural, la feminidad y la elegancia en su forma m\u00e1s pura.\" \/>\n<meta name=\"robots\" content=\"index, follow, max-snippet:-1, max-image-preview:large, max-video-preview:-1\" \/>\n<link rel=\"canonical\" href=\"https:\/\/www.anaromanature.com\/index.php\/producto\/ameerati-al-wataniah-perfume-de-mujer\/\" \/>\n<meta property=\"og:locale\" content=\"es_ES\" \/>\n<meta property=\"og:type\" content=\"article\" \/>\n<meta property=\"og:title\" content=\"Ameerati Al Wataniah Perfume de Mujer - Anaroma Nature\" \/>\n<meta property=\"og:description\" content=\"Ameerati Al Wataniah Perfume de Mujer Packaging de lujoUn cl\u00e1sico atemporal que rinde homenaje a la belleza natural, la feminidad y la elegancia en su forma m\u00e1s pura.\" \/>\n<meta property=\"og:url\" content=\"https:\/\/www.anaromanature.com\/index.php\/producto\/ameerati-al-wataniah-perfume-de-mujer\/\" \/>\n<meta property=\"og:site_name\" content=\"Anaroma Nature\" \/>\n<meta property=\"article:publisher\" content=\"http:\/\/facebook.com\/Anaroma-326324794814915\" \/>\n<meta property=\"article:modified_time\" content=\"2025-06-10T20:49:50+00:00\" \/>\n<meta property=\"og:image\" content=\"https:\/\/www.anaromanature.com\/wp-content\/uploads\/2025\/04\/Al-Wataniah-Ameerati.jpg\" \/>\n\t<meta property=\"og:image:width\" content=\"890\" \/>\n\t<meta property=\"og:image:height\" content=\"890\" \/>\n\t<meta property=\"og:image:type\" content=\"image\/jpeg\" \/>\n<meta name=\"twitter:card\" content=\"summary_large_image\" \/>\n<meta name=\"twitter:label1\" content=\"Tiempo de lectura\" \/>\n\t<meta name=\"twitter:data1\" content=\"1 minuto\" \/>\n<script type=\"application\/ld+json\" class=\"yoast-schema-graph\">{\"@context\":\"https:\\\/\\\/schema.org\",\"@graph\":[{\"@type\":\"WebPage\",\"@id\":\"https:\\\/\\\/www.anaromanature.com\\\/index.php\\\/producto\\\/ameerati-al-wataniah-perfume-de-mujer\\\/\",\"url\":\"https:\\\/\\\/www.anaromanature.com\\\/index.php\\\/producto\\\/ameerati-al-wataniah-perfume-de-mujer\\\/\",\"name\":\"Ameerati Al Wataniah Perfume de Mujer - Anaroma Nature\",\"isPartOf\":{\"@id\":\"https:\\\/\\\/www.anaromanature.com\\\/#website\"},\"primaryImageOfPage\":{\"@id\":\"https:\\\/\\\/www.anaromanature.com\\\/index.php\\\/producto\\\/ameerati-al-wataniah-perfume-de-mujer\\\/#primaryimage\"},\"image\":{\"@id\":\"https:\\\/\\\/www.anaromanature.com\\\/index.php\\\/producto\\\/ameerati-al-wataniah-perfume-de-mujer\\\/#primaryimage\"},\"thumbnailUrl\":\"https:\\\/\\\/www.anaromanature.com\\\/wp-content\\\/uploads\\\/2025\\\/04\\\/Al-Wataniah-Ameerati.jpg\",\"datePublished\":\"2025-04-12T10:08:27+00:00\",\"dateModified\":\"2025-06-10T20:49:50+00:00\",\"description\":\"Ameerati Al Wataniah Perfume de Mujer Packaging de lujoUn cl\u00e1sico atemporal que rinde homenaje a la belleza natural, la feminidad y la elegancia en su forma m\u00e1s pura.\",\"breadcrumb\":{\"@id\":\"https:\\\/\\\/www.anaromanature.com\\\/index.php\\\/producto\\\/ameerati-al-wataniah-perfume-de-mujer\\\/#breadcrumb\"},\"inLanguage\":\"es\",\"potentialAction\":[{\"@type\":\"ReadAction\",\"target\":[\"https:\\\/\\\/www.anaromanature.com\\\/index.php\\\/producto\\\/ameerati-al-wataniah-perfume-de-mujer\\\/\"]}]},{\"@type\":\"ImageObject\",\"inLanguage\":\"es\",\"@id\":\"https:\\\/\\\/www.anaromanature.com\\\/index.php\\\/producto\\\/ameerati-al-wataniah-perfume-de-mujer\\\/#primaryimage\",\"url\":\"https:\\\/\\\/www.anaromanature.com\\\/wp-content\\\/uploads\\\/2025\\\/04\\\/Al-Wataniah-Ameerati.jpg\",\"contentUrl\":\"https:\\\/\\\/www.anaromanature.com\\\/wp-content\\\/uploads\\\/2025\\\/04\\\/Al-Wataniah-Ameerati.jpg\",\"width\":890,\"height\":890,\"caption\":\"Al Wataniah Ameerati\"},{\"@type\":\"BreadcrumbList\",\"@id\":\"https:\\\/\\\/www.anaromanature.com\\\/index.php\\\/producto\\\/ameerati-al-wataniah-perfume-de-mujer\\\/#breadcrumb\",\"itemListElement\":[{\"@type\":\"ListItem\",\"position\":1,\"name\":\"Portada\",\"item\":\"https:\\\/\\\/www.anaromanature.com\\\/\"},{\"@type\":\"ListItem\",\"position\":2,\"name\":\"Tienda\",\"item\":\"https:\\\/\\\/www.anaromanature.com\\\/index.php\\\/tienda-premium-online-anarome-nature\\\/\"},{\"@type\":\"ListItem\",\"position\":3,\"name\":\"Ameerati Al Wataniah Perfume de Mujer\"}]},{\"@type\":\"WebSite\",\"@id\":\"https:\\\/\\\/www.anaromanature.com\\\/#website\",\"url\":\"https:\\\/\\\/www.anaromanature.com\\\/\",\"name\":\"Anaroma Nature\",\"description\":\"Aromas y color\",\"publisher\":{\"@id\":\"https:\\\/\\\/www.anaromanature.com\\\/#organization\"},\"potentialAction\":[{\"@type\":\"SearchAction\",\"target\":{\"@type\":\"EntryPoint\",\"urlTemplate\":\"https:\\\/\\\/www.anaromanature.com\\\/?s={search_term_string}\"},\"query-input\":{\"@type\":\"PropertyValueSpecification\",\"valueRequired\":true,\"valueName\":\"search_term_string\"}}],\"inLanguage\":\"es\"},{\"@type\":\"Organization\",\"@id\":\"https:\\\/\\\/www.anaromanature.com\\\/#organization\",\"name\":\"Anaroma Nature\",\"url\":\"https:\\\/\\\/www.anaromanature.com\\\/\",\"logo\":{\"@type\":\"ImageObject\",\"inLanguage\":\"es\",\"@id\":\"https:\\\/\\\/www.anaromanature.com\\\/#\\\/schema\\\/logo\\\/image\\\/\",\"url\":\"https:\\\/\\\/i2.wp.com\\\/www.anaromanature.com\\\/wp-content\\\/uploads\\\/2021\\\/02\\\/cropped-Logotipo-Anaroma-2.png?fit=290%2C288&ssl=1\",\"contentUrl\":\"https:\\\/\\\/i2.wp.com\\\/www.anaromanature.com\\\/wp-content\\\/uploads\\\/2021\\\/02\\\/cropped-Logotipo-Anaroma-2.png?fit=290%2C288&ssl=1\",\"width\":290,\"height\":288,\"caption\":\"Anaroma Nature\"},\"image\":{\"@id\":\"https:\\\/\\\/www.anaromanature.com\\\/#\\\/schema\\\/logo\\\/image\\\/\"},\"sameAs\":[\"http:\\\/\\\/facebook.com\\\/Anaroma-326324794814915\",\"http:\\\/\\\/instagram.com\\\/anaromanature\"]}]}<\/script>\n<!-- \/ Yoast SEO plugin. -->","yoast_head_json":{"title":"Ameerati Al Wataniah Perfume de Mujer - Anaroma Nature","description":"Ameerati Al Wataniah Perfume de Mujer Packaging de lujoUn cl\u00e1sico atemporal que rinde homenaje a la belleza natural, la feminidad y la elegancia en su forma m\u00e1s pura.","robots":{"index":"index","follow":"follow","max-snippet":"max-snippet:-1","max-image-preview":"max-image-preview:large","max-video-preview":"max-video-preview:-1"},"canonical":"https:\/\/www.anaromanature.com\/index.php\/producto\/ameerati-al-wataniah-perfume-de-mujer\/","og_locale":"es_ES","og_type":"article","og_title":"Ameerati Al Wataniah Perfume de Mujer - Anaroma Nature","og_description":"Ameerati Al Wataniah Perfume de Mujer Packaging de lujoUn cl\u00e1sico atemporal que rinde homenaje a la belleza natural, la feminidad y la elegancia en su forma m\u00e1s pura.","og_url":"https:\/\/www.anaromanature.com\/index.php\/producto\/ameerati-al-wataniah-perfume-de-mujer\/","og_site_name":"Anaroma Nature","article_publisher":"http:\/\/facebook.com\/Anaroma-326324794814915","article_modified_time":"2025-06-10T20:49:50+00:00","og_image":[{"width":890,"height":890,"url":"https:\/\/www.anaromanature.com\/wp-content\/uploads\/2025\/04\/Al-Wataniah-Ameerati.jpg","type":"image\/jpeg"}],"twitter_card":"summary_large_image","twitter_misc":{"Tiempo de lectura":"1 minuto"},"schema":{"@context":"https:\/\/schema.org","@graph":[{"@type":"WebPage","@id":"https:\/\/www.anaromanature.com\/index.php\/producto\/ameerati-al-wataniah-perfume-de-mujer\/","url":"https:\/\/www.anaromanature.com\/index.php\/producto\/ameerati-al-wataniah-perfume-de-mujer\/","name":"Ameerati Al Wataniah Perfume de Mujer - Anaroma Nature","isPartOf":{"@id":"https:\/\/www.anaromanature.com\/#website"},"primaryImageOfPage":{"@id":"https:\/\/www.anaromanature.com\/index.php\/producto\/ameerati-al-wataniah-perfume-de-mujer\/#primaryimage"},"image":{"@id":"https:\/\/www.anaromanature.com\/index.php\/producto\/ameerati-al-wataniah-perfume-de-mujer\/#primaryimage"},"thumbnailUrl":"https:\/\/www.anaromanature.com\/wp-content\/uploads\/2025\/04\/Al-Wataniah-Ameerati.jpg","datePublished":"2025-04-12T10:08:27+00:00","dateModified":"2025-06-10T20:49:50+00:00","description":"Ameerati Al Wataniah Perfume de Mujer Packaging de lujoUn cl\u00e1sico atemporal que rinde homenaje a la belleza natural, la feminidad y la elegancia en su forma m\u00e1s pura.","breadcrumb":{"@id":"https:\/\/www.anaromanature.com\/index.php\/producto\/ameerati-al-wataniah-perfume-de-mujer\/#breadcrumb"},"inLanguage":"es","potentialAction":[{"@type":"ReadAction","target":["https:\/\/www.anaromanature.com\/index.php\/producto\/ameerati-al-wataniah-perfume-de-mujer\/"]}]},{"@type":"ImageObject","inLanguage":"es","@id":"https:\/\/www.anaromanature.com\/index.php\/producto\/ameerati-al-wataniah-perfume-de-mujer\/#primaryimage","url":"https:\/\/www.anaromanature.com\/wp-content\/uploads\/2025\/04\/Al-Wataniah-Ameerati.jpg","contentUrl":"https:\/\/www.anaromanature.com\/wp-content\/uploads\/2025\/04\/Al-Wataniah-Ameerati.jpg","width":890,"height":890,"caption":"Al Wataniah Ameerati"},{"@type":"BreadcrumbList","@id":"https:\/\/www.anaromanature.com\/index.php\/producto\/ameerati-al-wataniah-perfume-de-mujer\/#breadcrumb","itemListElement":[{"@type":"ListItem","position":1,"name":"Portada","item":"https:\/\/www.anaromanature.com\/"},{"@type":"ListItem","position":2,"name":"Tienda","item":"https:\/\/www.anaromanature.com\/index.php\/tienda-premium-online-anarome-nature\/"},{"@type":"ListItem","position":3,"name":"Ameerati Al Wataniah Perfume de Mujer"}]},{"@type":"WebSite","@id":"https:\/\/www.anaromanature.com\/#website","url":"https:\/\/www.anaromanature.com\/","name":"Anaroma Nature","description":"Aromas y color","publisher":{"@id":"https:\/\/www.anaromanature.com\/#organization"},"potentialAction":[{"@type":"SearchAction","target":{"@type":"EntryPoint","urlTemplate":"https:\/\/www.anaromanature.com\/?s={search_term_string}"},"query-input":{"@type":"PropertyValueSpecification","valueRequired":true,"valueName":"search_term_string"}}],"inLanguage":"es"},{"@type":"Organization","@id":"https:\/\/www.anaromanature.com\/#organization","name":"Anaroma Nature","url":"https:\/\/www.anaromanature.com\/","logo":{"@type":"ImageObject","inLanguage":"es","@id":"https:\/\/www.anaromanature.com\/#\/schema\/logo\/image\/","url":"https:\/\/i2.wp.com\/www.anaromanature.com\/wp-content\/uploads\/2021\/02\/cropped-Logotipo-Anaroma-2.png?fit=290%2C288&ssl=1","contentUrl":"https:\/\/i2.wp.com\/www.anaromanature.com\/wp-content\/uploads\/2021\/02\/cropped-Logotipo-Anaroma-2.png?fit=290%2C288&ssl=1","width":290,"height":288,"caption":"Anaroma Nature"},"image":{"@id":"https:\/\/www.anaromanature.com\/#\/schema\/logo\/image\/"},"sameAs":["http:\/\/facebook.com\/Anaroma-326324794814915","http:\/\/instagram.com\/anaromanature"]}]}},"_links":{"self":[{"href":"https:\/\/www.anaromanature.com\/index.php\/wp-json\/wp\/v2\/product\/6911","targetHints":{"allow":["GET"]}}],"collection":[{"href":"https:\/\/www.anaromanature.com\/index.php\/wp-json\/wp\/v2\/product"}],"about":[{"href":"https:\/\/www.anaromanature.com\/index.php\/wp-json\/wp\/v2\/types\/product"}],"replies":[{"embeddable":true,"href":"https:\/\/www.anaromanature.com\/index.php\/wp-json\/wp\/v2\/comments?post=6911"}],"wp:featuredmedia":[{"embeddable":true,"href":"https:\/\/www.anaromanature.com\/index.php\/wp-json\/wp\/v2\/media\/6913"}],"wp:attachment":[{"href":"https:\/\/www.anaromanature.com\/index.php\/wp-json\/wp\/v2\/media?parent=6911"}],"wp:term":[{"taxonomy":"product_brand","embeddable":true,"href":"https:\/\/www.anaromanature.com\/index.php\/wp-json\/wp\/v2\/product_brand?post=6911"},{"taxonomy":"product_cat","embeddable":true,"href":"https:\/\/www.anaromanature.com\/index.php\/wp-json\/wp\/v2\/product_cat?post=6911"},{"taxonomy":"product_tag","embeddable":true,"href":"https:\/\/www.anaromanature.com\/index.php\/wp-json\/wp\/v2\/product_tag?post=6911"}],"curies":[{"name":"wp","href":"https:\/\/api.w.org\/{rel}","templated":true}]}}