{"id":707,"date":"2021-02-07T19:03:24","date_gmt":"2021-02-07T18:03:24","guid":{"rendered":"https:\/\/www.anaromanature.com\/index.php\/producto\/mini-resinas-perf-ambients-white-tulip\/"},"modified":"2025-01-10T16:37:53","modified_gmt":"2025-01-10T15:37:53","slug":"mini-resinas-perf-ambients-white-tulip","status":"publish","type":"product","link":"https:\/\/www.anaromanature.com\/index.php\/producto\/mini-resinas-perf-ambients-white-tulip\/","title":{"rendered":"Mini Resinas Perf. Ambients White Tulip"},"content":{"rendered":"<p>Mini Resinas White Tulip<\/p>\n<p>\u00bfTe gusta perfumar cajones, armarios, cajas de ropa, etc? Esto te interesa.<\/p>\n<p>Las mini resinas de Boles d&#8217;olor son unas bolsitas en cuyo interior se alojan unas perlitas altamente ambientadas para que duren lo m\u00e1ximo posible.<\/p>\n<p>Estas bolsitas de tul dejan pasar perfectamente el aroma a trav\u00e9s de sus peque\u00f1os poros.<\/p>\n<p>Que sepas que tienen mil y una aplicaciones: cajones, armarios, cajas, maletas, mochilas, coches, caravanas, radiadores, etc. Lo dif\u00edcil es elegir un aroma.<\/p>\n<p>Por su forma de fabricaci\u00f3n, el aroma queda atrapado en su interior durante \u00a1m\u00e1s de 6 meses!<\/p>\n<p>Es importante distinguir entre cada uno de los formatos que tenemos disponible para tales fines, pero te aseguramos que las mini resinas es uno de los m\u00e1s interesantes.<\/p>\n<p>Ya que su dise\u00f1o est\u00e1 bastante cuidado, pueden quedar perfectamente a la vista, por ejemplo, en los pomos de las puertas, en la llave de los radiadores.<\/p>\n<p>Y si tienes alg\u00fan compromiso y quieres tener un detalle con tus invitados, puedes recurrir a ellas tambi\u00e9n, ya que seguro que quedar\u00e1s genial.<\/p>\n<p>Nosotros te proponemos algunas ideas \u00bfnos dices tu para que las usas?<\/p>\n<p>Mini Resinas White Tulip<\/p>\n<p>Perfuma tu hogar con\u00a0<a href=\"https:\/\/www.anaromanature.com\/\">Anaroma Nature<\/a><\/p>\n<p><a href=\"mailto:%20info@anaromanature.com\">Cons\u00faltanos\u00a0<\/a>lo que necesites saber o aclarar.<\/p>\n<p>Visita nuestro\u00a0<a href=\"https:\/\/www.instagram.com\/anaromanature\/\">Instagram<\/a>.<\/p>\n","protected":false},"excerpt":{"rendered":"<p>&nbsp;<\/p>\n<p>Contenido: 40 gr.<\/p>\n<p>Duraci\u00f3n: hasta 6 meses (en armarios).<\/p>\n<ul>\n<li class=\"fusion-responsive-typography-calculated\" data-fontsize=\"16.38\" data-lineheight=\"26.208px\">\n<h4>Floral<\/h4>\n<\/li>\n<\/ul>\n<p>Aroma Floral, sutilmente femenino y delicado pero seductor, que deja una impresi\u00f3n duradera de naturaleza y elegancia, y un poderoso fondo aterciopelado, floral y amaderado.<\/p>\n<p><strong>Notas de fragancia<\/strong><\/p>\n<ul>\n<li><strong>Salida:\u00a0<\/strong>Mandarina, Yuzu y otros c\u00edtricos. P\u00e9talos de Tulipan y Flores de Peonia.<\/li>\n<li><strong>Coraz\u00f3n:\u00a0<\/strong>Rosas y Osmanthus (flor oriental con notas de Albaricoque, Pasas y Ciruelas).<\/li>\n<li><strong>Fondo:\u00a0<\/strong>S\u00e1ndalo intenso, Pachul\u00ed y Pimienta Rosa.<\/li>\n<\/ul>\n<p>&nbsp;<\/p>\n","protected":false},"featured_media":841,"comment_status":"open","ping_status":"closed","template":"","meta":{"_joinchat":[]},"product_brand":[],"product_cat":[110,26,131],"product_tag":[133,132,43,134],"class_list":{"0":"post-707","1":"product","2":"type-product","3":"status-publish","4":"has-post-thumbnail","6":"product_cat-armarios-perfumados","7":"product_cat-boles-dolor-un-mundo-de-suenos-fragantes","8":"product_cat-miniresinas","9":"product_tag-abientador","10":"product_tag-armario","11":"product_tag-floral","12":"product_tag-mini-resinas","13":"latest_post","15":"first","16":"instock","17":"taxable","18":"shipping-taxable","19":"purchasable","20":"product-type-simple"},"yoast_head":"<!-- This site is optimized with the Yoast SEO plugin v27.4 - https:\/\/yoast.com\/product\/yoast-seo-wordpress\/ -->\n<title>Mini Resinas Perf. Ambients White Tulip - Anaroma Nature - Tienda<\/title>\n<meta name=\"description\" content=\"Mini Resinas White Tulip \u00bfTe gusta perfumar cajones, armarios, cajas de ropa, etc? Esto te interesa. Las mini resinas de Boles d&#039;olor son\" \/>\n<meta name=\"robots\" content=\"index, follow, max-snippet:-1, max-image-preview:large, max-video-preview:-1\" \/>\n<link rel=\"canonical\" href=\"https:\/\/www.anaromanature.com\/index.php\/producto\/mini-resinas-perf-ambients-white-tulip\/\" \/>\n<meta property=\"og:locale\" content=\"es_ES\" \/>\n<meta property=\"og:type\" content=\"article\" \/>\n<meta property=\"og:title\" content=\"Mini Resinas Perf. Ambients White Tulip - Anaroma Nature - Tienda\" \/>\n<meta property=\"og:description\" content=\"Mini Resinas White Tulip \u00bfTe gusta perfumar cajones, armarios, cajas de ropa, etc? Esto te interesa. Las mini resinas de Boles d&#039;olor son\" \/>\n<meta property=\"og:url\" content=\"https:\/\/www.anaromanature.com\/index.php\/producto\/mini-resinas-perf-ambients-white-tulip\/\" \/>\n<meta property=\"og:site_name\" content=\"Anaroma Nature\" \/>\n<meta property=\"article:publisher\" content=\"http:\/\/facebook.com\/Anaroma-326324794814915\" \/>\n<meta property=\"article:modified_time\" content=\"2025-01-10T15:37:53+00:00\" \/>\n<meta property=\"og:image\" content=\"https:\/\/www.anaromanature.com\/wp-content\/uploads\/2021\/02\/Mini-Resinas-Ambients-White-tulip-0159008-scaled.jpg\" \/>\n\t<meta property=\"og:image:width\" content=\"600\" \/>\n\t<meta property=\"og:image:height\" content=\"600\" \/>\n\t<meta property=\"og:image:type\" content=\"image\/jpeg\" \/>\n<meta name=\"twitter:card\" content=\"summary_large_image\" \/>\n<meta name=\"twitter:label1\" content=\"Tiempo de lectura\" \/>\n\t<meta name=\"twitter:data1\" content=\"1 minuto\" \/>\n<script type=\"application\/ld+json\" class=\"yoast-schema-graph\">{\"@context\":\"https:\\\/\\\/schema.org\",\"@graph\":[{\"@type\":\"WebPage\",\"@id\":\"https:\\\/\\\/www.anaromanature.com\\\/index.php\\\/producto\\\/mini-resinas-perf-ambients-white-tulip\\\/\",\"url\":\"https:\\\/\\\/www.anaromanature.com\\\/index.php\\\/producto\\\/mini-resinas-perf-ambients-white-tulip\\\/\",\"name\":\"Mini Resinas Perf. Ambients White Tulip - Anaroma Nature - Tienda\",\"isPartOf\":{\"@id\":\"https:\\\/\\\/www.anaromanature.com\\\/#website\"},\"primaryImageOfPage\":{\"@id\":\"https:\\\/\\\/www.anaromanature.com\\\/index.php\\\/producto\\\/mini-resinas-perf-ambients-white-tulip\\\/#primaryimage\"},\"image\":{\"@id\":\"https:\\\/\\\/www.anaromanature.com\\\/index.php\\\/producto\\\/mini-resinas-perf-ambients-white-tulip\\\/#primaryimage\"},\"thumbnailUrl\":\"https:\\\/\\\/www.anaromanature.com\\\/wp-content\\\/uploads\\\/2021\\\/02\\\/Mini-Resinas-Ambients-White-tulip-0159008-scaled.jpg\",\"datePublished\":\"2021-02-07T18:03:24+00:00\",\"dateModified\":\"2025-01-10T15:37:53+00:00\",\"description\":\"Mini Resinas White Tulip \u00bfTe gusta perfumar cajones, armarios, cajas de ropa, etc? Esto te interesa. Las mini resinas de Boles d'olor son\",\"breadcrumb\":{\"@id\":\"https:\\\/\\\/www.anaromanature.com\\\/index.php\\\/producto\\\/mini-resinas-perf-ambients-white-tulip\\\/#breadcrumb\"},\"inLanguage\":\"es\",\"potentialAction\":[{\"@type\":\"ReadAction\",\"target\":[\"https:\\\/\\\/www.anaromanature.com\\\/index.php\\\/producto\\\/mini-resinas-perf-ambients-white-tulip\\\/\"]}]},{\"@type\":\"ImageObject\",\"inLanguage\":\"es\",\"@id\":\"https:\\\/\\\/www.anaromanature.com\\\/index.php\\\/producto\\\/mini-resinas-perf-ambients-white-tulip\\\/#primaryimage\",\"url\":\"https:\\\/\\\/www.anaromanature.com\\\/wp-content\\\/uploads\\\/2021\\\/02\\\/Mini-Resinas-Ambients-White-tulip-0159008-scaled.jpg\",\"contentUrl\":\"https:\\\/\\\/www.anaromanature.com\\\/wp-content\\\/uploads\\\/2021\\\/02\\\/Mini-Resinas-Ambients-White-tulip-0159008-scaled.jpg\",\"width\":600,\"height\":600,\"caption\":\"Mini Resinas Ambients White tulip 0159008\"},{\"@type\":\"BreadcrumbList\",\"@id\":\"https:\\\/\\\/www.anaromanature.com\\\/index.php\\\/producto\\\/mini-resinas-perf-ambients-white-tulip\\\/#breadcrumb\",\"itemListElement\":[{\"@type\":\"ListItem\",\"position\":1,\"name\":\"Portada\",\"item\":\"https:\\\/\\\/www.anaromanature.com\\\/\"},{\"@type\":\"ListItem\",\"position\":2,\"name\":\"Tienda\",\"item\":\"https:\\\/\\\/www.anaromanature.com\\\/index.php\\\/tienda-premium-online-anarome-nature\\\/\"},{\"@type\":\"ListItem\",\"position\":3,\"name\":\"Mini Resinas Perf. Ambients White Tulip\"}]},{\"@type\":\"WebSite\",\"@id\":\"https:\\\/\\\/www.anaromanature.com\\\/#website\",\"url\":\"https:\\\/\\\/www.anaromanature.com\\\/\",\"name\":\"Anaroma Nature\",\"description\":\"Aromas y color\",\"publisher\":{\"@id\":\"https:\\\/\\\/www.anaromanature.com\\\/#organization\"},\"potentialAction\":[{\"@type\":\"SearchAction\",\"target\":{\"@type\":\"EntryPoint\",\"urlTemplate\":\"https:\\\/\\\/www.anaromanature.com\\\/?s={search_term_string}\"},\"query-input\":{\"@type\":\"PropertyValueSpecification\",\"valueRequired\":true,\"valueName\":\"search_term_string\"}}],\"inLanguage\":\"es\"},{\"@type\":\"Organization\",\"@id\":\"https:\\\/\\\/www.anaromanature.com\\\/#organization\",\"name\":\"Anaroma Nature\",\"url\":\"https:\\\/\\\/www.anaromanature.com\\\/\",\"logo\":{\"@type\":\"ImageObject\",\"inLanguage\":\"es\",\"@id\":\"https:\\\/\\\/www.anaromanature.com\\\/#\\\/schema\\\/logo\\\/image\\\/\",\"url\":\"https:\\\/\\\/i2.wp.com\\\/www.anaromanature.com\\\/wp-content\\\/uploads\\\/2021\\\/02\\\/cropped-Logotipo-Anaroma-2.png?fit=290%2C288&ssl=1\",\"contentUrl\":\"https:\\\/\\\/i2.wp.com\\\/www.anaromanature.com\\\/wp-content\\\/uploads\\\/2021\\\/02\\\/cropped-Logotipo-Anaroma-2.png?fit=290%2C288&ssl=1\",\"width\":290,\"height\":288,\"caption\":\"Anaroma Nature\"},\"image\":{\"@id\":\"https:\\\/\\\/www.anaromanature.com\\\/#\\\/schema\\\/logo\\\/image\\\/\"},\"sameAs\":[\"http:\\\/\\\/facebook.com\\\/Anaroma-326324794814915\",\"http:\\\/\\\/instagram.com\\\/anaromanature\"]}]}<\/script>\n<!-- \/ Yoast SEO plugin. -->","yoast_head_json":{"title":"Mini Resinas Perf. Ambients White Tulip - Anaroma Nature - Tienda","description":"Mini Resinas White Tulip \u00bfTe gusta perfumar cajones, armarios, cajas de ropa, etc? Esto te interesa. Las mini resinas de Boles d'olor son","robots":{"index":"index","follow":"follow","max-snippet":"max-snippet:-1","max-image-preview":"max-image-preview:large","max-video-preview":"max-video-preview:-1"},"canonical":"https:\/\/www.anaromanature.com\/index.php\/producto\/mini-resinas-perf-ambients-white-tulip\/","og_locale":"es_ES","og_type":"article","og_title":"Mini Resinas Perf. Ambients White Tulip - Anaroma Nature - Tienda","og_description":"Mini Resinas White Tulip \u00bfTe gusta perfumar cajones, armarios, cajas de ropa, etc? Esto te interesa. Las mini resinas de Boles d'olor son","og_url":"https:\/\/www.anaromanature.com\/index.php\/producto\/mini-resinas-perf-ambients-white-tulip\/","og_site_name":"Anaroma Nature","article_publisher":"http:\/\/facebook.com\/Anaroma-326324794814915","article_modified_time":"2025-01-10T15:37:53+00:00","og_image":[{"width":600,"height":600,"url":"https:\/\/www.anaromanature.com\/wp-content\/uploads\/2021\/02\/Mini-Resinas-Ambients-White-tulip-0159008-scaled.jpg","type":"image\/jpeg"}],"twitter_card":"summary_large_image","twitter_misc":{"Tiempo de lectura":"1 minuto"},"schema":{"@context":"https:\/\/schema.org","@graph":[{"@type":"WebPage","@id":"https:\/\/www.anaromanature.com\/index.php\/producto\/mini-resinas-perf-ambients-white-tulip\/","url":"https:\/\/www.anaromanature.com\/index.php\/producto\/mini-resinas-perf-ambients-white-tulip\/","name":"Mini Resinas Perf. Ambients White Tulip - Anaroma Nature - Tienda","isPartOf":{"@id":"https:\/\/www.anaromanature.com\/#website"},"primaryImageOfPage":{"@id":"https:\/\/www.anaromanature.com\/index.php\/producto\/mini-resinas-perf-ambients-white-tulip\/#primaryimage"},"image":{"@id":"https:\/\/www.anaromanature.com\/index.php\/producto\/mini-resinas-perf-ambients-white-tulip\/#primaryimage"},"thumbnailUrl":"https:\/\/www.anaromanature.com\/wp-content\/uploads\/2021\/02\/Mini-Resinas-Ambients-White-tulip-0159008-scaled.jpg","datePublished":"2021-02-07T18:03:24+00:00","dateModified":"2025-01-10T15:37:53+00:00","description":"Mini Resinas White Tulip \u00bfTe gusta perfumar cajones, armarios, cajas de ropa, etc? Esto te interesa. Las mini resinas de Boles d'olor son","breadcrumb":{"@id":"https:\/\/www.anaromanature.com\/index.php\/producto\/mini-resinas-perf-ambients-white-tulip\/#breadcrumb"},"inLanguage":"es","potentialAction":[{"@type":"ReadAction","target":["https:\/\/www.anaromanature.com\/index.php\/producto\/mini-resinas-perf-ambients-white-tulip\/"]}]},{"@type":"ImageObject","inLanguage":"es","@id":"https:\/\/www.anaromanature.com\/index.php\/producto\/mini-resinas-perf-ambients-white-tulip\/#primaryimage","url":"https:\/\/www.anaromanature.com\/wp-content\/uploads\/2021\/02\/Mini-Resinas-Ambients-White-tulip-0159008-scaled.jpg","contentUrl":"https:\/\/www.anaromanature.com\/wp-content\/uploads\/2021\/02\/Mini-Resinas-Ambients-White-tulip-0159008-scaled.jpg","width":600,"height":600,"caption":"Mini Resinas Ambients White tulip 0159008"},{"@type":"BreadcrumbList","@id":"https:\/\/www.anaromanature.com\/index.php\/producto\/mini-resinas-perf-ambients-white-tulip\/#breadcrumb","itemListElement":[{"@type":"ListItem","position":1,"name":"Portada","item":"https:\/\/www.anaromanature.com\/"},{"@type":"ListItem","position":2,"name":"Tienda","item":"https:\/\/www.anaromanature.com\/index.php\/tienda-premium-online-anarome-nature\/"},{"@type":"ListItem","position":3,"name":"Mini Resinas Perf. Ambients White Tulip"}]},{"@type":"WebSite","@id":"https:\/\/www.anaromanature.com\/#website","url":"https:\/\/www.anaromanature.com\/","name":"Anaroma Nature","description":"Aromas y color","publisher":{"@id":"https:\/\/www.anaromanature.com\/#organization"},"potentialAction":[{"@type":"SearchAction","target":{"@type":"EntryPoint","urlTemplate":"https:\/\/www.anaromanature.com\/?s={search_term_string}"},"query-input":{"@type":"PropertyValueSpecification","valueRequired":true,"valueName":"search_term_string"}}],"inLanguage":"es"},{"@type":"Organization","@id":"https:\/\/www.anaromanature.com\/#organization","name":"Anaroma Nature","url":"https:\/\/www.anaromanature.com\/","logo":{"@type":"ImageObject","inLanguage":"es","@id":"https:\/\/www.anaromanature.com\/#\/schema\/logo\/image\/","url":"https:\/\/i2.wp.com\/www.anaromanature.com\/wp-content\/uploads\/2021\/02\/cropped-Logotipo-Anaroma-2.png?fit=290%2C288&ssl=1","contentUrl":"https:\/\/i2.wp.com\/www.anaromanature.com\/wp-content\/uploads\/2021\/02\/cropped-Logotipo-Anaroma-2.png?fit=290%2C288&ssl=1","width":290,"height":288,"caption":"Anaroma Nature"},"image":{"@id":"https:\/\/www.anaromanature.com\/#\/schema\/logo\/image\/"},"sameAs":["http:\/\/facebook.com\/Anaroma-326324794814915","http:\/\/instagram.com\/anaromanature"]}]}},"_links":{"self":[{"href":"https:\/\/www.anaromanature.com\/index.php\/wp-json\/wp\/v2\/product\/707","targetHints":{"allow":["GET"]}}],"collection":[{"href":"https:\/\/www.anaromanature.com\/index.php\/wp-json\/wp\/v2\/product"}],"about":[{"href":"https:\/\/www.anaromanature.com\/index.php\/wp-json\/wp\/v2\/types\/product"}],"replies":[{"embeddable":true,"href":"https:\/\/www.anaromanature.com\/index.php\/wp-json\/wp\/v2\/comments?post=707"}],"wp:featuredmedia":[{"embeddable":true,"href":"https:\/\/www.anaromanature.com\/index.php\/wp-json\/wp\/v2\/media\/841"}],"wp:attachment":[{"href":"https:\/\/www.anaromanature.com\/index.php\/wp-json\/wp\/v2\/media?parent=707"}],"wp:term":[{"taxonomy":"product_brand","embeddable":true,"href":"https:\/\/www.anaromanature.com\/index.php\/wp-json\/wp\/v2\/product_brand?post=707"},{"taxonomy":"product_cat","embeddable":true,"href":"https:\/\/www.anaromanature.com\/index.php\/wp-json\/wp\/v2\/product_cat?post=707"},{"taxonomy":"product_tag","embeddable":true,"href":"https:\/\/www.anaromanature.com\/index.php\/wp-json\/wp\/v2\/product_tag?post=707"}],"curies":[{"name":"wp","href":"https:\/\/api.w.org\/{rel}","templated":true}]}}