{"id":750,"date":"2021-02-07T19:51:00","date_gmt":"2021-02-07T18:51:00","guid":{"rendered":"https:\/\/www.anaromanature.com\/index.php\/producto\/brumizador-padma-flor-de-loto\/"},"modified":"2025-01-10T17:04:16","modified_gmt":"2025-01-10T16:04:16","slug":"brumizador-padma-flor-de-loto","status":"publish","type":"product","link":"https:\/\/www.anaromanature.com\/index.php\/producto\/brumizador-padma-flor-de-loto\/","title":{"rendered":"Brumizador PADMA (Flor de Loto)"},"content":{"rendered":"<p>Brumizador PADMA (Flor de Loto)<\/p>\n<p>Desde hace tiempo los sistemas de ambientar un hogar est\u00e1 estancado en los mismo productos de siempre.<\/p>\n<p>Te presentamos un sistema innovador, pr\u00e1ctico y c\u00f3modo que funciona de manera muy sencilla pero altamente eficaz.<\/p>\n<p>PADMA es un brumizador de ultrasonidos que funciona con agua y esencia (bruma) de manera combinada.<\/p>\n<p>Simplemente has de verter la cantidad de agua indicada en las instrucciones y la cantidad correspondiente de bruma de ambiente.<\/p>\n<p><em>\u00a1No olvides elegir una de las numerosas brumas que tenemos para ti!<\/em><\/p>\n<p><strong>Las caracter\u00edsticas de este aparato son:<\/strong><\/p>\n<ul>\n<li>Capacidad del dep\u00f3sito: 230 ml.<\/li>\n<li>Funciona con agua (preferiblemente mineral).<\/li>\n<li>Capacidad de ambientaci\u00f3n: hasta 120 m2.<\/li>\n<li>Ionizador (purifica el ambiente).<\/li>\n<li>Humidificador de bajo rendimiento<\/li>\n<li>Temporizador.<\/li>\n<li>Controlador de luz (fija o discontinua).<\/li>\n<li>Funci\u00f3n de auto-apagado, cuando se queda sin agua.<\/li>\n<\/ul>\n<p><strong>Instrucciones:<\/strong><\/p>\n<ul>\n<li>Llenar el dep\u00f3sito de agua, preferiblemente mineral, hasta la marca de m\u00e1ximo.<\/li>\n<li>Verter hasta 2ml de bruma.<\/li>\n<li>Limpiar despu\u00e9s de su uso o en cada cambio de agua pasando un pa\u00f1o h\u00famedo para retirar los restos de aceite y cal.<\/li>\n<li>Produce vapor fr\u00edo de agua. Ideal para ambientes secos o con calefacci\u00f3n.<\/li>\n<li>Funci\u00f3n Temporizador: 1 pulsaci\u00f3n encendido; 2 pulsaciones, 2 horas; 3 pulsaciones, 4 horas.<\/li>\n<li>Funci\u00f3n control de luz: color fijo, cambio de color o apagado.<\/li>\n<li>Su utilizaci\u00f3n con Brumas Essenciales permite realizar tratamientos de aromaterapia.<\/li>\n<\/ul>\n<p>Brumizador PADMA (Flor de Loto)<\/p>\n<p>Perfuma tu hogar con\u00a0<a href=\"https:\/\/www.anaromanature.com\/\">Anaroma Nature<\/a><\/p>\n<p><a href=\"mailto:%20info@anaromanature.com\">Cons\u00faltanos\u00a0<\/a>lo que necesites saber o aclarar.<\/p>\n<p>S\u00edguenos en <a href=\"https:\/\/www.instagram.com\/anaromanature\/\">Instagram<\/a>.<\/p>\n","protected":false},"excerpt":{"rendered":"<p>&nbsp;<\/p>\n<p>Capacidad: 230 ml<\/p>\n<p>Acabado de la tapa superior: color blanco.<\/p>\n<p>Modo de conexi\u00f3n: 220V<\/p>\n<p>Se puede usar con: Brumas Ambients, Brumas Black Edition, Brumas Essencials o Aceites Esenciales.<\/p>\n<p>Ver instrucciones de uso abajo.<\/p>\n","protected":false},"featured_media":945,"comment_status":"open","ping_status":"closed","template":"","meta":{"_joinchat":[]},"product_brand":[],"product_cat":[26,144],"product_tag":[42,145,147,146],"class_list":{"0":"post-750","1":"product","2":"type-product","3":"status-publish","4":"has-post-thumbnail","6":"product_cat-boles-dolor-un-mundo-de-suenos-fragantes","7":"product_cat-brumizadores-de-perfume","8":"product_tag-ambientador","9":"product_tag-brumizador","10":"product_tag-flor-de-loto","11":"product_tag-padma","12":"latest_post","14":"first","15":"instock","16":"featured","17":"taxable","18":"shipping-taxable","19":"purchasable","20":"product-type-simple"},"yoast_head":"<!-- This site is optimized with the Yoast SEO plugin v27.4 - https:\/\/yoast.com\/product\/yoast-seo-wordpress\/ -->\n<title>Brumizador PADMA (Flor de Loto) - Anaroma Nature - Tienda<\/title>\n<meta name=\"description\" content=\"Brumizador PADMA (Flor de Loto). Desde hace tiempo los sistemas de ambientar un hogar est\u00e1 estancado en los mismo productos de siempre.\" \/>\n<meta name=\"robots\" content=\"index, follow, max-snippet:-1, max-image-preview:large, max-video-preview:-1\" \/>\n<link rel=\"canonical\" href=\"https:\/\/www.anaromanature.com\/index.php\/producto\/brumizador-padma-flor-de-loto\/\" \/>\n<meta property=\"og:locale\" content=\"es_ES\" \/>\n<meta property=\"og:type\" content=\"article\" \/>\n<meta property=\"og:title\" content=\"Brumizador PADMA (Flor de Loto) - Anaroma Nature - Tienda\" \/>\n<meta property=\"og:description\" content=\"Brumizador PADMA (Flor de Loto). Desde hace tiempo los sistemas de ambientar un hogar est\u00e1 estancado en los mismo productos de siempre.\" \/>\n<meta property=\"og:url\" content=\"https:\/\/www.anaromanature.com\/index.php\/producto\/brumizador-padma-flor-de-loto\/\" \/>\n<meta property=\"og:site_name\" content=\"Anaroma Nature\" \/>\n<meta property=\"article:publisher\" content=\"http:\/\/facebook.com\/Anaroma-326324794814915\" \/>\n<meta property=\"article:modified_time\" content=\"2025-01-10T16:04:16+00:00\" \/>\n<meta property=\"og:image\" content=\"https:\/\/www.anaromanature.com\/wp-content\/uploads\/2021\/02\/Brumizador-PADMA-Flor-de-Loto-0600203-scaled.jpg\" \/>\n\t<meta property=\"og:image:width\" content=\"600\" \/>\n\t<meta property=\"og:image:height\" content=\"600\" \/>\n\t<meta property=\"og:image:type\" content=\"image\/jpeg\" \/>\n<meta name=\"twitter:card\" content=\"summary_large_image\" \/>\n<meta name=\"twitter:label1\" content=\"Tiempo de lectura\" \/>\n\t<meta name=\"twitter:data1\" content=\"2 minutos\" \/>\n<script type=\"application\/ld+json\" class=\"yoast-schema-graph\">{\"@context\":\"https:\\\/\\\/schema.org\",\"@graph\":[{\"@type\":\"WebPage\",\"@id\":\"https:\\\/\\\/www.anaromanature.com\\\/index.php\\\/producto\\\/brumizador-padma-flor-de-loto\\\/\",\"url\":\"https:\\\/\\\/www.anaromanature.com\\\/index.php\\\/producto\\\/brumizador-padma-flor-de-loto\\\/\",\"name\":\"Brumizador PADMA (Flor de Loto) - Anaroma Nature - Tienda\",\"isPartOf\":{\"@id\":\"https:\\\/\\\/www.anaromanature.com\\\/#website\"},\"primaryImageOfPage\":{\"@id\":\"https:\\\/\\\/www.anaromanature.com\\\/index.php\\\/producto\\\/brumizador-padma-flor-de-loto\\\/#primaryimage\"},\"image\":{\"@id\":\"https:\\\/\\\/www.anaromanature.com\\\/index.php\\\/producto\\\/brumizador-padma-flor-de-loto\\\/#primaryimage\"},\"thumbnailUrl\":\"https:\\\/\\\/www.anaromanature.com\\\/wp-content\\\/uploads\\\/2021\\\/02\\\/Brumizador-PADMA-Flor-de-Loto-0600203-scaled.jpg\",\"datePublished\":\"2021-02-07T18:51:00+00:00\",\"dateModified\":\"2025-01-10T16:04:16+00:00\",\"description\":\"Brumizador PADMA (Flor de Loto). Desde hace tiempo los sistemas de ambientar un hogar est\u00e1 estancado en los mismo productos de siempre.\",\"breadcrumb\":{\"@id\":\"https:\\\/\\\/www.anaromanature.com\\\/index.php\\\/producto\\\/brumizador-padma-flor-de-loto\\\/#breadcrumb\"},\"inLanguage\":\"es\",\"potentialAction\":[{\"@type\":\"ReadAction\",\"target\":[\"https:\\\/\\\/www.anaromanature.com\\\/index.php\\\/producto\\\/brumizador-padma-flor-de-loto\\\/\"]}]},{\"@type\":\"ImageObject\",\"inLanguage\":\"es\",\"@id\":\"https:\\\/\\\/www.anaromanature.com\\\/index.php\\\/producto\\\/brumizador-padma-flor-de-loto\\\/#primaryimage\",\"url\":\"https:\\\/\\\/www.anaromanature.com\\\/wp-content\\\/uploads\\\/2021\\\/02\\\/Brumizador-PADMA-Flor-de-Loto-0600203-scaled.jpg\",\"contentUrl\":\"https:\\\/\\\/www.anaromanature.com\\\/wp-content\\\/uploads\\\/2021\\\/02\\\/Brumizador-PADMA-Flor-de-Loto-0600203-scaled.jpg\",\"width\":600,\"height\":600,\"caption\":\"Brumizador PADMA Flor de Loto 0600203\"},{\"@type\":\"BreadcrumbList\",\"@id\":\"https:\\\/\\\/www.anaromanature.com\\\/index.php\\\/producto\\\/brumizador-padma-flor-de-loto\\\/#breadcrumb\",\"itemListElement\":[{\"@type\":\"ListItem\",\"position\":1,\"name\":\"Portada\",\"item\":\"https:\\\/\\\/www.anaromanature.com\\\/\"},{\"@type\":\"ListItem\",\"position\":2,\"name\":\"Tienda\",\"item\":\"https:\\\/\\\/www.anaromanature.com\\\/index.php\\\/tienda-premium-online-anarome-nature\\\/\"},{\"@type\":\"ListItem\",\"position\":3,\"name\":\"Brumizador PADMA (Flor de Loto)\"}]},{\"@type\":\"WebSite\",\"@id\":\"https:\\\/\\\/www.anaromanature.com\\\/#website\",\"url\":\"https:\\\/\\\/www.anaromanature.com\\\/\",\"name\":\"Anaroma Nature\",\"description\":\"Aromas y color\",\"publisher\":{\"@id\":\"https:\\\/\\\/www.anaromanature.com\\\/#organization\"},\"potentialAction\":[{\"@type\":\"SearchAction\",\"target\":{\"@type\":\"EntryPoint\",\"urlTemplate\":\"https:\\\/\\\/www.anaromanature.com\\\/?s={search_term_string}\"},\"query-input\":{\"@type\":\"PropertyValueSpecification\",\"valueRequired\":true,\"valueName\":\"search_term_string\"}}],\"inLanguage\":\"es\"},{\"@type\":\"Organization\",\"@id\":\"https:\\\/\\\/www.anaromanature.com\\\/#organization\",\"name\":\"Anaroma Nature\",\"url\":\"https:\\\/\\\/www.anaromanature.com\\\/\",\"logo\":{\"@type\":\"ImageObject\",\"inLanguage\":\"es\",\"@id\":\"https:\\\/\\\/www.anaromanature.com\\\/#\\\/schema\\\/logo\\\/image\\\/\",\"url\":\"https:\\\/\\\/i2.wp.com\\\/www.anaromanature.com\\\/wp-content\\\/uploads\\\/2021\\\/02\\\/cropped-Logotipo-Anaroma-2.png?fit=290%2C288&ssl=1\",\"contentUrl\":\"https:\\\/\\\/i2.wp.com\\\/www.anaromanature.com\\\/wp-content\\\/uploads\\\/2021\\\/02\\\/cropped-Logotipo-Anaroma-2.png?fit=290%2C288&ssl=1\",\"width\":290,\"height\":288,\"caption\":\"Anaroma Nature\"},\"image\":{\"@id\":\"https:\\\/\\\/www.anaromanature.com\\\/#\\\/schema\\\/logo\\\/image\\\/\"},\"sameAs\":[\"http:\\\/\\\/facebook.com\\\/Anaroma-326324794814915\",\"http:\\\/\\\/instagram.com\\\/anaromanature\"]}]}<\/script>\n<!-- \/ Yoast SEO plugin. -->","yoast_head_json":{"title":"Brumizador PADMA (Flor de Loto) - Anaroma Nature - Tienda","description":"Brumizador PADMA (Flor de Loto). Desde hace tiempo los sistemas de ambientar un hogar est\u00e1 estancado en los mismo productos de siempre.","robots":{"index":"index","follow":"follow","max-snippet":"max-snippet:-1","max-image-preview":"max-image-preview:large","max-video-preview":"max-video-preview:-1"},"canonical":"https:\/\/www.anaromanature.com\/index.php\/producto\/brumizador-padma-flor-de-loto\/","og_locale":"es_ES","og_type":"article","og_title":"Brumizador PADMA (Flor de Loto) - Anaroma Nature - Tienda","og_description":"Brumizador PADMA (Flor de Loto). Desde hace tiempo los sistemas de ambientar un hogar est\u00e1 estancado en los mismo productos de siempre.","og_url":"https:\/\/www.anaromanature.com\/index.php\/producto\/brumizador-padma-flor-de-loto\/","og_site_name":"Anaroma Nature","article_publisher":"http:\/\/facebook.com\/Anaroma-326324794814915","article_modified_time":"2025-01-10T16:04:16+00:00","og_image":[{"width":600,"height":600,"url":"https:\/\/www.anaromanature.com\/wp-content\/uploads\/2021\/02\/Brumizador-PADMA-Flor-de-Loto-0600203-scaled.jpg","type":"image\/jpeg"}],"twitter_card":"summary_large_image","twitter_misc":{"Tiempo de lectura":"2 minutos"},"schema":{"@context":"https:\/\/schema.org","@graph":[{"@type":"WebPage","@id":"https:\/\/www.anaromanature.com\/index.php\/producto\/brumizador-padma-flor-de-loto\/","url":"https:\/\/www.anaromanature.com\/index.php\/producto\/brumizador-padma-flor-de-loto\/","name":"Brumizador PADMA (Flor de Loto) - Anaroma Nature - Tienda","isPartOf":{"@id":"https:\/\/www.anaromanature.com\/#website"},"primaryImageOfPage":{"@id":"https:\/\/www.anaromanature.com\/index.php\/producto\/brumizador-padma-flor-de-loto\/#primaryimage"},"image":{"@id":"https:\/\/www.anaromanature.com\/index.php\/producto\/brumizador-padma-flor-de-loto\/#primaryimage"},"thumbnailUrl":"https:\/\/www.anaromanature.com\/wp-content\/uploads\/2021\/02\/Brumizador-PADMA-Flor-de-Loto-0600203-scaled.jpg","datePublished":"2021-02-07T18:51:00+00:00","dateModified":"2025-01-10T16:04:16+00:00","description":"Brumizador PADMA (Flor de Loto). Desde hace tiempo los sistemas de ambientar un hogar est\u00e1 estancado en los mismo productos de siempre.","breadcrumb":{"@id":"https:\/\/www.anaromanature.com\/index.php\/producto\/brumizador-padma-flor-de-loto\/#breadcrumb"},"inLanguage":"es","potentialAction":[{"@type":"ReadAction","target":["https:\/\/www.anaromanature.com\/index.php\/producto\/brumizador-padma-flor-de-loto\/"]}]},{"@type":"ImageObject","inLanguage":"es","@id":"https:\/\/www.anaromanature.com\/index.php\/producto\/brumizador-padma-flor-de-loto\/#primaryimage","url":"https:\/\/www.anaromanature.com\/wp-content\/uploads\/2021\/02\/Brumizador-PADMA-Flor-de-Loto-0600203-scaled.jpg","contentUrl":"https:\/\/www.anaromanature.com\/wp-content\/uploads\/2021\/02\/Brumizador-PADMA-Flor-de-Loto-0600203-scaled.jpg","width":600,"height":600,"caption":"Brumizador PADMA Flor de Loto 0600203"},{"@type":"BreadcrumbList","@id":"https:\/\/www.anaromanature.com\/index.php\/producto\/brumizador-padma-flor-de-loto\/#breadcrumb","itemListElement":[{"@type":"ListItem","position":1,"name":"Portada","item":"https:\/\/www.anaromanature.com\/"},{"@type":"ListItem","position":2,"name":"Tienda","item":"https:\/\/www.anaromanature.com\/index.php\/tienda-premium-online-anarome-nature\/"},{"@type":"ListItem","position":3,"name":"Brumizador PADMA (Flor de Loto)"}]},{"@type":"WebSite","@id":"https:\/\/www.anaromanature.com\/#website","url":"https:\/\/www.anaromanature.com\/","name":"Anaroma Nature","description":"Aromas y color","publisher":{"@id":"https:\/\/www.anaromanature.com\/#organization"},"potentialAction":[{"@type":"SearchAction","target":{"@type":"EntryPoint","urlTemplate":"https:\/\/www.anaromanature.com\/?s={search_term_string}"},"query-input":{"@type":"PropertyValueSpecification","valueRequired":true,"valueName":"search_term_string"}}],"inLanguage":"es"},{"@type":"Organization","@id":"https:\/\/www.anaromanature.com\/#organization","name":"Anaroma Nature","url":"https:\/\/www.anaromanature.com\/","logo":{"@type":"ImageObject","inLanguage":"es","@id":"https:\/\/www.anaromanature.com\/#\/schema\/logo\/image\/","url":"https:\/\/i2.wp.com\/www.anaromanature.com\/wp-content\/uploads\/2021\/02\/cropped-Logotipo-Anaroma-2.png?fit=290%2C288&ssl=1","contentUrl":"https:\/\/i2.wp.com\/www.anaromanature.com\/wp-content\/uploads\/2021\/02\/cropped-Logotipo-Anaroma-2.png?fit=290%2C288&ssl=1","width":290,"height":288,"caption":"Anaroma Nature"},"image":{"@id":"https:\/\/www.anaromanature.com\/#\/schema\/logo\/image\/"},"sameAs":["http:\/\/facebook.com\/Anaroma-326324794814915","http:\/\/instagram.com\/anaromanature"]}]}},"_links":{"self":[{"href":"https:\/\/www.anaromanature.com\/index.php\/wp-json\/wp\/v2\/product\/750","targetHints":{"allow":["GET"]}}],"collection":[{"href":"https:\/\/www.anaromanature.com\/index.php\/wp-json\/wp\/v2\/product"}],"about":[{"href":"https:\/\/www.anaromanature.com\/index.php\/wp-json\/wp\/v2\/types\/product"}],"replies":[{"embeddable":true,"href":"https:\/\/www.anaromanature.com\/index.php\/wp-json\/wp\/v2\/comments?post=750"}],"wp:featuredmedia":[{"embeddable":true,"href":"https:\/\/www.anaromanature.com\/index.php\/wp-json\/wp\/v2\/media\/945"}],"wp:attachment":[{"href":"https:\/\/www.anaromanature.com\/index.php\/wp-json\/wp\/v2\/media?parent=750"}],"wp:term":[{"taxonomy":"product_brand","embeddable":true,"href":"https:\/\/www.anaromanature.com\/index.php\/wp-json\/wp\/v2\/product_brand?post=750"},{"taxonomy":"product_cat","embeddable":true,"href":"https:\/\/www.anaromanature.com\/index.php\/wp-json\/wp\/v2\/product_cat?post=750"},{"taxonomy":"product_tag","embeddable":true,"href":"https:\/\/www.anaromanature.com\/index.php\/wp-json\/wp\/v2\/product_tag?post=750"}],"curies":[{"name":"wp","href":"https:\/\/api.w.org\/{rel}","templated":true}]}}