{"id":760,"date":"2021-02-07T19:59:34","date_gmt":"2021-02-07T18:59:34","guid":{"rendered":"https:\/\/www.anaromanature.com\/index.php\/producto\/genie-lamp-half-moon-crocus-petal\/"},"modified":"2025-01-10T17:11:06","modified_gmt":"2025-01-10T16:11:06","slug":"genie-lamp-half-moon-crocus-petal","status":"publish","type":"product","link":"https:\/\/www.anaromanature.com\/index.php\/producto\/genie-lamp-half-moon-crocus-petal\/","title":{"rendered":"Genie Lamp Half Moon Crocus Petal"},"content":{"rendered":"<p>Genie Lamp Crocus Petal<\/p>\n<p>Boles d&#8217;olor presenta su l\u00ednea de L\u00e1mparas Catal\u00edticas o Genie Lamp.<\/p>\n<p>Las l\u00e1mparas catal\u00edticas se vienen usando desde hace m\u00e1s de 100 a\u00f1os en los hospitales para desinfectarlos.<\/p>\n<p>Era la mejor forma que ten\u00edan en esa \u00e9poca para librar de bacterias y virus las zonas de tr\u00e1nsito y privadas de las \u00e1reas hospitalarias.<\/p>\n<p>Es aqu\u00ed cuando Boles d&#8217;olor desarrolla su gama de Genie Lamp, buscando la higienizaci\u00f3n total de los hogares.<\/p>\n<p>Dada la f\u00e1cil potabilidad de la misma, es muy c\u00f3modo de llevar de un lugar a otro de tu hogar.<\/p>\n<p><strong>Las Genie Lamp cubre tres aspectos fundamentales:<\/strong><\/p>\n<ul>\n<li>Perfuma: ya que los perfumes de hogar para las l\u00e1mparas, poseen tu esencia favorita.<\/li>\n<li>Desinfecta: gracias al uso de un alcohol espec\u00edfica para tal fin.<\/li>\n<li>Decora: Elije el modelo que mejor se adapte a tu casa.<\/li>\n<\/ul>\n<p><b>INSTRUCCIONES DE USO<\/b><\/p>\n<ol>\n<li>Retira los tapones de tu l\u00e1mpara.<\/li>\n<li>Llena con el perfume de hogar de l\u00e1mpara catal\u00edtica hasta las 2\/3 partes.<\/li>\n<li>Introduce la mecha en el l\u00edquido (dejando la piedra fuera) por un tiempo aproximado de 20 minutos. (Este paso tan s\u00f3lo la primera vez de uso o si hemos agotado el l\u00edquido).<\/li>\n<li>Prende fuego a la piedra durante al menos 3 minutos (nunca superes los 5 minutos).<\/li>\n<li>Pasados esos 3 minutos, sopla la llama y coloca el embellecedor.<\/li>\n<li>Mant\u00e9n la l\u00e1mpara en funcionamiento 1 min\/m2.<\/li>\n<li>Para apagar tienes que retira el embellecedor con cuidado, ya que se mantiene caliente, y coloca el tap\u00f3n de apagado.<\/li>\n<li>Vuelve a colocar la l\u00e1mpara en su lugar para el pr\u00f3ximo uso.<\/li>\n<\/ol>\n<p>Descubre una nueva manera de perfumar tu hogar.<\/p>\n<p>Genie Lamp Crocus Petal<\/p>\n<p>Perfuma tu hogar con\u00a0<a href=\"https:\/\/www.anaromanature.com\/\">Anaroma Nature<\/a><\/p>\n<p><a href=\"mailto:%20info@anaromanature.com\">Cons\u00faltanos\u00a0<\/a>lo que necesites saber o aclarar.<\/p>\n<p>S\u00edguenos en <a href=\"https:\/\/www.instagram.com\/anaromanature\/\">Instagram<\/a>.<\/p>\n","protected":false},"excerpt":{"rendered":"<p>&nbsp;<\/p>\n<p>Capacidad: 425 ml.<\/p>\n<p>Contenido de la caja:<\/p>\n<ul>\n<li>1 tap\u00f3n embellecedor.<\/li>\n<li>1 tap\u00f3n de apagado.<\/li>\n<li>1 mini embudo.<\/li>\n<li>1 mecha.<\/li>\n<li>Instrucciones.<\/li>\n<li><strong>L\u00edquido no incluido.<\/strong><\/li>\n<\/ul>\n<p>&nbsp;<\/p>\n","protected":false},"featured_media":972,"comment_status":"open","ping_status":"closed","template":"","meta":{"_joinchat":[]},"product_brand":[],"product_cat":[26,136,135],"product_tag":[42,138,150],"class_list":{"0":"post-760","1":"product","2":"type-product","3":"status-publish","4":"has-post-thumbnail","6":"product_cat-boles-dolor-un-mundo-de-suenos-fragantes","7":"product_cat-lamparas","8":"product_cat-lamparas-cataliticas","9":"product_tag-ambientador","10":"product_tag-genie-lamp","11":"product_tag-lampara-catalitica","12":"latest_post","14":"first","15":"instock","16":"taxable","17":"shipping-taxable","18":"purchasable","19":"product-type-simple"},"yoast_head":"<!-- This site is optimized with the Yoast SEO plugin v27.4 - https:\/\/yoast.com\/product\/yoast-seo-wordpress\/ -->\n<title>Genie Lamp Half Moon Crocus Petal - Anaroma Nature - Tienda<\/title>\n<meta name=\"description\" content=\"Genie Lamp Crocus Petal. Boles d&#039;olor presenta su l\u00ednea de L\u00e1mparas Catal\u00edticas o Genie Lamp. Las l\u00e1mparas catal\u00edticas se vienen usando desde\" \/>\n<meta name=\"robots\" content=\"index, follow, max-snippet:-1, max-image-preview:large, max-video-preview:-1\" \/>\n<link rel=\"canonical\" href=\"https:\/\/www.anaromanature.com\/index.php\/producto\/genie-lamp-half-moon-crocus-petal\/\" \/>\n<meta property=\"og:locale\" content=\"es_ES\" \/>\n<meta property=\"og:type\" content=\"article\" \/>\n<meta property=\"og:title\" content=\"Genie Lamp Half Moon Crocus Petal - Anaroma Nature - Tienda\" \/>\n<meta property=\"og:description\" content=\"Genie Lamp Crocus Petal. Boles d&#039;olor presenta su l\u00ednea de L\u00e1mparas Catal\u00edticas o Genie Lamp. Las l\u00e1mparas catal\u00edticas se vienen usando desde\" \/>\n<meta property=\"og:url\" content=\"https:\/\/www.anaromanature.com\/index.php\/producto\/genie-lamp-half-moon-crocus-petal\/\" \/>\n<meta property=\"og:site_name\" content=\"Anaroma Nature\" \/>\n<meta property=\"article:publisher\" content=\"http:\/\/facebook.com\/Anaroma-326324794814915\" \/>\n<meta property=\"article:modified_time\" content=\"2025-01-10T16:11:06+00:00\" \/>\n<meta property=\"og:image\" content=\"https:\/\/www.anaromanature.com\/wp-content\/uploads\/2021\/02\/Genie-Lamp-Half-Moon-Crocus-Petal-0299007-scaled.jpg\" \/>\n\t<meta property=\"og:image:width\" content=\"600\" \/>\n\t<meta property=\"og:image:height\" content=\"600\" \/>\n\t<meta property=\"og:image:type\" content=\"image\/jpeg\" \/>\n<meta name=\"twitter:card\" content=\"summary_large_image\" \/>\n<meta name=\"twitter:label1\" content=\"Tiempo de lectura\" \/>\n\t<meta name=\"twitter:data1\" content=\"2 minutos\" \/>\n<script type=\"application\/ld+json\" class=\"yoast-schema-graph\">{\"@context\":\"https:\\\/\\\/schema.org\",\"@graph\":[{\"@type\":\"WebPage\",\"@id\":\"https:\\\/\\\/www.anaromanature.com\\\/index.php\\\/producto\\\/genie-lamp-half-moon-crocus-petal\\\/\",\"url\":\"https:\\\/\\\/www.anaromanature.com\\\/index.php\\\/producto\\\/genie-lamp-half-moon-crocus-petal\\\/\",\"name\":\"Genie Lamp Half Moon Crocus Petal - Anaroma Nature - Tienda\",\"isPartOf\":{\"@id\":\"https:\\\/\\\/www.anaromanature.com\\\/#website\"},\"primaryImageOfPage\":{\"@id\":\"https:\\\/\\\/www.anaromanature.com\\\/index.php\\\/producto\\\/genie-lamp-half-moon-crocus-petal\\\/#primaryimage\"},\"image\":{\"@id\":\"https:\\\/\\\/www.anaromanature.com\\\/index.php\\\/producto\\\/genie-lamp-half-moon-crocus-petal\\\/#primaryimage\"},\"thumbnailUrl\":\"https:\\\/\\\/www.anaromanature.com\\\/wp-content\\\/uploads\\\/2021\\\/02\\\/Genie-Lamp-Half-Moon-Crocus-Petal-0299007-scaled.jpg\",\"datePublished\":\"2021-02-07T18:59:34+00:00\",\"dateModified\":\"2025-01-10T16:11:06+00:00\",\"description\":\"Genie Lamp Crocus Petal. Boles d'olor presenta su l\u00ednea de L\u00e1mparas Catal\u00edticas o Genie Lamp. Las l\u00e1mparas catal\u00edticas se vienen usando desde\",\"breadcrumb\":{\"@id\":\"https:\\\/\\\/www.anaromanature.com\\\/index.php\\\/producto\\\/genie-lamp-half-moon-crocus-petal\\\/#breadcrumb\"},\"inLanguage\":\"es\",\"potentialAction\":[{\"@type\":\"ReadAction\",\"target\":[\"https:\\\/\\\/www.anaromanature.com\\\/index.php\\\/producto\\\/genie-lamp-half-moon-crocus-petal\\\/\"]}]},{\"@type\":\"ImageObject\",\"inLanguage\":\"es\",\"@id\":\"https:\\\/\\\/www.anaromanature.com\\\/index.php\\\/producto\\\/genie-lamp-half-moon-crocus-petal\\\/#primaryimage\",\"url\":\"https:\\\/\\\/www.anaromanature.com\\\/wp-content\\\/uploads\\\/2021\\\/02\\\/Genie-Lamp-Half-Moon-Crocus-Petal-0299007-scaled.jpg\",\"contentUrl\":\"https:\\\/\\\/www.anaromanature.com\\\/wp-content\\\/uploads\\\/2021\\\/02\\\/Genie-Lamp-Half-Moon-Crocus-Petal-0299007-scaled.jpg\",\"width\":600,\"height\":600,\"caption\":\"Genie Lamp Half Moon Crocus Petal 0299007\"},{\"@type\":\"BreadcrumbList\",\"@id\":\"https:\\\/\\\/www.anaromanature.com\\\/index.php\\\/producto\\\/genie-lamp-half-moon-crocus-petal\\\/#breadcrumb\",\"itemListElement\":[{\"@type\":\"ListItem\",\"position\":1,\"name\":\"Portada\",\"item\":\"https:\\\/\\\/www.anaromanature.com\\\/\"},{\"@type\":\"ListItem\",\"position\":2,\"name\":\"Tienda\",\"item\":\"https:\\\/\\\/www.anaromanature.com\\\/index.php\\\/tienda-premium-online-anarome-nature\\\/\"},{\"@type\":\"ListItem\",\"position\":3,\"name\":\"Genie Lamp Half Moon Crocus Petal\"}]},{\"@type\":\"WebSite\",\"@id\":\"https:\\\/\\\/www.anaromanature.com\\\/#website\",\"url\":\"https:\\\/\\\/www.anaromanature.com\\\/\",\"name\":\"Anaroma Nature\",\"description\":\"Aromas y color\",\"publisher\":{\"@id\":\"https:\\\/\\\/www.anaromanature.com\\\/#organization\"},\"potentialAction\":[{\"@type\":\"SearchAction\",\"target\":{\"@type\":\"EntryPoint\",\"urlTemplate\":\"https:\\\/\\\/www.anaromanature.com\\\/?s={search_term_string}\"},\"query-input\":{\"@type\":\"PropertyValueSpecification\",\"valueRequired\":true,\"valueName\":\"search_term_string\"}}],\"inLanguage\":\"es\"},{\"@type\":\"Organization\",\"@id\":\"https:\\\/\\\/www.anaromanature.com\\\/#organization\",\"name\":\"Anaroma Nature\",\"url\":\"https:\\\/\\\/www.anaromanature.com\\\/\",\"logo\":{\"@type\":\"ImageObject\",\"inLanguage\":\"es\",\"@id\":\"https:\\\/\\\/www.anaromanature.com\\\/#\\\/schema\\\/logo\\\/image\\\/\",\"url\":\"https:\\\/\\\/i2.wp.com\\\/www.anaromanature.com\\\/wp-content\\\/uploads\\\/2021\\\/02\\\/cropped-Logotipo-Anaroma-2.png?fit=290%2C288&ssl=1\",\"contentUrl\":\"https:\\\/\\\/i2.wp.com\\\/www.anaromanature.com\\\/wp-content\\\/uploads\\\/2021\\\/02\\\/cropped-Logotipo-Anaroma-2.png?fit=290%2C288&ssl=1\",\"width\":290,\"height\":288,\"caption\":\"Anaroma Nature\"},\"image\":{\"@id\":\"https:\\\/\\\/www.anaromanature.com\\\/#\\\/schema\\\/logo\\\/image\\\/\"},\"sameAs\":[\"http:\\\/\\\/facebook.com\\\/Anaroma-326324794814915\",\"http:\\\/\\\/instagram.com\\\/anaromanature\"]}]}<\/script>\n<!-- \/ Yoast SEO plugin. -->","yoast_head_json":{"title":"Genie Lamp Half Moon Crocus Petal - Anaroma Nature - Tienda","description":"Genie Lamp Crocus Petal. Boles d'olor presenta su l\u00ednea de L\u00e1mparas Catal\u00edticas o Genie Lamp. Las l\u00e1mparas catal\u00edticas se vienen usando desde","robots":{"index":"index","follow":"follow","max-snippet":"max-snippet:-1","max-image-preview":"max-image-preview:large","max-video-preview":"max-video-preview:-1"},"canonical":"https:\/\/www.anaromanature.com\/index.php\/producto\/genie-lamp-half-moon-crocus-petal\/","og_locale":"es_ES","og_type":"article","og_title":"Genie Lamp Half Moon Crocus Petal - Anaroma Nature - Tienda","og_description":"Genie Lamp Crocus Petal. Boles d'olor presenta su l\u00ednea de L\u00e1mparas Catal\u00edticas o Genie Lamp. Las l\u00e1mparas catal\u00edticas se vienen usando desde","og_url":"https:\/\/www.anaromanature.com\/index.php\/producto\/genie-lamp-half-moon-crocus-petal\/","og_site_name":"Anaroma Nature","article_publisher":"http:\/\/facebook.com\/Anaroma-326324794814915","article_modified_time":"2025-01-10T16:11:06+00:00","og_image":[{"width":600,"height":600,"url":"https:\/\/www.anaromanature.com\/wp-content\/uploads\/2021\/02\/Genie-Lamp-Half-Moon-Crocus-Petal-0299007-scaled.jpg","type":"image\/jpeg"}],"twitter_card":"summary_large_image","twitter_misc":{"Tiempo de lectura":"2 minutos"},"schema":{"@context":"https:\/\/schema.org","@graph":[{"@type":"WebPage","@id":"https:\/\/www.anaromanature.com\/index.php\/producto\/genie-lamp-half-moon-crocus-petal\/","url":"https:\/\/www.anaromanature.com\/index.php\/producto\/genie-lamp-half-moon-crocus-petal\/","name":"Genie Lamp Half Moon Crocus Petal - Anaroma Nature - Tienda","isPartOf":{"@id":"https:\/\/www.anaromanature.com\/#website"},"primaryImageOfPage":{"@id":"https:\/\/www.anaromanature.com\/index.php\/producto\/genie-lamp-half-moon-crocus-petal\/#primaryimage"},"image":{"@id":"https:\/\/www.anaromanature.com\/index.php\/producto\/genie-lamp-half-moon-crocus-petal\/#primaryimage"},"thumbnailUrl":"https:\/\/www.anaromanature.com\/wp-content\/uploads\/2021\/02\/Genie-Lamp-Half-Moon-Crocus-Petal-0299007-scaled.jpg","datePublished":"2021-02-07T18:59:34+00:00","dateModified":"2025-01-10T16:11:06+00:00","description":"Genie Lamp Crocus Petal. Boles d'olor presenta su l\u00ednea de L\u00e1mparas Catal\u00edticas o Genie Lamp. Las l\u00e1mparas catal\u00edticas se vienen usando desde","breadcrumb":{"@id":"https:\/\/www.anaromanature.com\/index.php\/producto\/genie-lamp-half-moon-crocus-petal\/#breadcrumb"},"inLanguage":"es","potentialAction":[{"@type":"ReadAction","target":["https:\/\/www.anaromanature.com\/index.php\/producto\/genie-lamp-half-moon-crocus-petal\/"]}]},{"@type":"ImageObject","inLanguage":"es","@id":"https:\/\/www.anaromanature.com\/index.php\/producto\/genie-lamp-half-moon-crocus-petal\/#primaryimage","url":"https:\/\/www.anaromanature.com\/wp-content\/uploads\/2021\/02\/Genie-Lamp-Half-Moon-Crocus-Petal-0299007-scaled.jpg","contentUrl":"https:\/\/www.anaromanature.com\/wp-content\/uploads\/2021\/02\/Genie-Lamp-Half-Moon-Crocus-Petal-0299007-scaled.jpg","width":600,"height":600,"caption":"Genie Lamp Half Moon Crocus Petal 0299007"},{"@type":"BreadcrumbList","@id":"https:\/\/www.anaromanature.com\/index.php\/producto\/genie-lamp-half-moon-crocus-petal\/#breadcrumb","itemListElement":[{"@type":"ListItem","position":1,"name":"Portada","item":"https:\/\/www.anaromanature.com\/"},{"@type":"ListItem","position":2,"name":"Tienda","item":"https:\/\/www.anaromanature.com\/index.php\/tienda-premium-online-anarome-nature\/"},{"@type":"ListItem","position":3,"name":"Genie Lamp Half Moon Crocus Petal"}]},{"@type":"WebSite","@id":"https:\/\/www.anaromanature.com\/#website","url":"https:\/\/www.anaromanature.com\/","name":"Anaroma Nature","description":"Aromas y color","publisher":{"@id":"https:\/\/www.anaromanature.com\/#organization"},"potentialAction":[{"@type":"SearchAction","target":{"@type":"EntryPoint","urlTemplate":"https:\/\/www.anaromanature.com\/?s={search_term_string}"},"query-input":{"@type":"PropertyValueSpecification","valueRequired":true,"valueName":"search_term_string"}}],"inLanguage":"es"},{"@type":"Organization","@id":"https:\/\/www.anaromanature.com\/#organization","name":"Anaroma Nature","url":"https:\/\/www.anaromanature.com\/","logo":{"@type":"ImageObject","inLanguage":"es","@id":"https:\/\/www.anaromanature.com\/#\/schema\/logo\/image\/","url":"https:\/\/i2.wp.com\/www.anaromanature.com\/wp-content\/uploads\/2021\/02\/cropped-Logotipo-Anaroma-2.png?fit=290%2C288&ssl=1","contentUrl":"https:\/\/i2.wp.com\/www.anaromanature.com\/wp-content\/uploads\/2021\/02\/cropped-Logotipo-Anaroma-2.png?fit=290%2C288&ssl=1","width":290,"height":288,"caption":"Anaroma Nature"},"image":{"@id":"https:\/\/www.anaromanature.com\/#\/schema\/logo\/image\/"},"sameAs":["http:\/\/facebook.com\/Anaroma-326324794814915","http:\/\/instagram.com\/anaromanature"]}]}},"_links":{"self":[{"href":"https:\/\/www.anaromanature.com\/index.php\/wp-json\/wp\/v2\/product\/760","targetHints":{"allow":["GET"]}}],"collection":[{"href":"https:\/\/www.anaromanature.com\/index.php\/wp-json\/wp\/v2\/product"}],"about":[{"href":"https:\/\/www.anaromanature.com\/index.php\/wp-json\/wp\/v2\/types\/product"}],"replies":[{"embeddable":true,"href":"https:\/\/www.anaromanature.com\/index.php\/wp-json\/wp\/v2\/comments?post=760"}],"wp:featuredmedia":[{"embeddable":true,"href":"https:\/\/www.anaromanature.com\/index.php\/wp-json\/wp\/v2\/media\/972"}],"wp:attachment":[{"href":"https:\/\/www.anaromanature.com\/index.php\/wp-json\/wp\/v2\/media?parent=760"}],"wp:term":[{"taxonomy":"product_brand","embeddable":true,"href":"https:\/\/www.anaromanature.com\/index.php\/wp-json\/wp\/v2\/product_brand?post=760"},{"taxonomy":"product_cat","embeddable":true,"href":"https:\/\/www.anaromanature.com\/index.php\/wp-json\/wp\/v2\/product_cat?post=760"},{"taxonomy":"product_tag","embeddable":true,"href":"https:\/\/www.anaromanature.com\/index.php\/wp-json\/wp\/v2\/product_tag?post=760"}],"curies":[{"name":"wp","href":"https:\/\/api.w.org\/{rel}","templated":true}]}}